{"id":9911,"date":"2021-12-13T10:30:10","date_gmt":"2021-12-13T10:30:10","guid":{"rendered":"https:\/\/paymentdiscounter.com\/?post_type=product&#038;p=9911"},"modified":"2025-01-13T22:30:44","modified_gmt":"2025-01-13T22:30:44","slug":"woldline-yomova-stand-contour-tailwind","status":"publish","type":"product","link":"https:\/\/paymentdiscounter.com\/tr\/product\/woldline-yomova-stand-contour-tailwind\/","title":{"rendered":"Woldline Yomova Stand Kontur | Tailwind"},"content":{"rendered":"<p>Woldline Yomova Stand Konturu<br \/>\nWoldline Yomova Standart, sabit bir saya\u00e7 kurulumuna sahip giri\u015fimciler i\u00e7in idealdir. D\u00f6ner taban, worldline terminaliniz i\u00e7in sabit bir konum sa\u011flar ve tezgah\u0131n\u0131zda ihtiya\u00e7 duyulan alan\u0131 azalt\u0131r. Kaza riskini azalt\u0131r ve makinenizin sudan veya d\u00fc\u015fmeden zarar g\u00f6rmesini \u00f6nlemeye yard\u0131mc\u0131 olur.<\/p>\n<p>Worldline Direk modellerde mevcuttur: Al\u00e7ak | Y\u00fcksek | Duvara montaj.<br \/>\nYomova Dire\u011fi, \u00fcr\u00fcnle birlikte verilen yap\u0131\u015fkan \u015ferit veya vida seti kullan\u0131larak tak\u0131labilir.<\/p>\n<p>Faydalar\u0131<\/p>\n<ul>\n<li>Art\u0131r\u0131lm\u0131\u015f ve g\u00fc\u00e7lendirilmi\u015f montaj \u00e7\u00f6z\u00fcm\u00fc.<\/li>\n<li>140 dereceye kadar e\u011filebilir.<\/li>\n<li>330 dereceye kadar d\u00f6nd\u00fcr\u00fclebilir.<\/li>\n<li>Montaj plakas\u0131 dahil olarak teslim edilir.<\/li>\n<li>Vida veya yap\u0131\u015fkan \u015feritlerle tutturulabilir.<\/li>\n<li>Kablolar\u0131n kopmas\u0131n\u0131 \u00f6nler.<\/li>\n<\/ul>\n<p>&nbsp;<\/p>","protected":false},"excerpt":{"rendered":"<p>Woldline Yomova Pole, \u00f6deme terminalinizin tezgah\u0131n\u0131za veya duvar\u0131n\u0131za kolayca tak\u0131lmas\u0131n\u0131 sa\u011flar. 330c'ye kadar d\u00f6nd\u00fcr\u00fclebilir ve hem giri\u015fimci hem de m\u00fc\u015fteri i\u00e7in kullan\u0131m\u0131 kolayd\u0131r. Hasar\u0131 \u00f6nlemeye yard\u0131mc\u0131 olur ve \u00f6deme terminalinizin daha uzun s\u00fcre iyi durumda kalmas\u0131n\u0131 sa\u011flar.<\/p>","protected":false},"featured_media":9912,"comment_status":"closed","ping_status":"closed","template":"","meta":[],"product_cat":[804,834],"product_tag":[1917,3349,1326,768,939,940],"acf":[],"_links":{"self":[{"href":"https:\/\/paymentdiscounter.com\/tr\/wp-json\/wp\/v2\/product\/9911"}],"collection":[{"href":"https:\/\/paymentdiscounter.com\/tr\/wp-json\/wp\/v2\/product"}],"about":[{"href":"https:\/\/paymentdiscounter.com\/tr\/wp-json\/wp\/v2\/types\/product"}],"replies":[{"embeddable":true,"href":"https:\/\/paymentdiscounter.com\/tr\/wp-json\/wp\/v2\/comments?post=9911"}],"version-history":[{"count":5,"href":"https:\/\/paymentdiscounter.com\/tr\/wp-json\/wp\/v2\/product\/9911\/revisions"}],"predecessor-version":[{"id":26881,"href":"https:\/\/paymentdiscounter.com\/tr\/wp-json\/wp\/v2\/product\/9911\/revisions\/26881"}],"wp:featuredmedia":[{"embeddable":true,"href":"https:\/\/paymentdiscounter.com\/tr\/wp-json\/wp\/v2\/media\/9912"}],"wp:attachment":[{"href":"https:\/\/paymentdiscounter.com\/tr\/wp-json\/wp\/v2\/media?parent=9911"}],"wp:term":[{"taxonomy":"product_cat","embeddable":true,"href":"https:\/\/paymentdiscounter.com\/tr\/wp-json\/wp\/v2\/product_cat?post=9911"},{"taxonomy":"product_tag","embeddable":true,"href":"https:\/\/paymentdiscounter.com\/tr\/wp-json\/wp\/v2\/product_tag?post=9911"}],"curies":[{"name":"wp","href":"https:\/\/api.w.org\/{rel}","templated":true}]}}