{"id":9852,"date":"2021-12-12T12:31:55","date_gmt":"2021-12-12T12:31:55","guid":{"rendered":"https:\/\/paymentdiscounter.com\/?post_type=product&#038;p=9852"},"modified":"2024-01-11T22:42:08","modified_gmt":"2024-01-11T22:42:08","slug":"verifone-vx820-drive-true-stick-tailwind-2","status":"publish","type":"product","link":"https:\/\/paymentdiscounter.com\/tr\/product\/verifone-vx820-drive-true-stick-tailwind-2\/","title":{"rendered":"Verifone Vx820 s\u00fcr\u00fcc\u00fc ger\u00e7ek \u00e7ubuk | Tailwind"},"content":{"rendered":"<p>Verifone Vx820 s\u00fcr\u00fcc\u00fc ger\u00e7ek \u00e7ubuk | TailwindVerifone Vx820 s\u00fcr\u00fcc\u00fc ger\u00e7ek \u00e7ubuk | TailwindVerifone Vx820 s\u00fcr\u00fcc\u00fc ger\u00e7ek \u00e7ubuk | TailwindVerifone Vx820 s\u00fcr\u00fcc\u00fc ger\u00e7ek \u00e7ubuk | TailwindVerifone Vx820 s\u00fcr\u00fcc\u00fc ger\u00e7ek \u00e7ubuk | Tailwind<\/p>","protected":false},"excerpt":{"rendered":"<p>Verifone P400 Tutucu ile \u00f6deme terminalinizi tezgah\u0131n\u0131za veya bankonuza kolayca takabilirsiniz. ATM tutucusu 330c'ye kadar d\u00f6nd\u00fcr\u00fclebilir ve bu nedenle hem m\u00fc\u015fteri hem de \u00e7al\u0131\u015fanlar\u0131n\u0131z i\u00e7in kullan\u0131m\u0131 kolayd\u0131r. Ayr\u0131ca hasar\u0131 \u00f6nlemeye yard\u0131mc\u0131 olur ve i\u015f yerinizde daha fazla genel bak\u0131\u015f sa\u011flar.<\/p>","protected":false},"featured_media":9855,"comment_status":"open","ping_status":"closed","template":"","meta":[],"product_cat":[791,780],"product_tag":[908,909,1326,776,911],"acf":[],"_links":{"self":[{"href":"https:\/\/paymentdiscounter.com\/tr\/wp-json\/wp\/v2\/product\/9852"}],"collection":[{"href":"https:\/\/paymentdiscounter.com\/tr\/wp-json\/wp\/v2\/product"}],"about":[{"href":"https:\/\/paymentdiscounter.com\/tr\/wp-json\/wp\/v2\/types\/product"}],"replies":[{"embeddable":true,"href":"https:\/\/paymentdiscounter.com\/tr\/wp-json\/wp\/v2\/comments?post=9852"}],"version-history":[{"count":2,"href":"https:\/\/paymentdiscounter.com\/tr\/wp-json\/wp\/v2\/product\/9852\/revisions"}],"predecessor-version":[{"id":26306,"href":"https:\/\/paymentdiscounter.com\/tr\/wp-json\/wp\/v2\/product\/9852\/revisions\/26306"}],"wp:featuredmedia":[{"embeddable":true,"href":"https:\/\/paymentdiscounter.com\/tr\/wp-json\/wp\/v2\/media\/9855"}],"wp:attachment":[{"href":"https:\/\/paymentdiscounter.com\/tr\/wp-json\/wp\/v2\/media?parent=9852"}],"wp:term":[{"taxonomy":"product_cat","embeddable":true,"href":"https:\/\/paymentdiscounter.com\/tr\/wp-json\/wp\/v2\/product_cat?post=9852"},{"taxonomy":"product_tag","embeddable":true,"href":"https:\/\/paymentdiscounter.com\/tr\/wp-json\/wp\/v2\/product_tag?post=9852"}],"curies":[{"name":"wp","href":"https:\/\/api.w.org\/{rel}","templated":true}]}}