{"id":9848,"date":"2021-12-12T12:24:45","date_gmt":"2021-12-12T12:24:45","guid":{"rendered":"https:\/\/paymentdiscounter.com\/?post_type=product&#038;p=9848"},"modified":"2025-01-13T22:30:18","modified_gmt":"2025-01-13T22:30:18","slug":"verifone-vx820-stand-konturu","status":"publish","type":"product","link":"https:\/\/paymentdiscounter.com\/tr\/product\/verifone-vx820-stand-konturu\/","title":{"rendered":"Verifone Vx820 Stand Konturu"},"content":{"rendered":"<p>Verifone Vx820 Kontur Dire\u011fi<br \/>\nVerifone Vx820 Pole, sabit tezgah\u0131 olan ma\u011fazalar i\u00e7in idealdir. Bir \u00f6deme terminali stand\u0131, terminaliniz i\u00e7in sabit bir konum sa\u011flar ve tezgah\u0131n\u0131zda ihtiya\u00e7 duyulan alan\u0131 azalt\u0131r.<\/p>\n<p>Ayr\u0131ca kaza ve hasar riskini de azalt\u0131r. Verifone \u00f6deme dire\u011fi modellerde mevcuttur: Al\u00e7ak | Y\u00fcksek | Duvara sabit. Yap\u0131\u015fkan \u015ferit veya sat\u0131n alma i\u015flemine dahil olan vida seti kullan\u0131larak tak\u0131labilir.<\/p>\n<p>Faydalar\u0131<\/p>\n<ul>\n<li>Hepsi bir arada Montaj \u00e7\u00f6z\u00fcm\u00fc.<\/li>\n<li>140 dereceye kadar e\u011filebilir.<\/li>\n<li>330 dereceye kadar d\u00f6nd\u00fcr\u00fclebilir.<\/li>\n<li>Montaj plakas\u0131 dahildir.<\/li>\n<li>Vidalar veya yap\u0131\u015fkan bir \u015ferit ile kolayca tak\u0131l\u0131r.<\/li>\n<li>Kablolar\u0131n kopmas\u0131n\u0131 \u00f6nler.<\/li>\n<\/ul>\n<p>&nbsp;<\/p>","protected":false},"excerpt":{"rendered":"<p>Verifone Vx820 Direk, \u00f6deme terminalinizin tezgah\u0131n\u0131za veya duvar\u0131n\u0131za kolayca tak\u0131lmas\u0131n\u0131 sa\u011flar. 330c'ye kadar d\u00f6nd\u00fcr\u00fclebilir ve hem giri\u015fimci hem de m\u00fc\u015fteri i\u00e7in kullan\u0131m\u0131 kolayd\u0131r. Ayr\u0131ca hasar\u0131 \u00f6nlemeye yard\u0131mc\u0131 olur ve \u00f6deme terminalinizi daha uzun s\u00fcre daha iyi durumda tutar.<\/p>","protected":false},"featured_media":14565,"comment_status":"closed","ping_status":"closed","template":"","meta":[],"product_cat":[791,780],"product_tag":[1917,3349,1326,768,776,3338,781,913],"acf":[],"_links":{"self":[{"href":"https:\/\/paymentdiscounter.com\/tr\/wp-json\/wp\/v2\/product\/9848"}],"collection":[{"href":"https:\/\/paymentdiscounter.com\/tr\/wp-json\/wp\/v2\/product"}],"about":[{"href":"https:\/\/paymentdiscounter.com\/tr\/wp-json\/wp\/v2\/types\/product"}],"replies":[{"embeddable":true,"href":"https:\/\/paymentdiscounter.com\/tr\/wp-json\/wp\/v2\/comments?post=9848"}],"version-history":[{"count":5,"href":"https:\/\/paymentdiscounter.com\/tr\/wp-json\/wp\/v2\/product\/9848\/revisions"}],"predecessor-version":[{"id":26307,"href":"https:\/\/paymentdiscounter.com\/tr\/wp-json\/wp\/v2\/product\/9848\/revisions\/26307"}],"wp:featuredmedia":[{"embeddable":true,"href":"https:\/\/paymentdiscounter.com\/tr\/wp-json\/wp\/v2\/media\/14565"}],"wp:attachment":[{"href":"https:\/\/paymentdiscounter.com\/tr\/wp-json\/wp\/v2\/media?parent=9848"}],"wp:term":[{"taxonomy":"product_cat","embeddable":true,"href":"https:\/\/paymentdiscounter.com\/tr\/wp-json\/wp\/v2\/product_cat?post=9848"},{"taxonomy":"product_tag","embeddable":true,"href":"https:\/\/paymentdiscounter.com\/tr\/wp-json\/wp\/v2\/product_tag?post=9848"}],"curies":[{"name":"wp","href":"https:\/\/api.w.org\/{rel}","templated":true}]}}