{"id":9602,"date":"2021-12-11T20:57:09","date_gmt":"2021-12-11T20:57:09","guid":{"rendered":"https:\/\/paymentdiscounter.com\/?post_type=product&#038;p=9602"},"modified":"2025-01-13T22:35:48","modified_gmt":"2025-01-13T22:35:48","slug":"verifone-p400-stand-komple-kuyruk-ruzgari","status":"publish","type":"product","link":"https:\/\/paymentdiscounter.com\/tr\/product\/verifone-p400-stand-komple-kuyruk-ruzgari\/","title":{"rendered":"Verifone P400 Stand Komple | Tailwind"},"content":{"rendered":"<p>Verifone P400 Stand Komple | Tailwind<br \/>\nVerifone P400 tutucu, ATM'nizi bir bankoya veya tezgaha sabitlemek i\u00e7in ideal y\u00f6ntemdir. Tutucu, gerekti\u011finde \u00f6deme terminalinin kolayca d\u00f6nd\u00fcr\u00fclebilmesi i\u00e7in d\u00f6ner bir tabanla donat\u0131lm\u0131\u015ft\u0131r. Ayr\u0131ca, g\u00f6r\u00fcnt\u00fcleme y\u00f6n\u00fcn\u00fc yukar\u0131dan a\u015fa\u011f\u0131ya do\u011fru kolayca ayarlayabilirsiniz. Bu, tekerlekli sandalyedeki insanlar i\u00e7in kullan\u0131\u015fl\u0131 bir ek olabilir.<\/p>\n<p>Verifone tutucunun 3 modeli mevcuttur:<br \/>\n- 18 cm y\u00fcksekli\u011finde sabit bir tutucu. Bu standart ve en \u00e7ok satan modeldir.<br \/>\n- Y\u00fcksekli\u011fi daha d\u00fc\u015f\u00fck olan sabit bir Kompakt model. Bu model d\u00f6nd\u00fcr\u00fclebilir ve 1 y\u00f6nde sabitlenir.<br \/>\n- Son model, duvar\u0131n\u0131za veya duvara monte edilmek \u00fczere tasarlanm\u0131\u015ft\u0131r. Bu genellikle ATM'nin kasaya yak\u0131n yerle\u015ftirildi\u011fi kafe veya barlarda kullan\u0131l\u0131r.<\/p>\n<p>Verifone P400 pim tutucu, birlikte verilen yap\u0131\u015fkan \u015ferit ve vida seti kullan\u0131larak kolayca tak\u0131labilir.<\/p>\n<p>Avantajlar<br \/>\nATM'nizi y\u00fckseltti ve g\u00fc\u00e7lendirdi.<br \/>\nTutucu 140 dereceye kadar e\u011filebilir<br \/>\n330 dereceye kadar d\u00f6nd\u00fcr\u00fclebilir (kompakt model hari\u00e7)<br \/>\nMontaj plakas\u0131 ile kolayca tak\u0131labilir.<br \/>\n\u0130ste\u011fe ba\u011fl\u0131 olarak yuvarlak bir yap\u0131\u015fkan \u015ferit ile tutturulabilir.<br \/>\nKablolar\u0131n k\u0131r\u0131larak hasar g\u00f6rmesini \u00f6nler.<br \/>\nVerifone P400 tutucuyu web ma\u011fazam\u0131zdan sipari\u015f etmek kolayd\u0131r. Ma\u011fazadaki t\u00fcm P400 aksesuarlar\u0131n\u0131 g\u00f6r\u00fcnt\u00fcleyin veya daha fazla bilgi i\u00e7in y\u00fck\u00fcml\u00fcl\u00fck alt\u0131na girmeden bizimle ileti\u015fime ge\u00e7in.<\/p>","protected":false},"excerpt":{"rendered":"<p>Verifone P400 Tutucu ile \u00f6deme terminalinizi tezgah\u0131n\u0131za veya bankonuza kolayca takabilirsiniz. ATM tutucusu 330c'ye kadar d\u00f6nd\u00fcr\u00fclebilir ve bu nedenle hem m\u00fc\u015fteri hem de \u00e7al\u0131\u015fanlar\u0131n\u0131z i\u00e7in kullan\u0131m\u0131 kolayd\u0131r. Ayr\u0131ca hasar\u0131 \u00f6nlemeye yard\u0131mc\u0131 olur ve i\u015f yerinizde daha fazla genel bak\u0131\u015f sa\u011flar.<\/p>","protected":false},"featured_media":9603,"comment_status":"closed","ping_status":"closed","template":"","meta":[],"product_cat":[791,824],"product_tag":[3349,2615,3340,908,909,1326,776,3338,911],"acf":[],"_links":{"self":[{"href":"https:\/\/paymentdiscounter.com\/tr\/wp-json\/wp\/v2\/product\/9602"}],"collection":[{"href":"https:\/\/paymentdiscounter.com\/tr\/wp-json\/wp\/v2\/product"}],"about":[{"href":"https:\/\/paymentdiscounter.com\/tr\/wp-json\/wp\/v2\/types\/product"}],"replies":[{"embeddable":true,"href":"https:\/\/paymentdiscounter.com\/tr\/wp-json\/wp\/v2\/comments?post=9602"}],"version-history":[{"count":4,"href":"https:\/\/paymentdiscounter.com\/tr\/wp-json\/wp\/v2\/product\/9602\/revisions"}],"predecessor-version":[{"id":26329,"href":"https:\/\/paymentdiscounter.com\/tr\/wp-json\/wp\/v2\/product\/9602\/revisions\/26329"}],"wp:featuredmedia":[{"embeddable":true,"href":"https:\/\/paymentdiscounter.com\/tr\/wp-json\/wp\/v2\/media\/9603"}],"wp:attachment":[{"href":"https:\/\/paymentdiscounter.com\/tr\/wp-json\/wp\/v2\/media?parent=9602"}],"wp:term":[{"taxonomy":"product_cat","embeddable":true,"href":"https:\/\/paymentdiscounter.com\/tr\/wp-json\/wp\/v2\/product_cat?post=9602"},{"taxonomy":"product_tag","embeddable":true,"href":"https:\/\/paymentdiscounter.com\/tr\/wp-json\/wp\/v2\/product_tag?post=9602"}],"curies":[{"name":"wp","href":"https:\/\/api.w.org\/{rel}","templated":true}]}}