{"id":8791,"date":"2021-12-01T11:03:46","date_gmt":"2021-12-01T11:03:46","guid":{"rendered":"https:\/\/paymentdiscounter.com\/?post_type=product&#038;p=8791"},"modified":"2024-03-05T01:07:36","modified_gmt":"2024-03-05T01:07:36","slug":"verifone-p400-islak-kapak","status":"publish","type":"product","link":"https:\/\/paymentdiscounter.com\/tr\/product\/verifone-p400-islak-kapak\/","title":{"rendered":"Verifone P400 Islak Kapak"},"content":{"rendered":"<p>Verifone P400 Islak Kapak<br \/>\n\u00d6deme terminali \u015firketinizin pahal\u0131 bir par\u00e7as\u0131d\u0131r. P400 Wetcover su hasar\u0131n\u0131 \u00f6nler ve \u00f6deme terminalinizin daha uzun s\u00fcre iyi durumda kalmas\u0131n\u0131 sa\u011flar. Pinleme giderek daha pop\u00fcler hale gelmektedir ve bir ar\u0131za durumunda bu durum ciro kayb\u0131na neden olabilir. P400 koruyucu kapak, tu\u015flar\u0131n aras\u0131na s\u0131v\u0131 girmemesini ve beklenmedik maliyetlerle kar\u015f\u0131 kar\u015f\u0131ya kalmaman\u0131z\u0131 sa\u011flar.<\/p>\n<p>Wetcover'\u0131n yap\u0131\u015fkan \u015ferit kullan\u0131larak tak\u0131lmas\u0131 kolayd\u0131r. \u00d6zellikle kafe gibi yeme i\u00e7me mekanlar\u0131 i\u00e7in ekstra koruma \u015fiddetle tavsiye edilir. Wetcover, P400 \u00f6deme terminalinizi nem veya i\u00e7ecek kazalar\u0131na kar\u015f\u0131 korur. Catering giri\u015fimcileri i\u00e7in son derece uygundur. P400 Wetcover'\u0131 \u00e7evrimi\u00e7i sipari\u015f edin.<\/p>\n<p>Ekstra koruma olarak bir ATM koruyucu k\u0131l\u0131f\u0131 da kullanabilirsiniz. Bu silikon k\u0131l\u0131f\u0131n ATM'nize yerle\u015ftirilmesi kolayd\u0131r ve terminalinizin zarar g\u00f6rmesini \u00f6nlemeye yard\u0131mc\u0131 olur. \u0130ki renk kombinasyonu mevcuttur.<\/p>","protected":false},"excerpt":{"rendered":"<p>Bir klavye korumas\u0131n\u0131n (\u0131slak kapak) kullan\u0131lmas\u0131 PIN'i s\u0131v\u0131lara, ya\u011fa, kire ve toza kar\u015f\u0131 korur. Bakteri birikimini \u00f6nler ve \u00f6deme terminalinizin daha uzun s\u00fcre iyi durumda kalmas\u0131n\u0131 sa\u011flar. Ayr\u0131ca, musluk alt\u0131nda veya bula\u015f\u0131k makinesinde temizlenmesi kolayd\u0131r. Restoranlar ve kafeler i\u00e7in ideal!<\/p>\n<p>&nbsp;<\/p>\n<p>\u0130\u00e7erik: 2 adet<\/p>","protected":false},"featured_media":9567,"comment_status":"closed","ping_status":"closed","template":"","meta":[],"product_cat":[791,824],"product_tag":[723,3340,726,776,3338,821],"acf":[],"_links":{"self":[{"href":"https:\/\/paymentdiscounter.com\/tr\/wp-json\/wp\/v2\/product\/8791"}],"collection":[{"href":"https:\/\/paymentdiscounter.com\/tr\/wp-json\/wp\/v2\/product"}],"about":[{"href":"https:\/\/paymentdiscounter.com\/tr\/wp-json\/wp\/v2\/types\/product"}],"replies":[{"embeddable":true,"href":"https:\/\/paymentdiscounter.com\/tr\/wp-json\/wp\/v2\/comments?post=8791"}],"version-history":[{"count":6,"href":"https:\/\/paymentdiscounter.com\/tr\/wp-json\/wp\/v2\/product\/8791\/revisions"}],"predecessor-version":[{"id":26328,"href":"https:\/\/paymentdiscounter.com\/tr\/wp-json\/wp\/v2\/product\/8791\/revisions\/26328"}],"wp:featuredmedia":[{"embeddable":true,"href":"https:\/\/paymentdiscounter.com\/tr\/wp-json\/wp\/v2\/media\/9567"}],"wp:attachment":[{"href":"https:\/\/paymentdiscounter.com\/tr\/wp-json\/wp\/v2\/media?parent=8791"}],"wp:term":[{"taxonomy":"product_cat","embeddable":true,"href":"https:\/\/paymentdiscounter.com\/tr\/wp-json\/wp\/v2\/product_cat?post=8791"},{"taxonomy":"product_tag","embeddable":true,"href":"https:\/\/paymentdiscounter.com\/tr\/wp-json\/wp\/v2\/product_tag?post=8791"}],"curies":[{"name":"wp","href":"https:\/\/api.w.org\/{rel}","templated":true}]}}