{"id":8762,"date":"2021-11-30T17:36:27","date_gmt":"2021-11-30T17:36:27","guid":{"rendered":"https:\/\/paymentdiscounter.com\/?post_type=product&#038;p=8762"},"modified":"2025-09-17T21:15:18","modified_gmt":"2025-09-17T21:15:18","slug":"verifone-v400m-kilif","status":"publish","type":"product","link":"https:\/\/paymentdiscounter.com\/tr\/product\/verifone-v400m-kilif\/","title":{"rendered":"Verifone V400m K\u0131l\u0131f"},"content":{"rendered":"<p>Verifone V400m K\u0131l\u0131f, \u00f6deme terminalinizin her zaman korunmas\u0131n\u0131 ve kolay eri\u015filmesini sa\u011flayan ince ve g\u00fcvenilir bir ta\u015f\u0131ma \u00e7antas\u0131d\u0131r. Sa\u011flam Cordura\u00ae kuma\u015ftan \u00fcretilen 75 g a\u011f\u0131rl\u0131\u011f\u0131ndaki bu hafif k\u0131l\u0131f, m\u00fckemmel y\u0131rt\u0131lma direnci, dayan\u0131kl\u0131l\u0131k ve uzun s\u00fcreli konfor sunar.<\/p>\n<p>Standart terminal modelleri i\u00e7in tasarlanan bu \u00fcr\u00fcn, g\u00fcvenli sabitleme i\u00e7in gizli bir Velcro kapama, ekstra rahatl\u0131k i\u00e7in dahili bir kalem tutucu ve daha fazla ta\u015f\u0131ma esnekli\u011fi i\u00e7in iste\u011fe ba\u011fl\u0131 omuz ask\u0131s\u0131 uyumlulu\u011fu i\u00e7erir.<\/p>\n<ul>\n<li>G\u00fc\u00e7l\u00fc Cordura\u00ae kuma\u015f: 5 y\u0131l garanti dahildir<\/li>\n<li>Hafif yap\u0131: Sadece 75 g<\/li>\n<li>Kolayl\u0131k i\u00e7in dahili kalem tutucu<\/li>\n<li>Gizli Velcro kapatma sistemi<\/li>\n<li>Opsiyonel omuz ask\u0131s\u0131 haz\u0131r<\/li>\n<li>Klasik \u00f6deme terminalleri i\u00e7in tasarlanm\u0131\u015ft\u0131r<\/li>\n<\/ul>","protected":false},"excerpt":{"rendered":"<p>Verifone V400m Holster, \u00f6deme terminalinizi kafelerde, restoranlarda veya etkinliklerde elleriniz serbest bir \u015fekilde ta\u015f\u0131man\u0131z\u0131 sa\u011flayan pratik ve hafif bir aksesuard\u0131r. Sadece 75 gram a\u011f\u0131rl\u0131\u011f\u0131yla terminalinizi g\u00fcn boyunca kolayca ula\u015fabilece\u011finiz bir yerde tutman\u0131z i\u00e7in g\u00fcvenli ve rahat bir yol sunar.<\/p>\n<ul>\n<li>Birinci s\u0131n\u0131f Cordura\u00ae malzeme: Uzun \u00f6m\u00fcrl\u00fc ve dayan\u0131kl\u0131<\/li>\n<li>Sa\u011flam kemer kay\u0131\u015f\u0131 dahildir<\/li>\n<li>Ultra hafif tasar\u0131m: Sadece 75 g<\/li>\n<li>Opsiyonel omuz ask\u0131s\u0131 deste\u011fi<\/li>\n<li>5 y\u0131l garanti kapsam\u0131ndad\u0131r<\/li>\n<\/ul>","protected":false},"featured_media":37764,"comment_status":"closed","ping_status":"closed","template":"","meta":[],"product_cat":[791,812],"product_tag":[873,702,770,3339,3338],"acf":[],"_links":{"self":[{"href":"https:\/\/paymentdiscounter.com\/tr\/wp-json\/wp\/v2\/product\/8762"}],"collection":[{"href":"https:\/\/paymentdiscounter.com\/tr\/wp-json\/wp\/v2\/product"}],"about":[{"href":"https:\/\/paymentdiscounter.com\/tr\/wp-json\/wp\/v2\/types\/product"}],"replies":[{"embeddable":true,"href":"https:\/\/paymentdiscounter.com\/tr\/wp-json\/wp\/v2\/comments?post=8762"}],"version-history":[{"count":9,"href":"https:\/\/paymentdiscounter.com\/tr\/wp-json\/wp\/v2\/product\/8762\/revisions"}],"predecessor-version":[{"id":37765,"href":"https:\/\/paymentdiscounter.com\/tr\/wp-json\/wp\/v2\/product\/8762\/revisions\/37765"}],"wp:featuredmedia":[{"embeddable":true,"href":"https:\/\/paymentdiscounter.com\/tr\/wp-json\/wp\/v2\/media\/37764"}],"wp:attachment":[{"href":"https:\/\/paymentdiscounter.com\/tr\/wp-json\/wp\/v2\/media?parent=8762"}],"wp:term":[{"taxonomy":"product_cat","embeddable":true,"href":"https:\/\/paymentdiscounter.com\/tr\/wp-json\/wp\/v2\/product_cat?post=8762"},{"taxonomy":"product_tag","embeddable":true,"href":"https:\/\/paymentdiscounter.com\/tr\/wp-json\/wp\/v2\/product_tag?post=8762"}],"curies":[{"name":"wp","href":"https:\/\/api.w.org\/{rel}","templated":true}]}}