{"id":8409,"date":"2021-11-28T14:39:58","date_gmt":"2021-11-28T14:39:58","guid":{"rendered":"https:\/\/paymentdiscounter.com\/product\/sumup-3g-pinapparaat-2\/"},"modified":"2023-06-26T20:08:41","modified_gmt":"2023-06-26T20:08:41","slug":"sumup-3g-odeme-termi%cc%87nali%cc%87","status":"publish","type":"product","link":"https:\/\/paymentdiscounter.com\/tr\/product\/sumup-3g-odeme-termi%cc%87nali%cc%87\/","title":{"rendered":"Sumup 3G \u00f6deme terminali"},"content":{"rendered":"<p>Sumup 3G ATM<br \/>\nSumup 3G \u00f6deme terminali, yeni ba\u015flayanlar veya k\u00fc\u00e7\u00fck serbest meslek sahipleri i\u00e7in ideal \u00f6deme terminalidir. Giri\u015fimcilerin say\u0131s\u0131 son y\u0131llarda \u00f6nemli \u00f6l\u00e7\u00fcde artt\u0131 ve bununla birlikte banka kart\u0131 \u00f6demelerinin say\u0131s\u0131 da artt\u0131. Banka kart\u0131n\u0131 neredeyse her yerde kullanabilmeye al\u0131\u015ft\u0131k. Pazarda, takside, yerel spor derne\u011finizin kantininde veya Thuisbezorgd \u00fczerinden bir \u015fey sipari\u015f ettiyseniz sadece kap\u0131da.<\/p>\n<p>Ne sat\u0131yorsan\u0131z sat\u0131n, Sumup 3G haz\u0131r. M\u00fc\u015fterilerinizin ayl\u0131k maliyetler veya pahal\u0131 abonelikler olmadan h\u0131zl\u0131 ve ucuz bir \u015fekilde \u00f6deme yapmas\u0131n\u0131 sa\u011flay\u0131n. \u0130\u015flem ba\u015f\u0131na yaln\u0131zca sabit bir y\u00fczde \u00f6dersiniz ve bu nedenle daha sonra asla s\u00fcrprizlerle kar\u015f\u0131la\u015fmazs\u0131n\u0131z. Her g\u00fcn i\u015flem yapmayan t\u00fcm giri\u015fimciler i\u00e7in Sumup 3G, modern bir \u00f6deme terminalinden bekleyece\u011finiz t\u00fcm i\u015flevlere ve \u00f6deme y\u00f6ntemlerine sahip k\u00fc\u00e7\u00fck ve kompakt bir ATM'dir.<\/p>\n<p>Avantajlar<\/p>\n<p>Kurulum veya ayarlama maliyeti yok.<br \/>\nSadece 99 \u20ac'luk d\u00fc\u015f\u00fck sat\u0131n alma fiyat\u0131<br \/>\nAyl\u0131k veya yinelenen \u00fccret yok.<br \/>\n\u0130\u015flem ba\u015f\u0131na yaln\u0131zca sabit bir y\u00fczde \u00f6deyin.<br \/>\nDahili KPN 3G SIM kart ile \u00fccretsiz veri ve her zaman iyi kapsama alan\u0131<\/p>\n<p>\u00d6zellikler<\/p>\n<p>Temass\u0131z \u00f6deme ile sa\u011flan\u0131r.<br \/>\n\u0130\u015flem makbuzlar\u0131n\u0131 Posta ile kolayca g\u00f6nderin.<br \/>\n\u0130pucu belirleyebilme.<br \/>\nKullan\u0131c\u0131lar\u0131 ve \u00e7al\u0131\u015fan hesaplar\u0131n\u0131 ayarlay\u0131n.<br \/>\nSumup ATM t\u00fcm banka ve kredi kartlar\u0131n\u0131 kabul eder.<\/p>\n<p>\u015eunlar i\u00e7in son derece uygundur<\/p>\n<p>Pazar sat\u0131c\u0131lar\u0131<br \/>\nTeslimat g\u00f6revlileri ve kuryeler<br \/>\nserbest \u00e7al\u0131\u015fanlar<br \/>\nTaksi \u015fof\u00f6rleri<br \/>\nTicaret fuarlar\u0131 ve kongreler<br \/>\nEtkinlikler veya festivaller<\/p>\n<p>Sumup \u00f6deme terminali her sekt\u00f6r i\u00e7in uygundur, ancak \u00e7o\u011funlukla biraz daha k\u00fc\u00e7\u00fck giri\u015fimciler taraf\u0131ndan kullan\u0131l\u0131r. \u00c7ok fazla \u00f6deme al\u0131yorsan\u0131z veya i\u015flem de\u011feri olduk\u00e7a y\u00fcksekse, kal\u0131c\u0131 s\u00f6zle\u015fmeli bir ATM muhtemelen daha ucuz bir alternatiftir. Bu durumda sat\u0131\u015f fiyat\u0131n\u0131n bir y\u00fczdesi yerine i\u015flem ba\u015f\u0131na sabit bir tutar (genellikle 0,25 \u20ac) \u00f6dersiniz.<\/p>","protected":false},"excerpt":{"rendered":"<p>Sumup 3G, ayl\u0131k veya yinelenen \u00fccretleri olmayan kompakt bir ATM'dir. \u0130\u015flem ba\u015f\u0131na yaln\u0131zca sabit bir \u00fccret \u00f6dersiniz ve pahal\u0131 bak\u0131m ve servis s\u00f6zle\u015fmeleri konusunda endi\u015felenmenize gerek kalmaz. Sumup kart okuyucu, k\u00fc\u00e7\u00fck veya yeni ba\u015flayan giri\u015fimciler i\u00e7in idealdir.<\/p>\n<p>Sumup 3G dahili bir SIM kart ile donat\u0131lm\u0131\u015ft\u0131r. Bu nedenle \u00f6deme terminalinizi ak\u0131ll\u0131 telefonunuza ba\u011flaman\u0131za gerek yoktur. Sonu\u00e7, Hollanda'daki herhangi bir yerde h\u0131zl\u0131 ve istikrarl\u0131 bir pin ba\u011flant\u0131s\u0131d\u0131r. A\u015fa\u011f\u0131daki t\u00fcm bilgileri ve se\u00e7enekleri g\u00f6r\u00fcnt\u00fcleyin veya Sumup 3G'yi web ma\u011fazas\u0131ndan kolayca sipari\u015f edin.<\/p>","protected":false},"featured_media":9525,"comment_status":"open","ping_status":"closed","template":"","meta":[],"product_cat":[842,843],"product_tag":[944,734,767,1225],"acf":[],"_links":{"self":[{"href":"https:\/\/paymentdiscounter.com\/tr\/wp-json\/wp\/v2\/product\/8409"}],"collection":[{"href":"https:\/\/paymentdiscounter.com\/tr\/wp-json\/wp\/v2\/product"}],"about":[{"href":"https:\/\/paymentdiscounter.com\/tr\/wp-json\/wp\/v2\/types\/product"}],"replies":[{"embeddable":true,"href":"https:\/\/paymentdiscounter.com\/tr\/wp-json\/wp\/v2\/comments?post=8409"}],"version-history":[{"count":8,"href":"https:\/\/paymentdiscounter.com\/tr\/wp-json\/wp\/v2\/product\/8409\/revisions"}],"predecessor-version":[{"id":20732,"href":"https:\/\/paymentdiscounter.com\/tr\/wp-json\/wp\/v2\/product\/8409\/revisions\/20732"}],"wp:featuredmedia":[{"embeddable":true,"href":"https:\/\/paymentdiscounter.com\/tr\/wp-json\/wp\/v2\/media\/9525"}],"wp:attachment":[{"href":"https:\/\/paymentdiscounter.com\/tr\/wp-json\/wp\/v2\/media?parent=8409"}],"wp:term":[{"taxonomy":"product_cat","embeddable":true,"href":"https:\/\/paymentdiscounter.com\/tr\/wp-json\/wp\/v2\/product_cat?post=8409"},{"taxonomy":"product_tag","embeddable":true,"href":"https:\/\/paymentdiscounter.com\/tr\/wp-json\/wp\/v2\/product_tag?post=8409"}],"curies":[{"name":"wp","href":"https:\/\/api.w.org\/{rel}","templated":true}]}}