{"id":8165,"date":"2021-11-28T10:52:11","date_gmt":"2021-11-28T10:52:11","guid":{"rendered":"https:\/\/paymentdiscounter.com\/product\/verifone-v400m-batterij\/"},"modified":"2026-03-09T21:41:22","modified_gmt":"2026-03-09T21:41:22","slug":"verifone-v400m-batarya","status":"publish","type":"product","link":"https:\/\/paymentdiscounter.com\/tr\/product\/verifone-v400m-batarya\/","title":{"rendered":"Verifone V400m Ak\u00fc"},"content":{"rendered":"<p>Verifone v400m en son g\u00fcvenlik gereksinimlerini kar\u015f\u0131lar ve temass\u0131z \u00f6deme ve QR kodlar\u0131n\u0131 kabul etmek i\u00e7in uygundur. Verifone v400m Pil, yeniden \u015farj edilmesi gerekmeden \u00f6nce 200 adede kadar i\u015flemi ger\u00e7ekle\u015ftirebilir.<\/p>\n<p>Verifone v400m Pil sadece 310 gram a\u011f\u0131rl\u0131\u011f\u0131ndad\u0131r.<\/p>","protected":false},"excerpt":{"rendered":"<p>Verifone v400m pilinizi \u015farj etmekte sorun ya\u015f\u0131yorsan\u0131z, de\u011fi\u015ftirilmesi gerekebilir. v400m bataryas\u0131n\u0131 de\u011fi\u015ftirmek ve kendiniz ba\u011flamak kolayd\u0131r. Kompakt boyutu, ta\u015f\u0131may\u0131 ve yedek pil olarak kullanmay\u0131 kolayla\u015ft\u0131r\u0131r.<\/p>","protected":false},"featured_media":16345,"comment_status":"closed","ping_status":"closed","template":"","meta":[],"product_cat":[791,812],"product_tag":[681,770,776,3338,867],"acf":[],"_links":{"self":[{"href":"https:\/\/paymentdiscounter.com\/tr\/wp-json\/wp\/v2\/product\/8165"}],"collection":[{"href":"https:\/\/paymentdiscounter.com\/tr\/wp-json\/wp\/v2\/product"}],"about":[{"href":"https:\/\/paymentdiscounter.com\/tr\/wp-json\/wp\/v2\/types\/product"}],"replies":[{"embeddable":true,"href":"https:\/\/paymentdiscounter.com\/tr\/wp-json\/wp\/v2\/comments?post=8165"}],"version-history":[{"count":8,"href":"https:\/\/paymentdiscounter.com\/tr\/wp-json\/wp\/v2\/product\/8165\/revisions"}],"predecessor-version":[{"id":31684,"href":"https:\/\/paymentdiscounter.com\/tr\/wp-json\/wp\/v2\/product\/8165\/revisions\/31684"}],"wp:featuredmedia":[{"embeddable":true,"href":"https:\/\/paymentdiscounter.com\/tr\/wp-json\/wp\/v2\/media\/16345"}],"wp:attachment":[{"href":"https:\/\/paymentdiscounter.com\/tr\/wp-json\/wp\/v2\/media?parent=8165"}],"wp:term":[{"taxonomy":"product_cat","embeddable":true,"href":"https:\/\/paymentdiscounter.com\/tr\/wp-json\/wp\/v2\/product_cat?post=8165"},{"taxonomy":"product_tag","embeddable":true,"href":"https:\/\/paymentdiscounter.com\/tr\/wp-json\/wp\/v2\/product_tag?post=8165"}],"curies":[{"name":"wp","href":"https:\/\/api.w.org\/{rel}","templated":true}]}}