{"id":8045,"date":"2021-11-28T10:43:18","date_gmt":"2021-11-28T10:43:18","guid":{"rendered":"https:\/\/paymentdiscounter.com\/?post_type=product&#038;p=8045"},"modified":"2025-07-05T16:20:21","modified_gmt":"2025-07-05T16:20:21","slug":"verifone-vx680-dockingstation-plus","status":"publish","type":"product","link":"https:\/\/paymentdiscounter.com\/tr\/product\/verifone-vx680-dockingstation-plus\/","title":{"rendered":"Verifone Vx680 Dockingstation Plus"},"content":{"rendered":"<p>Verifone Baz \u0130stasyonu Plus, t\u0131pk\u0131 Verifone Baz \u0130stasyonu serisinin en son modeli gibidir ve hem Verifone Vx680 hem de Vx670 i\u00e7in uygundur. Docking Station Plus'\u0131n en b\u00fcy\u00fck avantaj\u0131, ekstra bir bataryay\u0131 \u015farj etme imkan\u0131 sunmas\u0131d\u0131r. Bu \u015fekilde, \u00f6rne\u011fin, terminal kullan\u0131mdayken Verifone bataryan\u0131z\u0131 \u015farj etmek m\u00fcmk\u00fcnd\u00fcr. Kalabal\u0131k nedeniyle \u00f6deme terminalini doldurmak i\u00e7in \u00e7ok az zaman\u0131n\u0131z varsa, bu yeni model bir \u00e7\u00f6z\u00fcm sunabilir.<\/p>","protected":false},"excerpt":{"rendered":"<p>Verifone Baz \u0130stasyonu Plus en yeni modeldir ve \u00f6deme terminalinizi ve ayn\u0131 zamanda ekstra bir pili \u015farj etme imkan\u0131 sunar. Yerle\u015ftirme \u0130stasyonu plus'\u0131 harici bir batarya \u015farj cihaz\u0131 olarak kullan\u0131n veya yo\u011fun ak\u015famlarda bir bataryay\u0131 \u015farj edin.<\/p>\n<p>&nbsp;<\/p>","protected":false},"featured_media":9797,"comment_status":"closed","ping_status":"closed","template":"","meta":[],"product_cat":[791,784],"product_tag":[3837,694,717,776,3338,889,777,779],"acf":[],"_links":{"self":[{"href":"https:\/\/paymentdiscounter.com\/tr\/wp-json\/wp\/v2\/product\/8045"}],"collection":[{"href":"https:\/\/paymentdiscounter.com\/tr\/wp-json\/wp\/v2\/product"}],"about":[{"href":"https:\/\/paymentdiscounter.com\/tr\/wp-json\/wp\/v2\/types\/product"}],"replies":[{"embeddable":true,"href":"https:\/\/paymentdiscounter.com\/tr\/wp-json\/wp\/v2\/comments?post=8045"}],"version-history":[{"count":12,"href":"https:\/\/paymentdiscounter.com\/tr\/wp-json\/wp\/v2\/product\/8045\/revisions"}],"predecessor-version":[{"id":26339,"href":"https:\/\/paymentdiscounter.com\/tr\/wp-json\/wp\/v2\/product\/8045\/revisions\/26339"}],"wp:featuredmedia":[{"embeddable":true,"href":"https:\/\/paymentdiscounter.com\/tr\/wp-json\/wp\/v2\/media\/9797"}],"wp:attachment":[{"href":"https:\/\/paymentdiscounter.com\/tr\/wp-json\/wp\/v2\/media?parent=8045"}],"wp:term":[{"taxonomy":"product_cat","embeddable":true,"href":"https:\/\/paymentdiscounter.com\/tr\/wp-json\/wp\/v2\/product_cat?post=8045"},{"taxonomy":"product_tag","embeddable":true,"href":"https:\/\/paymentdiscounter.com\/tr\/wp-json\/wp\/v2\/product_tag?post=8045"}],"curies":[{"name":"wp","href":"https:\/\/api.w.org\/{rel}","templated":true}]}}