{"id":4565,"date":"2020-02-08T23:38:49","date_gmt":"2020-02-08T23:38:49","guid":{"rendered":"https:\/\/paymentdiscounter.com\/product\/verifone-v400m-case-darkblue\/"},"modified":"2026-03-07T16:18:01","modified_gmt":"2026-03-07T16:18:01","slug":"verifone-v400m-kilif-koyu-mavi","status":"publish","type":"product","link":"https:\/\/paymentdiscounter.com\/tr\/product\/verifone-v400m-kilif-koyu-mavi\/","title":{"rendered":"Verifone V400m Kasa Koyu mavi"},"content":{"rendered":"<p>Verifone V400m Kapak Koyu Mavi<br \/>\nBu Verifone v400m koruyucu k\u0131l\u0131f, \u00fcr\u00fcn yelpazemizdeki koyu mavi modeldir. K\u0131l\u0131f\u0131n uygulanmas\u0131 kolayd\u0131r ve i\u015finiz s\u0131ras\u0131nda ekstra koruma sa\u011flar. Koruyucu k\u0131l\u0131f \u00e7evre dostu silikondan yap\u0131lm\u0131\u015ft\u0131r ve \u00f6deme makinesini teslim ederken size ekstra kontrol sa\u011flar. Bu \u015fekilde kazalar ve onar\u0131m maliyetleri \u00f6nlenebilir.<\/p>\n<p>Koruyucu kapa\u011f\u0131n her iki taraf\u0131nda sabit bir tutu\u015f sa\u011flayan kavrama desenleri vard\u0131r. Islak ellerle bile. Bir \u00f6deme terminali k\u0131l\u0131f\u0131 kullan\u0131n ve terminalinizi en iyi \u015fekilde koruyun. Her \u015firket farkl\u0131 oldu\u011fu i\u00e7in, \u015firketinizin g\u00f6r\u00fcn\u00fcm\u00fcne uygun farkl\u0131 renkler se\u00e7tik.<\/p>\n<ul>\n<li>Kapa\u011f\u0131 \u00e7\u0131karmadan pilinizi \u015farj edin<\/li>\n<li>Terminali teslim ederken daha fazla kavrama<\/li>\n<li>Optimum koruma i\u00e7in ekstra kal\u0131n malzeme<\/li>\n<li>\u00c7arp\u0131c\u0131 renkler sayesinde y\u00fcksek g\u00f6r\u00fcn\u00fcrl\u00fck<\/li>\n<\/ul>\n<p><strong>\u015eunlar i\u00e7in son derece uygundur<\/strong><\/p>\n<ul>\n<li>Pazar t\u00fcccarlar\u0131<\/li>\n<li>Teslimat\u00e7\u0131lar ve kuryeler<\/li>\n<li>Serbest meslek sahibi<\/li>\n<li>Taksi \u015fof\u00f6rleri<\/li>\n<li>Ticaret fuarlar\u0131 ve kongreler<\/li>\n<li>Etkinlikler veya festivaller<\/li>\n<\/ul>\n<p><strong>Varyantlar<\/strong><\/p>\n<ul>\n<li>Verifone V400m Kasa Siyah<\/li>\n<li><strong>Verifone V400m Kasa Koyu mavi<\/strong><\/li>\n<li>Verifone V400m Kasa LightBue<\/li>\n<li>Verifone V400m Kasa Gri<\/li>\n<li>Verifone V400m Kasa K\u0131rm\u0131z\u0131<\/li>\n<\/ul>\n<p>&nbsp;<\/p>\n<p>Koyu mavi Verifone V400m koruyucu k\u0131l\u0131f, kafe ve restoranlarda kullan\u0131m i\u00e7in \u00e7ok kullan\u0131\u015fl\u0131d\u0131r. \u00c7arp\u0131c\u0131 rengi sayesinde uzun s\u00fcre araman\u0131za gerek kalmaz ve \u00f6deme terminalinizin nerede oldu\u011funu her zaman bilirsiniz. V400m k\u0131l\u0131f\u0131, \u00f6deme terminalinizin daha da iyi korunmas\u0131 i\u00e7in ekstra bir silikon katmana sahiptir. Buna ek olarak, \u00f6deme terminalini yan taraftaki g\u00fc\u00e7 giri\u015fi arac\u0131l\u0131\u011f\u0131yla kolayca \u015farj edebilirsiniz. Nem ve su hasar\u0131n\u0131 \u00f6nlemeye yard\u0131mc\u0131 olmak i\u00e7in \u00f6deme terminalinin yan ve alt k\u0131sm\u0131 kapal\u0131d\u0131r.<\/p>\n<p>&nbsp;<\/p>","protected":false},"excerpt":{"rendered":"<p>Mobil \u00f6deme terminalinizin zarar g\u00f6rmesini \u00f6nlemek i\u00e7in koruyucu bir kapak kullanabilirsiniz. Verifone v400m i\u00e7in \u00f6zel olarak \u00fcretilmi\u015ftir ve \u00e7e\u015fitli renklerde mevcuttur. Verifone koruyucu k\u0131l\u0131f dayan\u0131kl\u0131 ve \u00e7evre dostu silikondan yap\u0131lm\u0131\u015ft\u0131r. Silikon kullanarak daha fazla tutu\u015fa sahip olursunuz ve kazalardan ve pahal\u0131 onar\u0131m maliyetlerinden ka\u00e7\u0131nabilirsiniz.<\/p>","protected":false},"featured_media":9643,"comment_status":"closed","ping_status":"closed","template":"","meta":[],"product_cat":[791,812],"product_tag":[3840,717,735,3844,749,770,775,810,811,776,3338,3041],"acf":[],"_links":{"self":[{"href":"https:\/\/paymentdiscounter.com\/tr\/wp-json\/wp\/v2\/product\/4565"}],"collection":[{"href":"https:\/\/paymentdiscounter.com\/tr\/wp-json\/wp\/v2\/product"}],"about":[{"href":"https:\/\/paymentdiscounter.com\/tr\/wp-json\/wp\/v2\/types\/product"}],"replies":[{"embeddable":true,"href":"https:\/\/paymentdiscounter.com\/tr\/wp-json\/wp\/v2\/comments?post=4565"}],"version-history":[{"count":36,"href":"https:\/\/paymentdiscounter.com\/tr\/wp-json\/wp\/v2\/product\/4565\/revisions"}],"predecessor-version":[{"id":36614,"href":"https:\/\/paymentdiscounter.com\/tr\/wp-json\/wp\/v2\/product\/4565\/revisions\/36614"}],"wp:featuredmedia":[{"embeddable":true,"href":"https:\/\/paymentdiscounter.com\/tr\/wp-json\/wp\/v2\/media\/9643"}],"wp:attachment":[{"href":"https:\/\/paymentdiscounter.com\/tr\/wp-json\/wp\/v2\/media?parent=4565"}],"wp:term":[{"taxonomy":"product_cat","embeddable":true,"href":"https:\/\/paymentdiscounter.com\/tr\/wp-json\/wp\/v2\/product_cat?post=4565"},{"taxonomy":"product_tag","embeddable":true,"href":"https:\/\/paymentdiscounter.com\/tr\/wp-json\/wp\/v2\/product_tag?post=4565"}],"curies":[{"name":"wp","href":"https:\/\/api.w.org\/{rel}","templated":true}]}}