{"id":39350,"date":"2026-04-18T12:35:38","date_gmt":"2026-04-18T12:35:38","guid":{"rendered":"https:\/\/paymentdiscounter.com\/"},"modified":"2026-04-18T13:20:44","modified_gmt":"2026-04-18T13:20:44","slug":"pax-a960-yazici-kapagi","status":"publish","type":"product","link":"https:\/\/paymentdiscounter.com\/tr\/product\/pax-a960-yazici-kapagi\/","title":{"rendered":"Pax A960 Yaz\u0131c\u0131 Kapa\u011f\u0131"},"content":{"rendered":"<p><strong>PAX A960 Yaz\u0131c\u0131 Kapa\u011f\u0131<\/strong><br \/>\nPAX A960 Yaz\u0131c\u0131 Kapa\u011f\u0131, \u00f6deme terminalinizin \u00f6nemli bir par\u00e7as\u0131d\u0131r ve makbuzlar\u0131n sorunsuz bir \u015fekilde beslenmesini ve her seferinde net bir \u015fekilde yazd\u0131r\u0131lmas\u0131n\u0131 sa\u011flar. Dahili yazd\u0131rma silindiri, \u00f6deme s\u00fcrecinizin kesintisiz devam etmesini sa\u011flayarak keskin ve okunakl\u0131 makbuzlar\u0131 garanti eder.<\/p>\n<p>D\u00fczenli kullan\u0131mda yaz\u0131c\u0131 silindiri zamanla a\u015f\u0131narak okunaks\u0131z makbuzlara veya ka\u011f\u0131t s\u0131k\u0131\u015fmalar\u0131na yol a\u00e7abilir. Yaz\u0131c\u0131 kapa\u011f\u0131n\u0131n de\u011fi\u015ftirilmesi, terminalinizi tekrar \u00e7al\u0131\u015f\u0131r hale getirmek i\u00e7in en h\u0131zl\u0131 ve en uygun maliyetli \u00e7\u00f6z\u00fcmd\u00fcr. De\u011fi\u015ftirme i\u015flemi basittir ve herhangi bir alet gerektirmez, bu da i\u015fletmeniz i\u00e7in ar\u0131za s\u00fcresini en aza indirir.<\/p>\n<p><strong>\u0130le uyumludur: PAX A960<\/strong><br \/>\n<strong>Kurulum:<\/strong> De\u011fi\u015ftirmesi kolayd\u0131r, alet gerektirmez<\/p>","protected":false},"excerpt":{"rendered":"<p>PAX A960 Yaz\u0131c\u0131 Kapa\u011f\u0131, \u00f6deme terminalinizin \u00f6nemli bir par\u00e7as\u0131d\u0131r ve makbuzlar\u0131n sorunsuz bir \u015fekilde beslenmesini ve her seferinde net bir \u015fekilde yazd\u0131r\u0131lmas\u0131n\u0131 sa\u011flar. Dahili bask\u0131 silindiri, keskin ve okunakl\u0131 makbuzlar\u0131 garanti eder.<\/p>","protected":false},"featured_media":39351,"comment_status":"closed","ping_status":"closed","template":"","meta":[],"product_cat":[730,2652],"product_tag":[2654,3757,728,2653,2611,852,2613],"acf":[],"_links":{"self":[{"href":"https:\/\/paymentdiscounter.com\/tr\/wp-json\/wp\/v2\/product\/39350"}],"collection":[{"href":"https:\/\/paymentdiscounter.com\/tr\/wp-json\/wp\/v2\/product"}],"about":[{"href":"https:\/\/paymentdiscounter.com\/tr\/wp-json\/wp\/v2\/types\/product"}],"replies":[{"embeddable":true,"href":"https:\/\/paymentdiscounter.com\/tr\/wp-json\/wp\/v2\/comments?post=39350"}],"version-history":[{"count":3,"href":"https:\/\/paymentdiscounter.com\/tr\/wp-json\/wp\/v2\/product\/39350\/revisions"}],"predecessor-version":[{"id":39370,"href":"https:\/\/paymentdiscounter.com\/tr\/wp-json\/wp\/v2\/product\/39350\/revisions\/39370"}],"wp:featuredmedia":[{"embeddable":true,"href":"https:\/\/paymentdiscounter.com\/tr\/wp-json\/wp\/v2\/media\/39351"}],"wp:attachment":[{"href":"https:\/\/paymentdiscounter.com\/tr\/wp-json\/wp\/v2\/media?parent=39350"}],"wp:term":[{"taxonomy":"product_cat","embeddable":true,"href":"https:\/\/paymentdiscounter.com\/tr\/wp-json\/wp\/v2\/product_cat?post=39350"},{"taxonomy":"product_tag","embeddable":true,"href":"https:\/\/paymentdiscounter.com\/tr\/wp-json\/wp\/v2\/product_tag?post=39350"}],"curies":[{"name":"wp","href":"https:\/\/api.w.org\/{rel}","templated":true}]}}