{"id":39341,"date":"2026-04-18T12:25:14","date_gmt":"2026-04-18T12:25:14","guid":{"rendered":"https:\/\/paymentdiscounter.com\/"},"modified":"2026-04-18T13:20:17","modified_gmt":"2026-04-18T13:20:17","slug":"pax-a960-pi%cc%87l-kapagi","status":"publish","type":"product","link":"https:\/\/paymentdiscounter.com\/tr\/product\/pax-a960-pi%cc%87l-kapagi\/","title":{"rendered":"Pax A960 Pil Kapa\u011f\u0131"},"content":{"rendered":"<p><strong>PAX A960 Pil Kapa\u011f\u0131<\/strong><br \/>\n\u00d6deme terminalinizin arka kapa\u011f\u0131nda, \u00f6rne\u011fin bir d\u00fc\u015fme veya darbe nedeniyle hasar meydana gelebilir. Bu durum genellikle pilin g\u00fcvenli ve sa\u011flam bir \u015fekilde kapanmas\u0131n\u0131 sa\u011flayan alt taraftaki kilitleme mekanizmas\u0131nda fark edilir. Bu mekanizma art\u0131k d\u00fczg\u00fcn \u00e7al\u0131\u015fmad\u0131\u011f\u0131nda, pilin kullan\u0131m s\u0131ras\u0131nda gev\u015femesini \u00f6nlemek i\u00e7in arka kapa\u011f\u0131n derhal de\u011fi\u015ftirilmesi tavsiye edilir.<\/p>\n<p>Bantla sabitlemek gibi ge\u00e7ici bir \u00e7\u00f6z\u00fcm uygun g\u00f6r\u00fcnebilir, ancak ar\u0131za veya k\u0131sa devre riski \u00f6nemli olmaya devam etmektedir. Arka kapa\u011f\u0131 yeni bir PAX A960 Pil Kapa\u011f\u0131 ile h\u0131zl\u0131 ve kolay bir \u015fekilde de\u011fi\u015ftirin, b\u00f6ylece terminaliniz bir kez daha g\u00fcvenli ve g\u00fcvenilir olsun.<\/p>\n<p><strong>\u0130le uyumludur:<\/strong> PAX A960<br \/>\n<strong>Kurulum:<\/strong> De\u011fi\u015ftirmesi kolayd\u0131r, alet gerektirmez<\/p>","protected":false},"excerpt":{"rendered":"<p>\u00d6deme terminalinizin arka kapa\u011f\u0131, \u00f6rne\u011fin bir d\u00fc\u015fme veya darbe nedeniyle hasar g\u00f6rebilir. Art\u0131k d\u00fczg\u00fcn \u00e7al\u0131\u015fm\u0131yorsa, kullan\u0131m s\u0131ras\u0131nda pilin gev\u015femesini \u00f6nlemek i\u00e7in arka kapa\u011f\u0131n derhal de\u011fi\u015ftirilmesi tavsiye edilir.<\/p>","protected":false},"featured_media":39348,"comment_status":"closed","ping_status":"closed","template":"","meta":[],"product_cat":[730,2652],"product_tag":[2654,3757,2612,728,2653,2611,3711],"acf":[],"_links":{"self":[{"href":"https:\/\/paymentdiscounter.com\/tr\/wp-json\/wp\/v2\/product\/39341"}],"collection":[{"href":"https:\/\/paymentdiscounter.com\/tr\/wp-json\/wp\/v2\/product"}],"about":[{"href":"https:\/\/paymentdiscounter.com\/tr\/wp-json\/wp\/v2\/types\/product"}],"replies":[{"embeddable":true,"href":"https:\/\/paymentdiscounter.com\/tr\/wp-json\/wp\/v2\/comments?post=39341"}],"version-history":[{"count":2,"href":"https:\/\/paymentdiscounter.com\/tr\/wp-json\/wp\/v2\/product\/39341\/revisions"}],"predecessor-version":[{"id":39369,"href":"https:\/\/paymentdiscounter.com\/tr\/wp-json\/wp\/v2\/product\/39341\/revisions\/39369"}],"wp:featuredmedia":[{"embeddable":true,"href":"https:\/\/paymentdiscounter.com\/tr\/wp-json\/wp\/v2\/media\/39348"}],"wp:attachment":[{"href":"https:\/\/paymentdiscounter.com\/tr\/wp-json\/wp\/v2\/media?parent=39341"}],"wp:term":[{"taxonomy":"product_cat","embeddable":true,"href":"https:\/\/paymentdiscounter.com\/tr\/wp-json\/wp\/v2\/product_cat?post=39341"},{"taxonomy":"product_tag","embeddable":true,"href":"https:\/\/paymentdiscounter.com\/tr\/wp-json\/wp\/v2\/product_tag?post=39341"}],"curies":[{"name":"wp","href":"https:\/\/api.w.org\/{rel}","templated":true}]}}