{"id":38652,"date":"2026-01-29T15:10:00","date_gmt":"2026-01-29T15:10:00","guid":{"rendered":"https:\/\/paymentdiscounter.com\/?post_type=product&#038;p=38652"},"modified":"2026-01-29T15:12:49","modified_gmt":"2026-01-29T15:12:49","slug":"nexgo-n80-kilif","status":"publish","type":"product","link":"https:\/\/paymentdiscounter.com\/tr\/product\/nexgo-n80-kilif\/","title":{"rendered":"Nexgo N80 K\u0131l\u0131f"},"content":{"rendered":"<p>Nexgo N80 K\u0131l\u0131f, yo\u011fun kafe, restoran veya etkinlik ortamlar\u0131nda \u00f6deme terminalinizi elinizin alt\u0131nda tutmak i\u00e7in g\u00fcvenli ve hafif bir yol sa\u011flar. Dayan\u0131kl\u0131 Cordura\u00ae kuma\u015ftan \u00fcretilmi\u015ftir ve yaln\u0131zca 75 gr. a\u011f\u0131rl\u0131\u011f\u0131ndad\u0131r. uzun s\u00fcreli dayan\u0131kl\u0131l\u0131\u011f\u0131 g\u00fcnl\u00fck konforla birle\u015ftirir.<\/p>\n<p>Profesyonel kullan\u0131m i\u00e7in tasarlanan bu k\u0131l\u0131f, eller serbest rahatl\u0131\u011f\u0131 i\u00e7in g\u00fc\u00e7l\u00fc bir kemer kay\u0131\u015f\u0131 ile birlikte gelir ve daha fazla esneklik i\u00e7in iste\u011fe ba\u011fl\u0131 bir omuz kay\u0131\u015f\u0131n\u0131 destekler. 5 y\u0131ll\u0131k garantiye sahip olan bu k\u0131l\u0131f, yo\u011fun g\u00fcnl\u00fck i\u015f taleplerini kar\u015f\u0131lamak \u00fczere \u00fcretilmi\u015ftir.<\/p>\n<ul>\n<li>Maksimum dayan\u0131kl\u0131l\u0131k i\u00e7in dayan\u0131kl\u0131 Cordura\u00ae malzeme<\/li>\n<li>Sa\u011flam kemer kay\u0131\u015f\u0131 birlikte verilir<\/li>\n<li>T\u00fcy kadar hafif yap\u0131 - sadece 75 g<\/li>\n<li>Omuz ask\u0131s\u0131 uyumlu<\/li>\n<li>5 y\u0131ll\u0131k garanti ile korunmaktad\u0131r<\/li>\n<\/ul>","protected":false},"excerpt":{"rendered":"<p>Nexgo N80 K\u0131l\u0131f ile daha verimli \u00e7al\u0131\u015f\u0131n. Restoranlarda, kafelerde veya etkinlik ortamlar\u0131nda eller serbest \u00f6deme i\u015flemleri i\u00e7in tasarlanm\u0131\u015ft\u0131r. Birinci s\u0131n\u0131f Cordura\u00ae kuma\u015ftan \u00fcretilen bu 75 g k\u0131l\u0131f, son derece hafif ve rahat kullan\u0131m\u0131n\u0131n yan\u0131 s\u0131ra g\u00fcvenilir dayan\u0131kl\u0131l\u0131k sunar.<\/p>\n<p>G\u00fcvenli ba\u011flant\u0131 i\u00e7in g\u00fc\u00e7l\u00fc bir kemer kay\u0131\u015f\u0131 ile birlikte gelir ve daha fazla esneklik i\u00e7in iste\u011fe ba\u011fl\u0131 bir omuz ask\u0131s\u0131 ile e\u015fle\u015ftirilebilir. 5 y\u0131ll\u0131k garanti ile desteklenen bu \u00fcr\u00fcn, cihaz\u0131n\u0131z\u0131n korunmas\u0131n\u0131 ve her zaman elinizin alt\u0131nda olmas\u0131n\u0131 sa\u011flar.<\/p>\n<ul>\n<li>Uzun \u00f6m\u00fcrl\u00fc kullan\u0131m i\u00e7in dayan\u0131kl\u0131 Cordura\u00ae kuma\u015f<\/li>\n<li>Birlikte verilen g\u00fcvenli kemer kay\u0131\u015f\u0131<\/li>\n<li>Hafif yap\u0131 - sadece 75 g<\/li>\n<li>Opsiyonel omuz ask\u0131s\u0131 deste\u011fi<\/li>\n<li>5 y\u0131l garanti kapsam\u0131ndad\u0131r<\/li>\n<\/ul>","protected":false},"featured_media":38657,"comment_status":"closed","ping_status":"closed","template":"","meta":[],"product_cat":[1248,4286],"product_tag":[702,1315,3433,4284,4287,3816],"acf":[],"_links":{"self":[{"href":"https:\/\/paymentdiscounter.com\/tr\/wp-json\/wp\/v2\/product\/38652"}],"collection":[{"href":"https:\/\/paymentdiscounter.com\/tr\/wp-json\/wp\/v2\/product"}],"about":[{"href":"https:\/\/paymentdiscounter.com\/tr\/wp-json\/wp\/v2\/types\/product"}],"replies":[{"embeddable":true,"href":"https:\/\/paymentdiscounter.com\/tr\/wp-json\/wp\/v2\/comments?post=38652"}],"version-history":[{"count":1,"href":"https:\/\/paymentdiscounter.com\/tr\/wp-json\/wp\/v2\/product\/38652\/revisions"}],"predecessor-version":[{"id":38661,"href":"https:\/\/paymentdiscounter.com\/tr\/wp-json\/wp\/v2\/product\/38652\/revisions\/38661"}],"wp:featuredmedia":[{"embeddable":true,"href":"https:\/\/paymentdiscounter.com\/tr\/wp-json\/wp\/v2\/media\/38657"}],"wp:attachment":[{"href":"https:\/\/paymentdiscounter.com\/tr\/wp-json\/wp\/v2\/media?parent=38652"}],"wp:term":[{"taxonomy":"product_cat","embeddable":true,"href":"https:\/\/paymentdiscounter.com\/tr\/wp-json\/wp\/v2\/product_cat?post=38652"},{"taxonomy":"product_tag","embeddable":true,"href":"https:\/\/paymentdiscounter.com\/tr\/wp-json\/wp\/v2\/product_tag?post=38652"}],"curies":[{"name":"wp","href":"https:\/\/api.w.org\/{rel}","templated":true}]}}