{"id":38185,"date":"2026-01-04T12:45:33","date_gmt":"2026-01-04T12:45:33","guid":{"rendered":"https:\/\/paymentdiscounter.com\/?post_type=product&#038;p=38185"},"modified":"2026-04-18T13:16:49","modified_gmt":"2026-04-18T13:16:49","slug":"pax-a960-batarya-2","status":"publish","type":"product","link":"https:\/\/paymentdiscounter.com\/tr\/product\/pax-a960-batarya-2\/","title":{"rendered":"Pax A960 Batarya"},"content":{"rendered":"<p><strong>Pax A960 pil<\/strong><br \/>\nPax A960 ak\u00fc, boyut ve kapasite a\u00e7\u0131s\u0131ndan Pax A960 ak\u00fc ile ayn\u0131d\u0131r. Bununla birlikte, bir s\u00fcre sonra maksimum kapasite s\u00fcrekli olarak azalacakt\u0131r. Genel olarak, pil yakla\u015f\u0131k 2-3 y\u0131l veya 300 tam \u015farj d\u00f6ng\u00fcs\u00fc dayan\u0131r. Giri\u015fimciler bazen 50%'ye kadar kartlarla \u00f6deme yapt\u0131klar\u0131ndan, her zaman dolu bir bataryaya sahip olman\u0131z \u00f6nemlidir. Mobil \u00f6demeleri kabul edememek gelir kayb\u0131na yol a\u00e7abilir. Bu nedenle her zaman yedek ve \u015farj edilmi\u015f bir batarya bulundurman\u0131z tavsiye edilir. Her ihtimale kar\u015f\u0131.<\/p>\n<p><strong>Ak\u00fcn\u00fcn \u015farj edilmesi<\/strong><br \/>\nAk\u00fcy\u00fc m\u00fcmk\u00fcn oldu\u011funca s\u0131k \u015farj etmek en iyisidir. Tam \u015farj d\u00f6ng\u00fcs\u00fcn\u00fc 0%'den 100%'ye kadar tamamlarsan\u0131z, maksimum kapasite 90%'den 100%'ye kadar on k\u0131sa \u015farj d\u00f6ng\u00fcs\u00fcnden daha fazla azal\u0131r. S\u0131cakl\u0131k ortam\u0131 0 \u00b0 C'nin alt\u0131ndaysa, ak\u00fcn\u00fcn \u015farj edilmemesi tavsiye edilir. Kimyasal i\u015flemlerin \u00f6deme terminalinize zarar veren bir k\u0131sa devreye neden olmas\u0131 m\u00fcmk\u00fcnd\u00fcr. Bu, ortam\u0131n\u0131z\u0131n s\u0131cakl\u0131\u011f\u0131 40 \u00b0 C'den y\u00fcksekse de ge\u00e7erlidir.<\/p>\n<p>\u015earj i\u015flemi d\u00fczg\u00fcn yap\u0131lmad\u0131\u011f\u0131nda pilin a\u015f\u0131r\u0131 \u0131s\u0131nmas\u0131 ve hasar g\u00f6rmesi olduk\u00e7a olas\u0131d\u0131r. Pax A960 pil, s\u0131cakl\u0131k 0 \u00b0 C'nin alt\u0131nda ve 60 \u00b0 C'nin \u00fczerindeyse \u015farj edilmemesini sa\u011flayan bir s\u0131cakl\u0131k sens\u00f6r\u00fc i\u00e7erir. Pilin do\u011fru de\u011ferleri g\u00f6sterdi\u011finden emin olmak i\u00e7in her \u00fc\u00e7 ayda bir pil kalibrasyonu yapman\u0131z gerekir.<\/p>\n<p><strong>Tahliye<\/strong><br \/>\nKapasite 10%'den d\u00fc\u015f\u00fckse, derin de\u015farj meydana gelebilir. Bu durumda, bir k\u0131sa devre meydana gelir ve ard\u0131ndan \u00f6deme terminali bir\u00e7ok durumda otomatik olarak bir hata mesaj\u0131 (kurcalama) g\u00f6sterir.<\/p>\n<p><strong>Ak\u00fc depolama<\/strong><br \/>\nAk\u00fcy\u00fc saklamak istiyorsan\u0131z, 40% i\u00e7in \u015farjl\u0131 b\u0131rakmak en iyisidir. Ak\u00fc daha uzun s\u00fcre dayanacak ve h\u0131zl\u0131 eskimeyecektir. Pilin do\u011fru yerle\u015ftirilmesi ve bak\u0131m\u0131 hakk\u0131nda daha fazla bilgiyi Pax k\u0131lavuzunda bulabilirsiniz.<\/p>","protected":false},"excerpt":{"rendered":"<p>Pax A960 pilin de\u011fi\u015ftirilmesi kolayd\u0131r ve do\u011fru kullan\u0131ld\u0131\u011f\u0131nda birka\u00e7 y\u0131la kadar kullan\u0131labilir. Terminalin ayn\u0131 pille giderek daha az i\u015flem yazd\u0131rabildi\u011fini fark ederseniz, ancak tam dolu bir pil g\u00f6steriyorsa, muhtemelen onu de\u011fi\u015ftirmek ak\u0131ll\u0131ca olacakt\u0131r.<\/p>","protected":false},"featured_media":39368,"comment_status":"open","ping_status":"closed","template":"","meta":[],"product_cat":[730,2652],"product_tag":[3334,681,728,1438,2611],"acf":[],"_links":{"self":[{"href":"https:\/\/paymentdiscounter.com\/tr\/wp-json\/wp\/v2\/product\/38185"}],"collection":[{"href":"https:\/\/paymentdiscounter.com\/tr\/wp-json\/wp\/v2\/product"}],"about":[{"href":"https:\/\/paymentdiscounter.com\/tr\/wp-json\/wp\/v2\/types\/product"}],"replies":[{"embeddable":true,"href":"https:\/\/paymentdiscounter.com\/tr\/wp-json\/wp\/v2\/comments?post=38185"}],"version-history":[{"count":1,"href":"https:\/\/paymentdiscounter.com\/tr\/wp-json\/wp\/v2\/product\/38185\/revisions"}],"predecessor-version":[{"id":38187,"href":"https:\/\/paymentdiscounter.com\/tr\/wp-json\/wp\/v2\/product\/38185\/revisions\/38187"}],"wp:featuredmedia":[{"embeddable":true,"href":"https:\/\/paymentdiscounter.com\/tr\/wp-json\/wp\/v2\/media\/39368"}],"wp:attachment":[{"href":"https:\/\/paymentdiscounter.com\/tr\/wp-json\/wp\/v2\/media?parent=38185"}],"wp:term":[{"taxonomy":"product_cat","embeddable":true,"href":"https:\/\/paymentdiscounter.com\/tr\/wp-json\/wp\/v2\/product_cat?post=38185"},{"taxonomy":"product_tag","embeddable":true,"href":"https:\/\/paymentdiscounter.com\/tr\/wp-json\/wp\/v2\/product_tag?post=38185"}],"curies":[{"name":"wp","href":"https:\/\/api.w.org\/{rel}","templated":true}]}}