{"id":37825,"date":"2025-09-20T10:08:44","date_gmt":"2025-09-20T10:08:44","guid":{"rendered":"https:\/\/paymentdiscounter.com\/?post_type=product&#038;p=37825"},"modified":"2025-09-20T10:13:14","modified_gmt":"2025-09-20T10:13:14","slug":"castles-s1f3-kilif-buyuk","status":"publish","type":"product","link":"https:\/\/paymentdiscounter.com\/tr\/product\/castles-s1f3-kilif-buyuk\/","title":{"rendered":"Castles S1F3 K\u0131l\u0131f B\u00fcy\u00fck"},"content":{"rendered":"<p>Bu hafif K\u0131l\u0131f ile Castles S1F3 \u00f6deme terminalinizi g\u00fcvende ve kolayca ula\u015fabilece\u011finiz bir yerde tutun. Sa\u011flam Cordura\u00ae kuma\u015ftan \u00fcretilen bu k\u0131l\u0131f sadece 75 g a\u011f\u0131rl\u0131\u011f\u0131ndad\u0131r ve yo\u011fun g\u00fcnl\u00fck kullan\u0131m i\u00e7in m\u00fckemmel y\u0131rt\u0131lma direnci ve dayan\u0131kl\u0131l\u0131k sunar. Perakende, konaklama ve lojistik i\u00e7in m\u00fckemmeldir.<\/p>\n<p>Standart \u00f6deme terminali tasar\u0131mlar\u0131 i\u00e7in tasarlanan bu \u00fcr\u00fcn, gizli bir Velcro sabitleme sistemi, pratik bir entegre kalem tutucu ve daha fazla esneklik i\u00e7in bir omuz ask\u0131s\u0131 takma se\u00e7ene\u011fi ile birlikte gelir. 5 y\u0131ll\u0131k garanti ile desteklenen bu \u00fcr\u00fcn uzun \u00f6m\u00fcrl\u00fcd\u00fcr.<\/p>\n<ul>\n<li>Premium Cordura\u00ae: 5 y\u0131l garanti<\/li>\n<li>Ultra hafif yap\u0131: Sadece 75 g<\/li>\n<li>Pratik entegre kalemlik<\/li>\n<li>Gizli Velcro sabitleme sistemi<\/li>\n<li>Opsiyonel omuz ask\u0131s\u0131 haz\u0131r<\/li>\n<li>Geleneksel terminal modellerine uyacak \u015fekilde tasarlanm\u0131\u015ft\u0131r<\/li>\n<\/ul>\n<p>&nbsp;<\/p>","protected":false},"excerpt":{"rendered":"<p>Castles S1F3 K\u0131l\u0131f, kafeler, restoranlar ve dinamik etkinlik ortamlar\u0131ndaki \u00f6deme terminalleri i\u00e7in tasarlanm\u0131\u015f g\u00fcvenilir bir eller serbest ta\u015f\u0131ma \u00e7\u00f6z\u00fcm\u00fcd\u00fcr. Birinci s\u0131n\u0131f Cordura\u00ae kuma\u015ftan \u00fcretilen ve yaln\u0131zca 75 gram a\u011f\u0131rl\u0131\u011f\u0131nda olan bu k\u0131l\u0131f, cihaz\u0131n\u0131z\u0131n g\u00fcvenli, eri\u015filebilir ve hafif kalmas\u0131n\u0131 sa\u011flayarak h\u0131zl\u0131 ve verimli i\u015flemler i\u00e7in ek y\u00fck getirmez.<\/p>\n<p>K\u0131l\u0131f, sa\u011flam bir kemer kay\u0131\u015f\u0131, iste\u011fe ba\u011fl\u0131 omuz kay\u0131\u015f\u0131 uyumlulu\u011fu ve uzun s\u00fcreli performans i\u00e7in 5 y\u0131ll\u0131k sa\u011flam bir garantiye sahiptir.<\/p>\n<ul>\n<li>Premium Cordura\u00ae malzeme<\/li>\n<li>Sa\u011flam kemer kay\u0131\u015f\u0131 dahildir<\/li>\n<li>Ultra hafif: Sadece 75 g<\/li>\n<li>Opsiyonel omuz ask\u0131s\u0131 uyumlu<\/li>\n<li>5 y\u0131l garanti dahildir<\/li>\n<\/ul>","protected":false},"featured_media":37829,"comment_status":"closed","ping_status":"closed","template":"","meta":[],"product_cat":[1550,3045],"product_tag":[1857,3584,3046,4086,702,3816,3047,4087],"acf":[],"_links":{"self":[{"href":"https:\/\/paymentdiscounter.com\/tr\/wp-json\/wp\/v2\/product\/37825"}],"collection":[{"href":"https:\/\/paymentdiscounter.com\/tr\/wp-json\/wp\/v2\/product"}],"about":[{"href":"https:\/\/paymentdiscounter.com\/tr\/wp-json\/wp\/v2\/types\/product"}],"replies":[{"embeddable":true,"href":"https:\/\/paymentdiscounter.com\/tr\/wp-json\/wp\/v2\/comments?post=37825"}],"version-history":[{"count":1,"href":"https:\/\/paymentdiscounter.com\/tr\/wp-json\/wp\/v2\/product\/37825\/revisions"}],"predecessor-version":[{"id":37833,"href":"https:\/\/paymentdiscounter.com\/tr\/wp-json\/wp\/v2\/product\/37825\/revisions\/37833"}],"wp:featuredmedia":[{"embeddable":true,"href":"https:\/\/paymentdiscounter.com\/tr\/wp-json\/wp\/v2\/media\/37829"}],"wp:attachment":[{"href":"https:\/\/paymentdiscounter.com\/tr\/wp-json\/wp\/v2\/media?parent=37825"}],"wp:term":[{"taxonomy":"product_cat","embeddable":true,"href":"https:\/\/paymentdiscounter.com\/tr\/wp-json\/wp\/v2\/product_cat?post=37825"},{"taxonomy":"product_tag","embeddable":true,"href":"https:\/\/paymentdiscounter.com\/tr\/wp-json\/wp\/v2\/product_tag?post=37825"}],"curies":[{"name":"wp","href":"https:\/\/api.w.org\/{rel}","templated":true}]}}