{"id":37742,"date":"2025-09-17T18:52:41","date_gmt":"2025-09-17T18:52:41","guid":{"rendered":"https:\/\/paymentdiscounter.com\/?post_type=product&#038;p=37742"},"modified":"2025-09-17T18:58:27","modified_gmt":"2025-09-17T18:58:27","slug":"verifone-v210-kilif-buyuk","status":"publish","type":"product","link":"https:\/\/paymentdiscounter.com\/tr\/product\/verifone-v210-kilif-buyuk\/","title":{"rendered":"Verifone V210 K\u0131l\u0131f B\u00fcy\u00fck"},"content":{"rendered":"<p>Verifone V210 K\u0131l\u0131f, \u00f6deme terminalinizi g\u00fcvende ve her zaman ula\u015fabilece\u011finiz bir yerde tutan dayan\u0131kl\u0131 ve hafif bir ta\u015f\u0131ma \u00e7\u00f6z\u00fcm\u00fcd\u00fcr. Sa\u011flam Cordura\u00ae kuma\u015ftan \u00fcretilen bu 75 g'l\u0131k ince k\u0131l\u0131f, g\u00fcnl\u00fck profesyonel kullan\u0131m i\u00e7in m\u00fckemmel y\u0131rt\u0131lma direnci, g\u00fc\u00e7 ve uzun \u00f6m\u00fcrl\u00fc konfor sa\u011flar.<\/p>\n<p>Klasik terminal tasar\u0131mlar\u0131na uygun olarak tasarlanan bu \u00fcr\u00fcn, g\u00fcvenli sabitleme i\u00e7in gizli bir Velcro kapa\u011fa, daha fazla pratiklik i\u00e7in entegre bir kalem tutucuya ve esnek ta\u015f\u0131ma i\u00e7in iste\u011fe ba\u011fl\u0131 omuz ask\u0131s\u0131 uyumlulu\u011funa sahiptir.<\/p>\n<ul>\n<li>Dayan\u0131kl\u0131 Cordura\u00ae malzeme: 5 y\u0131l garanti dahildir<\/li>\n<li>Hafif tasar\u0131m: Sadece 75 g<\/li>\n<li>G\u00fcnl\u00fck i\u015fler i\u00e7in entegre kalemlik<\/li>\n<li>G\u00fcvenli gizli Velcro ba\u011flant\u0131<\/li>\n<li>Opsiyonel omuz ask\u0131s\u0131 deste\u011fi<\/li>\n<li>Klasik \u00f6deme terminali modellerine uyar<\/li>\n<\/ul>","protected":false},"excerpt":{"rendered":"<p>Verifone V210 K\u0131l\u0131f, kafelerde, restoranlarda ve etkinlik ortamlar\u0131nda kullan\u0131lmak \u00fczere tasarlanm\u0131\u015f hafif bir eller serbest ta\u015f\u0131ma aksesuar\u0131d\u0131r. Yaln\u0131zca 75 gram a\u011f\u0131rl\u0131\u011f\u0131yla \u00f6deme terminalinizi elinizin alt\u0131nda tutmak i\u00e7in g\u00fcvenli ve kullan\u0131\u015fl\u0131 bir yol sa\u011flar.<\/p>\n<p>K\u0131l\u0131f, g\u00fcvenilir ba\u011flant\u0131 i\u00e7in sa\u011flam bir kemer kay\u0131\u015f\u0131 ile birlikte gelir ve daha fazla esneklik i\u00e7in iste\u011fe ba\u011fl\u0131 omuz ask\u0131s\u0131 uyumlulu\u011fu i\u00e7erir.<\/p>\n<ul>\n<li>Dayan\u0131kl\u0131 Cordura\u00ae yap\u0131<\/li>\n<li>G\u00fcvenli kemer kay\u0131\u015f\u0131 dahildir<\/li>\n<li>Hafif yap\u0131: Sadece 75 g<\/li>\n<li>5 y\u0131l garanti sa\u011flanm\u0131\u015ft\u0131r<\/li>\n<\/ul>","protected":false},"featured_media":37748,"comment_status":"closed","ping_status":"closed","template":"","meta":[],"product_cat":[791,2754],"product_tag":[702,3816,2756,4067,3338,4032,2755,4066],"acf":[],"_links":{"self":[{"href":"https:\/\/paymentdiscounter.com\/tr\/wp-json\/wp\/v2\/product\/37742"}],"collection":[{"href":"https:\/\/paymentdiscounter.com\/tr\/wp-json\/wp\/v2\/product"}],"about":[{"href":"https:\/\/paymentdiscounter.com\/tr\/wp-json\/wp\/v2\/types\/product"}],"replies":[{"embeddable":true,"href":"https:\/\/paymentdiscounter.com\/tr\/wp-json\/wp\/v2\/comments?post=37742"}],"version-history":[{"count":1,"href":"https:\/\/paymentdiscounter.com\/tr\/wp-json\/wp\/v2\/product\/37742\/revisions"}],"predecessor-version":[{"id":37749,"href":"https:\/\/paymentdiscounter.com\/tr\/wp-json\/wp\/v2\/product\/37742\/revisions\/37749"}],"wp:featuredmedia":[{"embeddable":true,"href":"https:\/\/paymentdiscounter.com\/tr\/wp-json\/wp\/v2\/media\/37748"}],"wp:attachment":[{"href":"https:\/\/paymentdiscounter.com\/tr\/wp-json\/wp\/v2\/media?parent=37742"}],"wp:term":[{"taxonomy":"product_cat","embeddable":true,"href":"https:\/\/paymentdiscounter.com\/tr\/wp-json\/wp\/v2\/product_cat?post=37742"},{"taxonomy":"product_tag","embeddable":true,"href":"https:\/\/paymentdiscounter.com\/tr\/wp-json\/wp\/v2\/product_tag?post=37742"}],"curies":[{"name":"wp","href":"https:\/\/api.w.org\/{rel}","templated":true}]}}