{"id":37734,"date":"2025-09-17T18:41:16","date_gmt":"2025-09-17T18:41:16","guid":{"rendered":"https:\/\/paymentdiscounter.com\/?post_type=product&#038;p=37734"},"modified":"2025-09-17T18:48:43","modified_gmt":"2025-09-17T18:48:43","slug":"verifone-v200t-kilif-buyuk","status":"publish","type":"product","link":"https:\/\/paymentdiscounter.com\/tr\/product\/verifone-v200t-kilif-buyuk\/","title":{"rendered":"Verifone V200t K\u0131l\u0131f B\u00fcy\u00fck"},"content":{"rendered":"<p>Verifone V200t K\u0131l\u0131f, \u00f6deme terminalinizi korur ve her zaman kullan\u0131ma haz\u0131r tutar. Bu ince k\u0131l\u0131f, g\u00fcnl\u00fck profesyonel kullan\u0131m i\u00e7in ola\u011fan\u00fcst\u00fc y\u0131rt\u0131lma direnci, g\u00fc\u00e7 ve kal\u0131c\u0131 konfor sunan dayan\u0131kl\u0131 Cordura\u00ae kuma\u015ftan \u00fcretilmi\u015ftir.<\/p>\n<p>Geleneksel terminal modelleri i\u00e7in tasarlanan bu \u00fcr\u00fcn, g\u00fcvenli sabitleme i\u00e7in gizli bir Velcro kapa\u011fa, pratik bir kalem tutucuya ve esnek ta\u015f\u0131ma i\u00e7in iste\u011fe ba\u011fl\u0131 omuz ask\u0131s\u0131 deste\u011fine sahiptir.<\/p>\n<ul>\n<li>G\u00fc\u00e7l\u00fc Cordura\u00ae yap\u0131: 5 y\u0131l garanti dahildir<\/li>\n<li>Ultra hafif tasar\u0131m: Sadece 75 g<\/li>\n<li>Kolayl\u0131k i\u00e7in dahili kalem tutucu<\/li>\n<li>Gizli Velcro ba\u011flama sistemi<\/li>\n<li>Opsiyonel omuz ask\u0131s\u0131 uyumlulu\u011fu<\/li>\n<li>Klasik \u00f6deme terminalleri i\u00e7in m\u00fckemmel uyum<\/li>\n<\/ul>","protected":false},"excerpt":{"rendered":"<p>Verifone V200t K\u0131l\u0131f, \u00f6deme terminalinizi restoranlarda, kafelerde veya etkinliklerde ta\u015f\u0131mak i\u00e7in pratik, eller serbest bir \u00e7\u00f6z\u00fcm sunar. Birinci s\u0131n\u0131f Cordura\u00ae kuma\u015ftan \u00fcretilmi\u015ftir ve uzun \u00f6m\u00fcrl\u00fc dayan\u0131kl\u0131l\u0131\u011f\u0131 hafif konforla birle\u015ftirir.<\/p>\n<p>G\u00fcvenli bir kemer kay\u0131\u015f\u0131 ve iste\u011fe ba\u011fl\u0131 omuz ask\u0131s\u0131 ile donat\u0131lm\u0131\u015ft\u0131r.<\/p>\n<ul>\n<li>Premium Cordura\u00ae malzeme<\/li>\n<li>Sa\u011flam kemer kay\u0131\u015f\u0131 i\u00e7erir<\/li>\n<li>T\u00fcy kadar hafif yap\u0131: Sadece 75 g<\/li>\n<li>Opsiyonel omuz ask\u0131s\u0131 uyumlu<\/li>\n<li>5 y\u0131l garanti dahildir<\/li>\n<\/ul>","protected":false},"featured_media":37735,"comment_status":"closed","ping_status":"closed","template":"","meta":[],"product_cat":[791,3251],"product_tag":[702,3816,3253,4065,3338,4032,3252,4064],"acf":[],"_links":{"self":[{"href":"https:\/\/paymentdiscounter.com\/tr\/wp-json\/wp\/v2\/product\/37734"}],"collection":[{"href":"https:\/\/paymentdiscounter.com\/tr\/wp-json\/wp\/v2\/product"}],"about":[{"href":"https:\/\/paymentdiscounter.com\/tr\/wp-json\/wp\/v2\/types\/product"}],"replies":[{"embeddable":true,"href":"https:\/\/paymentdiscounter.com\/tr\/wp-json\/wp\/v2\/comments?post=37734"}],"version-history":[{"count":1,"href":"https:\/\/paymentdiscounter.com\/tr\/wp-json\/wp\/v2\/product\/37734\/revisions"}],"predecessor-version":[{"id":37741,"href":"https:\/\/paymentdiscounter.com\/tr\/wp-json\/wp\/v2\/product\/37734\/revisions\/37741"}],"wp:featuredmedia":[{"embeddable":true,"href":"https:\/\/paymentdiscounter.com\/tr\/wp-json\/wp\/v2\/media\/37735"}],"wp:attachment":[{"href":"https:\/\/paymentdiscounter.com\/tr\/wp-json\/wp\/v2\/media?parent=37734"}],"wp:term":[{"taxonomy":"product_cat","embeddable":true,"href":"https:\/\/paymentdiscounter.com\/tr\/wp-json\/wp\/v2\/product_cat?post=37734"},{"taxonomy":"product_tag","embeddable":true,"href":"https:\/\/paymentdiscounter.com\/tr\/wp-json\/wp\/v2\/product_tag?post=37734"}],"curies":[{"name":"wp","href":"https:\/\/api.w.org\/{rel}","templated":true}]}}