{"id":37726,"date":"2025-09-17T18:31:55","date_gmt":"2025-09-17T18:31:55","guid":{"rendered":"https:\/\/paymentdiscounter.com\/?post_type=product&#038;p=37726"},"modified":"2025-09-17T18:40:40","modified_gmt":"2025-09-17T18:40:40","slug":"verifone-t650p-kilif-buyuk","status":"publish","type":"product","link":"https:\/\/paymentdiscounter.com\/tr\/product\/verifone-t650p-kilif-buyuk\/","title":{"rendered":"Verifone T650p K\u0131l\u0131f B\u00fcy\u00fck"},"content":{"rendered":"<p>Verifone T650p K\u0131l\u0131f, \u00f6deme terminalinizi korur, hafiftir ve her zaman kullan\u0131ma haz\u0131rd\u0131r. Sadece 75 gram a\u011f\u0131rl\u0131\u011f\u0131ndaki bu ince k\u0131l\u0131f, y\u0131rt\u0131lmaya kar\u015f\u0131 m\u00fckemmel diren\u00e7 sa\u011flayan sa\u011flam Cordura\u00ae kuma\u015ftan \u00fcretilmi\u015ftir.<\/p>\n<p>Geleneksel \u00f6deme terminalleri i\u00e7in tasarlanan bu \u00fcr\u00fcn, g\u00fcvenli sabitleme i\u00e7in gizli bir Velcro kapa\u011fa, ekstra rahatl\u0131k i\u00e7in yerle\u015fik bir kalem tutucuya ve esnek ta\u015f\u0131ma i\u00e7in iste\u011fe ba\u011fl\u0131 omuz ask\u0131s\u0131 uyumlulu\u011funa sahiptir. 5 y\u0131ll\u0131k garanti ile desteklenmektedir.<\/p>\n<ul>\n<li>G\u00fc\u00e7l\u00fc Cordura\u00ae kuma\u015f: 5 y\u0131l garanti dahildir<\/li>\n<li>Hafif yap\u0131: Sadece 75 g<\/li>\n<li>Kolayl\u0131k i\u00e7in entegre kalem tutucu<\/li>\n<li>G\u00fcvenli gizli Velcro ba\u011flant\u0131<\/li>\n<li>Opsiyonel omuz ask\u0131s\u0131 uyumlu<\/li>\n<li>Klasik \u00f6deme terminalleri i\u00e7in m\u00fckemmel uyum<\/li>\n<\/ul>","protected":false},"excerpt":{"rendered":"<p>Verifone T650p K\u0131l\u0131f, kafelerde, restoranlarda ve etkinlik ortamlar\u0131nda \u00f6deme terminallerini ta\u015f\u0131mak i\u00e7in pratik bir eller serbest aksesuard\u0131r. Birinci s\u0131n\u0131f Cordura\u00ae kuma\u015ftan \u00fcretilmi\u015ftir ve dayan\u0131kl\u0131l\u0131\u011f\u0131 hafif konforla birle\u015ftirir.<\/p>\n<ul>\n<li>Premium Cordura\u00ae uzun \u00f6m\u00fcrl\u00fc kuma\u015f<\/li>\n<li>Sa\u011flam kemer kay\u0131\u015f\u0131 i\u00e7erir<\/li>\n<li>T\u00fcy kadar hafif yap\u0131: Sadece 75 g<\/li>\n<li>Opsiyonel omuz ask\u0131s\u0131 uyumlu<\/li>\n<li>5 y\u0131l garanti dahildir<\/li>\n<\/ul>","protected":false},"featured_media":37730,"comment_status":"closed","ping_status":"closed","template":"","meta":[],"product_cat":[791,1601],"product_tag":[702,3816,3373,4063,3338,4032,1786,4062],"acf":[],"_links":{"self":[{"href":"https:\/\/paymentdiscounter.com\/tr\/wp-json\/wp\/v2\/product\/37726"}],"collection":[{"href":"https:\/\/paymentdiscounter.com\/tr\/wp-json\/wp\/v2\/product"}],"about":[{"href":"https:\/\/paymentdiscounter.com\/tr\/wp-json\/wp\/v2\/types\/product"}],"replies":[{"embeddable":true,"href":"https:\/\/paymentdiscounter.com\/tr\/wp-json\/wp\/v2\/comments?post=37726"}],"version-history":[{"count":1,"href":"https:\/\/paymentdiscounter.com\/tr\/wp-json\/wp\/v2\/product\/37726\/revisions"}],"predecessor-version":[{"id":37733,"href":"https:\/\/paymentdiscounter.com\/tr\/wp-json\/wp\/v2\/product\/37726\/revisions\/37733"}],"wp:featuredmedia":[{"embeddable":true,"href":"https:\/\/paymentdiscounter.com\/tr\/wp-json\/wp\/v2\/media\/37730"}],"wp:attachment":[{"href":"https:\/\/paymentdiscounter.com\/tr\/wp-json\/wp\/v2\/media?parent=37726"}],"wp:term":[{"taxonomy":"product_cat","embeddable":true,"href":"https:\/\/paymentdiscounter.com\/tr\/wp-json\/wp\/v2\/product_cat?post=37726"},{"taxonomy":"product_tag","embeddable":true,"href":"https:\/\/paymentdiscounter.com\/tr\/wp-json\/wp\/v2\/product_tag?post=37726"}],"curies":[{"name":"wp","href":"https:\/\/api.w.org\/{rel}","templated":true}]}}