{"id":37564,"date":"2025-09-16T19:35:50","date_gmt":"2025-09-16T19:35:50","guid":{"rendered":"https:\/\/paymentdiscounter.com\/?post_type=product&#038;p=37564"},"modified":"2025-09-16T19:51:18","modified_gmt":"2025-09-16T19:51:18","slug":"verifone-e280s-kilif-kompakt","status":"publish","type":"product","link":"https:\/\/paymentdiscounter.com\/tr\/product\/verifone-e280s-kilif-kompakt\/","title":{"rendered":"Verifone E280s K\u0131l\u0131f Kompakt"},"content":{"rendered":"<p>Verifone E280s Holster Compact, sadece 66 g a\u011f\u0131rl\u0131\u011f\u0131yla \u00f6deme terminalinizi ta\u015f\u0131mak i\u00e7in g\u00fcvenli ve ultra hafif bir yol sunar. Standart kuma\u015flardan on kat daha g\u00fc\u00e7l\u00fc olan Cordura\u00ae'dan \u00fcretilen bu k\u0131l\u0131f, ola\u011fan\u00fcst\u00fc dayan\u0131kl\u0131l\u0131k ve koruma sa\u011flar. Her g\u00fcn g\u00fcvenilirlik ve konfora ihtiya\u00e7 duyan perakende, teslimat ve mobil sat\u0131\u015f profesyonelleri i\u00e7in tasarlanm\u0131\u015ft\u0131r.<\/p>\n<p>Gizli bir Velcro tutturucu, entegre bir kalem tutucu ve k\u00fc\u00e7\u00fck e\u015fyalar veya notlar i\u00e7in ekstra bir b\u00f6lme ile donat\u0131lm\u0131\u015ft\u0131r. Hem g\u00fcvenlik hem de pratiklik sa\u011flar. K\u0131l\u0131f 30 mm kal\u00e7a kemeri ile birlikte gelir ve esnek ta\u015f\u0131ma konforu i\u00e7in iste\u011fe ba\u011fl\u0131 bir omuz ask\u0131s\u0131 ile de kullan\u0131labilir.<\/p>\n<p><strong>Teknik \u00d6zellikler<\/strong><\/p>\n<ul>\n<li>Otantik Cordura\u00ae'dan \u00fcretilmi\u015ftir - standart kuma\u015ftan 10 kata kadar daha g\u00fc\u00e7l\u00fcd\u00fcr<\/li>\n<li>Hafif yap\u0131 - sadece 66 g<\/li>\n<li>Dayan\u0131kl\u0131l\u0131k 5 y\u0131l garantilidir<\/li>\n<li>Ak\u0131ll\u0131 telefon boyutundaki \u00f6deme cihazlar\u0131 i\u00e7in uygundur<\/li>\n<li>G\u00fcvenli oturu\u015f i\u00e7in gizli Velcro kapatma<\/li>\n<li>30 mm kal\u00e7a kemeri i\u00e7erir<\/li>\n<li>Opsiyonel omuz ask\u0131s\u0131 deste\u011fi<\/li>\n<li>Aksesuarlar veya makbuzlar i\u00e7in ekstra cep<\/li>\n<li>G\u00fcnl\u00fck kullan\u0131m i\u00e7in dahili kalem yuvas\u0131<\/li>\n<\/ul>","protected":false},"excerpt":{"rendered":"<p>Verifone E280s Holster Compact, ak\u0131ll\u0131 telefon boyutundaki \u00f6deme terminallerini korumak ve ta\u015f\u0131mak i\u00e7in tasarlanm\u0131\u015f, yaln\u0131zca 66 gram a\u011f\u0131rl\u0131\u011f\u0131nda hafif bir ta\u015f\u0131ma \u00e7\u00f6z\u00fcm\u00fcd\u00fcr. Sa\u011flam Cordura\u00ae malzemeden \u00fcretilen bu k\u0131l\u0131f perakende, teslimat ve mobil \u00f6deme ortamlar\u0131nda yo\u011fun g\u00fcnl\u00fck kullan\u0131m i\u00e7in \u00fcretilmi\u015ftir.<\/p>\n<p>Kal\u00e7a kemeri ve iste\u011fe ba\u011fl\u0131 omuz ask\u0131s\u0131 ile uyumlu olarak sunulan bu \u00fcr\u00fcn, \u00e7ok y\u00f6nl\u00fc ta\u015f\u0131ma konforu sunarak hareket halindeki profesyoneller i\u00e7in m\u00fckemmel bir yol arkada\u015f\u0131d\u0131r.<\/p>\n<ul>\n<li>T\u00fcy kadar hafif - sadece 66 g<\/li>\n<li>G\u00fcvenli Velcro sabitleme sistemi<\/li>\n<li>Opsiyonel omuz ask\u0131s\u0131 deste\u011fi<\/li>\n<li>Kal\u00e7a kemeri ile birlikte verilir<\/li>\n<li>5 y\u0131l garanti ile birlikte gelir<\/li>\n<\/ul>","protected":false},"featured_media":37565,"comment_status":"closed","ping_status":"closed","template":"","meta":[],"product_cat":[791,1595],"product_tag":[4034,702,3816,3338,1781,4033,4032],"acf":[],"_links":{"self":[{"href":"https:\/\/paymentdiscounter.com\/tr\/wp-json\/wp\/v2\/product\/37564"}],"collection":[{"href":"https:\/\/paymentdiscounter.com\/tr\/wp-json\/wp\/v2\/product"}],"about":[{"href":"https:\/\/paymentdiscounter.com\/tr\/wp-json\/wp\/v2\/types\/product"}],"replies":[{"embeddable":true,"href":"https:\/\/paymentdiscounter.com\/tr\/wp-json\/wp\/v2\/comments?post=37564"}],"version-history":[{"count":1,"href":"https:\/\/paymentdiscounter.com\/tr\/wp-json\/wp\/v2\/product\/37564\/revisions"}],"predecessor-version":[{"id":37569,"href":"https:\/\/paymentdiscounter.com\/tr\/wp-json\/wp\/v2\/product\/37564\/revisions\/37569"}],"wp:featuredmedia":[{"embeddable":true,"href":"https:\/\/paymentdiscounter.com\/tr\/wp-json\/wp\/v2\/media\/37565"}],"wp:attachment":[{"href":"https:\/\/paymentdiscounter.com\/tr\/wp-json\/wp\/v2\/media?parent=37564"}],"wp:term":[{"taxonomy":"product_cat","embeddable":true,"href":"https:\/\/paymentdiscounter.com\/tr\/wp-json\/wp\/v2\/product_cat?post=37564"},{"taxonomy":"product_tag","embeddable":true,"href":"https:\/\/paymentdiscounter.com\/tr\/wp-json\/wp\/v2\/product_tag?post=37564"}],"curies":[{"name":"wp","href":"https:\/\/api.w.org\/{rel}","templated":true}]}}