{"id":37506,"date":"2025-09-16T18:30:44","date_gmt":"2025-09-16T18:30:44","guid":{"rendered":"https:\/\/paymentdiscounter.com\/?post_type=product&#038;p=37506"},"modified":"2025-09-16T18:34:38","modified_gmt":"2025-09-16T18:34:38","slug":"pax-a930-rtx-kilif-buyuk","status":"publish","type":"product","link":"https:\/\/paymentdiscounter.com\/tr\/product\/pax-a930-rtx-kilif-buyuk\/","title":{"rendered":"Pax A930 RTX K\u0131l\u0131f B\u00fcy\u00fck"},"content":{"rendered":"<p>Pax A930 RTX Holster Large, \u00f6deme terminalinizin her zaman g\u00fcvenli, ta\u015f\u0131mas\u0131 rahat ve depolarda, perakende veya lojistikte kullan\u0131ma haz\u0131r olmas\u0131n\u0131 sa\u011flar. Sa\u011flam Cordura\u00ae'dan \u00fcretilen 75 g a\u011f\u0131rl\u0131\u011f\u0131ndaki bu hafif k\u0131l\u0131f, g\u00fcc\u00fc g\u00fcnl\u00fck pratiklikle birle\u015ftirir. Gizli bir Velcro kapama, kalem tutucu ve omuz ask\u0131s\u0131 se\u00e7ene\u011fi ile donat\u0131lm\u0131\u015f olan bu k\u0131l\u0131f, geleneksel \u00f6deme cihazlar\u0131 i\u00e7in dayan\u0131kl\u0131 ve profesyonel bir \u00e7\u00f6z\u00fcmd\u00fcr.<\/p>\n<ul>\n<li>Esnek Cordura\u00ae kuma\u015f - 5 y\u0131l garanti<\/li>\n<li>Hafif yap\u0131 - sadece 75 g<\/li>\n<li>G\u00fcnl\u00fck i\u015fler i\u00e7in dahili kalem yuvas\u0131<\/li>\n<li>Gizli Velcro kapama<\/li>\n<li>Opsiyonel omuz ask\u0131s\u0131n\u0131 destekler<\/li>\n<li>Standart \u00f6deme terminalleri i\u00e7in tasarlanm\u0131\u015ft\u0131r<\/li>\n<\/ul>","protected":false},"excerpt":{"rendered":"<p>Pax A930 RTX K\u0131l\u0131f, etkinlikler s\u0131ras\u0131nda, kafelerde veya restoran hizmetlerinde \u00f6deme terminallerini ta\u015f\u0131mak i\u00e7in ak\u0131ll\u0131 ve rahat bir \u00e7\u00f6z\u00fcm sunar. Dayan\u0131kl\u0131 Cordura\u00ae'dan \u00fcretilen bu ultra hafif 75 g k\u0131l\u0131f, g\u00fcnl\u00fck stabilite, uzun vadeli g\u00fcvenilirlik ve konfor sunar. G\u00fcvenli bir kemer kay\u0131\u015f\u0131, entegre kalem tutucu ve iste\u011fe ba\u011fl\u0131 omuz ask\u0131s\u0131 deste\u011fi ile klasik \u00f6deme terminali modelleri i\u00e7in m\u00fckemmel bir uyum sa\u011flar.<\/p>\n<ul>\n<li>Premium Cordura\u00ae yap\u0131 - uzun \u00f6m\u00fcrl\u00fcd\u00fcr<\/li>\n<li>Opsiyonel omuz ask\u0131s\u0131 haz\u0131r<\/li>\n<li>G\u00fc\u00e7lendirilmi\u015f kemer kay\u0131\u015f\u0131 ile birlikte gelir<\/li>\n<li>Pratik kullan\u0131m i\u00e7in entegre kalemlik<\/li>\n<li>Sadece 75 g a\u011f\u0131rl\u0131\u011f\u0131nda - ultra hafif<\/li>\n<li>5 y\u0131l garanti dahildir<\/li>\n<\/ul>","protected":false},"featured_media":37512,"comment_status":"closed","ping_status":"closed","template":"","meta":[],"product_cat":[730,2648],"product_tag":[4023,702,2649,4022,2611,3983,3816],"acf":[],"_links":{"self":[{"href":"https:\/\/paymentdiscounter.com\/tr\/wp-json\/wp\/v2\/product\/37506"}],"collection":[{"href":"https:\/\/paymentdiscounter.com\/tr\/wp-json\/wp\/v2\/product"}],"about":[{"href":"https:\/\/paymentdiscounter.com\/tr\/wp-json\/wp\/v2\/types\/product"}],"replies":[{"embeddable":true,"href":"https:\/\/paymentdiscounter.com\/tr\/wp-json\/wp\/v2\/comments?post=37506"}],"version-history":[{"count":1,"href":"https:\/\/paymentdiscounter.com\/tr\/wp-json\/wp\/v2\/product\/37506\/revisions"}],"predecessor-version":[{"id":37515,"href":"https:\/\/paymentdiscounter.com\/tr\/wp-json\/wp\/v2\/product\/37506\/revisions\/37515"}],"wp:featuredmedia":[{"embeddable":true,"href":"https:\/\/paymentdiscounter.com\/tr\/wp-json\/wp\/v2\/media\/37512"}],"wp:attachment":[{"href":"https:\/\/paymentdiscounter.com\/tr\/wp-json\/wp\/v2\/media?parent=37506"}],"wp:term":[{"taxonomy":"product_cat","embeddable":true,"href":"https:\/\/paymentdiscounter.com\/tr\/wp-json\/wp\/v2\/product_cat?post=37506"},{"taxonomy":"product_tag","embeddable":true,"href":"https:\/\/paymentdiscounter.com\/tr\/wp-json\/wp\/v2\/product_tag?post=37506"}],"curies":[{"name":"wp","href":"https:\/\/api.w.org\/{rel}","templated":true}]}}