{"id":37475,"date":"2025-09-16T18:11:25","date_gmt":"2025-09-16T18:11:25","guid":{"rendered":"https:\/\/paymentdiscounter.com\/?post_type=product&#038;p=37475"},"modified":"2025-09-16T18:15:56","modified_gmt":"2025-09-16T18:15:56","slug":"pax-a920-max-kilif-buyuk","status":"publish","type":"product","link":"https:\/\/paymentdiscounter.com\/tr\/product\/pax-a920-max-kilif-buyuk\/","title":{"rendered":"PAX A920 MAX K\u0131l\u0131f B\u00fcy\u00fck"},"content":{"rendered":"<p>PAX A920 MAX Holster Large, zorlu perakende, depo ve lojistik ortamlar\u0131nda \u00f6deme terminalinizin g\u00fcvenli, hafif ve her zaman eri\u015filebilir olmas\u0131n\u0131 sa\u011flar. Sa\u011flam Cordura\u00ae malzemeden \u00fcretilen 75 g a\u011f\u0131rl\u0131\u011f\u0131ndaki bu k\u0131l\u0131f g\u00fc\u00e7, konfor ve uzun s\u00fcreli g\u00fcvenilirlik sunar. Gizli Velcro kapama, entegre kalem tutucu ve iste\u011fe ba\u011fl\u0131 omuz ask\u0131s\u0131 deste\u011fi ile geleneksel \u015fekilli \u00f6deme cihazlar\u0131 i\u00e7in g\u00fcvenilir bir uyum sa\u011flar.<\/p>\n<ul>\n<li>G\u00fc\u00e7l\u00fc Cordura\u00ae malzeme - 5 y\u0131l garanti i\u00e7erir<\/li>\n<li>Ultra hafif - sadece 75 g<\/li>\n<li>G\u00fcnl\u00fck kullan\u0131m i\u00e7in dahili kalem tutucu<\/li>\n<li>Gizli Velcro kapatma<\/li>\n<li>Omuz ask\u0131s\u0131 ile uyumlu<\/li>\n<li>Klasik terminal modelleri i\u00e7in tasarlanm\u0131\u015ft\u0131r<\/li>\n<\/ul>","protected":false},"excerpt":{"rendered":"<p>PAX A920 MAX K\u0131l\u0131f, restoranlarda, kafelerde ve etkinlik ortamlar\u0131nda eller serbest \u00f6deme i\u015flemleri i\u00e7in idealdir. Dayan\u0131kl\u0131 Cordura\u00ae'dan \u00fcretilen bu ultra hafif 75 g k\u0131l\u0131f, g\u00fcnl\u00fck konfor, g\u00fcvenilir stabilite ve uzun \u00f6m\u00fcrl\u00fc kullan\u0131m sa\u011flar. Sa\u011flam bir kemer kay\u0131\u015f\u0131, entegre kalem tutucu ve iste\u011fe ba\u011fl\u0131 omuz kay\u0131\u015f\u0131 deste\u011fi ile geleneksel \u00f6deme terminalleri i\u00e7in m\u00fckemmel bir e\u015ftir.<\/p>\n<ul>\n<li>Dayan\u0131kl\u0131 Cordura\u00ae malzeme - uzun \u00f6m\u00fcrl\u00fcd\u00fcr<\/li>\n<li>Opsiyonel omuz ask\u0131s\u0131 haz\u0131r<\/li>\n<li>G\u00fcvenli kemer kay\u0131\u015f\u0131 dahildir<\/li>\n<li>Kolayl\u0131k i\u00e7in entegre kalem tutucu<\/li>\n<li>Ultra hafif - sadece 75 g<\/li>\n<li>5 y\u0131ll\u0131k garanti ile desteklenir<\/li>\n<\/ul>","protected":false},"featured_media":37480,"comment_status":"closed","ping_status":"closed","template":"","meta":[],"product_cat":[730,2644],"product_tag":[2646,4017,702,2645,4016,2611,3983,3816],"acf":[],"_links":{"self":[{"href":"https:\/\/paymentdiscounter.com\/tr\/wp-json\/wp\/v2\/product\/37475"}],"collection":[{"href":"https:\/\/paymentdiscounter.com\/tr\/wp-json\/wp\/v2\/product"}],"about":[{"href":"https:\/\/paymentdiscounter.com\/tr\/wp-json\/wp\/v2\/types\/product"}],"replies":[{"embeddable":true,"href":"https:\/\/paymentdiscounter.com\/tr\/wp-json\/wp\/v2\/comments?post=37475"}],"version-history":[{"count":1,"href":"https:\/\/paymentdiscounter.com\/tr\/wp-json\/wp\/v2\/product\/37475\/revisions"}],"predecessor-version":[{"id":37485,"href":"https:\/\/paymentdiscounter.com\/tr\/wp-json\/wp\/v2\/product\/37475\/revisions\/37485"}],"wp:featuredmedia":[{"embeddable":true,"href":"https:\/\/paymentdiscounter.com\/tr\/wp-json\/wp\/v2\/media\/37480"}],"wp:attachment":[{"href":"https:\/\/paymentdiscounter.com\/tr\/wp-json\/wp\/v2\/media?parent=37475"}],"wp:term":[{"taxonomy":"product_cat","embeddable":true,"href":"https:\/\/paymentdiscounter.com\/tr\/wp-json\/wp\/v2\/product_cat?post=37475"},{"taxonomy":"product_tag","embeddable":true,"href":"https:\/\/paymentdiscounter.com\/tr\/wp-json\/wp\/v2\/product_tag?post=37475"}],"curies":[{"name":"wp","href":"https:\/\/api.w.org\/{rel}","templated":true}]}}