{"id":3737,"date":"2018-10-15T18:33:17","date_gmt":"2018-10-15T18:33:17","guid":{"rendered":"https:\/\/paymentdiscounter.com\/product\/worldline-yomani-standaard\/"},"modified":"2025-01-13T22:31:33","modified_gmt":"2025-01-13T22:31:33","slug":"worldline-yomani-standi-komple-tailwind","status":"publish","type":"product","link":"https:\/\/paymentdiscounter.com\/tr\/product\/worldline-yomani-standi-komple-tailwind\/","title":{"rendered":"Worldline Yomani Stand Komple | Tailwind"},"content":{"rendered":"<p>Worldline Yomani Stand\u0131 Komple<br \/>\nWoldline Yomani Dire\u011fi, sabit bir saya\u00e7 kurulumuna sahip giri\u015fimciler i\u00e7in idealdir. D\u00f6ner taban, worldline terminaliniz i\u00e7in sabit bir konum sa\u011flar ve tezgah\u0131n\u0131zda ihtiya\u00e7 duyulan alan\u0131 azalt\u0131r. Kaza riskini azalt\u0131r ve makinenizin sudan veya d\u00fc\u015fmeden zarar g\u00f6rmesini \u00f6nlemeye yard\u0131mc\u0131 olur.<\/p>\n<p>Worldline Direk modellerde mevcuttur: Al\u00e7ak | Y\u00fcksek | Duvara montaj.<br \/>\nYomova Dire\u011fi, \u00fcr\u00fcnle birlikte verilen yap\u0131\u015fkan \u015ferit veya vida seti kullan\u0131larak tak\u0131labilir.<\/p>\n<p>Faydalar\u0131<\/p>\n<ul>\n<li>Art\u0131r\u0131lm\u0131\u015f ve g\u00fc\u00e7lendirilmi\u015f montaj \u00e7\u00f6z\u00fcm\u00fc.<\/li>\n<li>140 dereceye kadar e\u011filebilir.<\/li>\n<li>330 dereceye kadar d\u00f6nd\u00fcr\u00fclebilir.<\/li>\n<li>Montaj plakas\u0131 dahil olarak teslim edilir.<\/li>\n<li>Vida veya yap\u0131\u015fkan \u015feritlerle tutturulabilir.<\/li>\n<li>Kablolar\u0131n kopmas\u0131n\u0131 \u00f6nler.<\/li>\n<\/ul>\n<p>&nbsp;<\/p>","protected":false},"excerpt":{"rendered":"<p>\u00c7al\u0131\u015f\u0131rken daha fazla rahatl\u0131k ve \u00f6zg\u00fcrl\u00fck i\u00e7in Worldline Yomani Dire\u011fini tezgah\u0131n\u0131za veya Duvar\u0131n\u0131za takman\u0131z yeterlidir. \u00d6deme dire\u011fi size ekstra rahatl\u0131k ve g\u00fcvenlik sa\u011flar ve 330 dereceye kadar d\u00f6ner ve e\u011filir. Modelleri g\u00f6r\u00fcnt\u00fcleyin ve sabit dire\u011finizi \u00e7evrimi\u00e7i olarak kolayca sipari\u015f edin.<\/p>","protected":false},"featured_media":9897,"comment_status":"closed","ping_status":"closed","template":"","meta":[],"product_cat":[804,833],"product_tag":[3349,1326,768,933,3342,934,1205,3343,935],"acf":[],"_links":{"self":[{"href":"https:\/\/paymentdiscounter.com\/tr\/wp-json\/wp\/v2\/product\/3737"}],"collection":[{"href":"https:\/\/paymentdiscounter.com\/tr\/wp-json\/wp\/v2\/product"}],"about":[{"href":"https:\/\/paymentdiscounter.com\/tr\/wp-json\/wp\/v2\/types\/product"}],"replies":[{"embeddable":true,"href":"https:\/\/paymentdiscounter.com\/tr\/wp-json\/wp\/v2\/comments?post=3737"}],"version-history":[{"count":8,"href":"https:\/\/paymentdiscounter.com\/tr\/wp-json\/wp\/v2\/product\/3737\/revisions"}],"predecessor-version":[{"id":26886,"href":"https:\/\/paymentdiscounter.com\/tr\/wp-json\/wp\/v2\/product\/3737\/revisions\/26886"}],"wp:featuredmedia":[{"embeddable":true,"href":"https:\/\/paymentdiscounter.com\/tr\/wp-json\/wp\/v2\/media\/9897"}],"wp:attachment":[{"href":"https:\/\/paymentdiscounter.com\/tr\/wp-json\/wp\/v2\/media?parent=3737"}],"wp:term":[{"taxonomy":"product_cat","embeddable":true,"href":"https:\/\/paymentdiscounter.com\/tr\/wp-json\/wp\/v2\/product_cat?post=3737"},{"taxonomy":"product_tag","embeddable":true,"href":"https:\/\/paymentdiscounter.com\/tr\/wp-json\/wp\/v2\/product_tag?post=3737"}],"curies":[{"name":"wp","href":"https:\/\/api.w.org\/{rel}","templated":true}]}}