{"id":37368,"date":"2025-09-15T18:48:07","date_gmt":"2025-09-15T18:48:07","guid":{"rendered":"https:\/\/paymentdiscounter.com\/?post_type=product&#038;p=37368"},"modified":"2025-09-15T19:01:15","modified_gmt":"2025-09-15T19:01:15","slug":"pax-d188-kilif-kompakt-2","status":"publish","type":"product","link":"https:\/\/paymentdiscounter.com\/tr\/product\/pax-d188-kilif-kompakt-2\/","title":{"rendered":"PAX D188 K\u0131l\u0131f Kompakt"},"content":{"rendered":"<p><strong>PAX D188 K\u0131l\u0131f Kompakt<\/strong><br \/>\nSadece 66 gram a\u011f\u0131rl\u0131\u011f\u0131ndaki bu Cordura\u00ae k\u0131l\u0131f, mobil sat\u0131\u015f, perakende ve teslimat hizmetleri i\u00e7in m\u00fckemmeldir ve g\u00fcnl\u00fck kullan\u0131m s\u0131ras\u0131nda rahatl\u0131k sa\u011flar.<\/p>\n<p>Omuz ask\u0131s\u0131 ekleme se\u00e7ene\u011fi ile birlikte 30 mm geni\u015fli\u011finde bir kal\u00e7a kemeri i\u00e7erir. Gizli bir Velcro kapak terminali g\u00fcvende tutarken, entegre bir kalem tutucu ve ekstra bir cep notlar veya k\u00fc\u00e7\u00fck aksesuarlar i\u00e7in alan sa\u011flar.<\/p>\n<p>Orijinal Cordura\u00ae'dan (normal kuma\u015ftan 10 kata kadar daha g\u00fc\u00e7l\u00fc) \u00fcretilen PAX D188 K\u0131l\u0131f, t\u00fcccarlar i\u00e7in g\u00fcvenlik ve pratikli\u011fi garanti eder ve 5 y\u0131ll\u0131k g\u00fcvenilir bir garanti ile desteklenir.<\/p>\n<p><strong>Teknik \u00d6zellikler<\/strong><\/p>\n<ul>\n<li>Orijinal Cordura\u00ae malzeme - standart kuma\u015ftan 10 kata kadar daha g\u00fc\u00e7l\u00fc<\/li>\n<li>Son derece hafif: sadece 66 g<\/li>\n<li>Y\u0131rt\u0131lma direnci dahil dayan\u0131kl\u0131 5 y\u0131l garanti<\/li>\n<li>Ak\u0131ll\u0131 telefon boyutundaki \u00f6deme terminallerine uyar<\/li>\n<li>G\u00fcvenli Velcro kapatma, gizli tasar\u0131m<\/li>\n<li>30 mm geni\u015fli\u011finde kal\u00e7a kemeri dahildir<\/li>\n<li>\u0130ste\u011fe ba\u011fl\u0131 tak\u0131labilir omuz ask\u0131s\u0131<\/li>\n<li>Notlar veya aksesuarlar i\u00e7in ek cep<\/li>\n<li>Yerle\u015fik kalem tutucu<\/li>\n<\/ul>","protected":false},"excerpt":{"rendered":"<p>Sadece 66 gram a\u011f\u0131rl\u0131\u011f\u0131nda kompakt ve ultra hafif. PAX D188 K\u0131l\u0131f, ak\u0131ll\u0131 telefon boyutundaki \u00f6deme terminaliniz i\u00e7in g\u00fcvenilir koruma sa\u011flamak \u00fczere dayan\u0131kl\u0131 Cordura'dan yap\u0131lm\u0131\u015ft\u0131r.<br \/>\nG\u00fcvenli bir Velcro kapama, entegre bir kalem tutucu ve bir not defteri i\u00e7in ekstra alan ile donat\u0131lm\u0131\u015ft\u0131r. Perakende, teslimat ve mobil \u00f6deme ortamlar\u0131nda g\u00fcnl\u00fck kullan\u0131m i\u00e7in \u00f6zel olarak tasarlanm\u0131\u015ft\u0131r.<\/p>\n<p>Hareket halindeki profesyoneller i\u00e7in m\u00fckemmel olan bu \u00e7anta, omuz ask\u0131s\u0131 ve kal\u00e7a kemeri i\u00e7in ba\u011flant\u0131 noktalar\u0131na sahiptir ve bu sayede ideal bir g\u00fcnl\u00fck arkada\u015ft\u0131r.<\/p>\n<ul>\n<li>Dayan\u0131kl\u0131 Cordura malzeme<\/li>\n<li>G\u00fcvenli Velcro kapatma<\/li>\n<li>Entegre kalem tutucu<\/li>\n<li>Not defteri i\u00e7in ekstra alan<\/li>\n<li>Omuz ask\u0131s\u0131 i\u00e7in ba\u011flant\u0131 noktalar\u0131<\/li>\n<li>Kal\u00e7a kemeri i\u00e7erir<\/li>\n<li>Ultra hafif - sadece 66 g<\/li>\n<li>5 y\u0131l garanti<\/li>\n<\/ul>","protected":false},"featured_media":37387,"comment_status":"closed","ping_status":"closed","template":"","meta":[],"product_cat":[730,1589],"product_tag":[3446,3996,702,2611,1799,3995,3983,3816],"acf":[],"_links":{"self":[{"href":"https:\/\/paymentdiscounter.com\/tr\/wp-json\/wp\/v2\/product\/37368"}],"collection":[{"href":"https:\/\/paymentdiscounter.com\/tr\/wp-json\/wp\/v2\/product"}],"about":[{"href":"https:\/\/paymentdiscounter.com\/tr\/wp-json\/wp\/v2\/types\/product"}],"replies":[{"embeddable":true,"href":"https:\/\/paymentdiscounter.com\/tr\/wp-json\/wp\/v2\/comments?post=37368"}],"version-history":[{"count":3,"href":"https:\/\/paymentdiscounter.com\/tr\/wp-json\/wp\/v2\/product\/37368\/revisions"}],"predecessor-version":[{"id":37388,"href":"https:\/\/paymentdiscounter.com\/tr\/wp-json\/wp\/v2\/product\/37368\/revisions\/37388"}],"wp:featuredmedia":[{"embeddable":true,"href":"https:\/\/paymentdiscounter.com\/tr\/wp-json\/wp\/v2\/media\/37387"}],"wp:attachment":[{"href":"https:\/\/paymentdiscounter.com\/tr\/wp-json\/wp\/v2\/media?parent=37368"}],"wp:term":[{"taxonomy":"product_cat","embeddable":true,"href":"https:\/\/paymentdiscounter.com\/tr\/wp-json\/wp\/v2\/product_cat?post=37368"},{"taxonomy":"product_tag","embeddable":true,"href":"https:\/\/paymentdiscounter.com\/tr\/wp-json\/wp\/v2\/product_tag?post=37368"}],"curies":[{"name":"wp","href":"https:\/\/api.w.org\/{rel}","templated":true}]}}