{"id":37331,"date":"2025-09-15T18:22:32","date_gmt":"2025-09-15T18:22:32","guid":{"rendered":"https:\/\/paymentdiscounter.com\/?post_type=product&#038;p=37331"},"modified":"2025-09-15T18:31:47","modified_gmt":"2025-09-15T18:31:47","slug":"pax-a50s-kilif-kompakt","status":"publish","type":"product","link":"https:\/\/paymentdiscounter.com\/tr\/product\/pax-a50s-kilif-kompakt\/","title":{"rendered":"PAX A50S K\u0131l\u0131f Kompakt"},"content":{"rendered":"<p><strong>PAX A50S Cep K\u0131l\u0131f\u0131<\/strong><br \/>\nDayan\u0131kl\u0131 Cordura\u00ae malzemeden \u00fcretilen PAX A50S K\u0131l\u0131f, sat\u0131c\u0131lara mobil terminallerini ta\u015f\u0131mak i\u00e7in g\u00fcvenli ve pratik bir yol sunar. 5 y\u0131ll\u0131k garanti ile birlikte verilir.<\/p>\n<p>Sadece 66 g a\u011f\u0131rl\u0131\u011f\u0131ndaki k\u0131l\u0131f ultra hafiftir ve iste\u011fe ba\u011fl\u0131 olarak bir omuz ask\u0131s\u0131 ile uzat\u0131labilir. Perakende, teslimat hizmetleri ve mobil sat\u0131\u015flar i\u00e7in m\u00fckemmeldir.<\/p>\n<p>Gizli bir Velcro kapak g\u00fcvenli bir tutu\u015f sa\u011flarken, ek bir b\u00f6lme bir not defteri veya aksesuar i\u00e7in alan sa\u011flar. K\u0131l\u0131fta ayr\u0131ca bir kalem tutucu ve 30 mm geni\u015fli\u011finde bir kal\u00e7a kemeri bulunur.<\/p>\n<p><strong>Teknik \u00d6zellikler<\/strong><\/p>\n<ul>\n<li>Ultra hafif: sadece 66 g<\/li>\n<li>Orijinal Cordura\u00ae - standart kuma\u015ftan 10 kata kadar daha g\u00fc\u00e7l\u00fc<\/li>\n<li>Y\u0131rt\u0131lmaya kar\u015f\u0131 dayan\u0131kl\u0131l\u0131k dahil 5 y\u0131l garanti<\/li>\n<li>Ak\u0131ll\u0131 telefon boyutundaki cihazlar i\u00e7in uygundur<\/li>\n<li>G\u00fcvenli ve gizli Velcro kapatma<\/li>\n<li>30 mm geni\u015fli\u011finde kal\u00e7a kemeri ile birlikte gelir<\/li>\n<li>Opsiyonel omuz ask\u0131s\u0131 ile kullan\u0131m<\/li>\n<li>Notlar veya aksesuarlar i\u00e7in ekstra b\u00f6lme<\/li>\n<li>Pratik bir kalem tutucu ile donat\u0131lm\u0131\u015ft\u0131r<\/li>\n<\/ul>","protected":false},"excerpt":{"rendered":"<p>Dayan\u0131kl\u0131 Cordura'dan \u00fcretilen PAX A50S Holster Compact sadece 66 g a\u011f\u0131rl\u0131\u011f\u0131ndad\u0131r ve ak\u0131ll\u0131 telefon boyutundaki kompakt \u00f6deme terminaliniz i\u00e7in m\u00fckemmel koruma sa\u011flar. Perakende, teslimat hizmetleri veya mobil \u00f6demelerde g\u00fcnl\u00fck kullan\u0131m i\u00e7in tasarlanm\u0131\u015ft\u0131r. G\u00fcvenli bir Velcro kapama, entegre kalem tutucu ve bir not defteri i\u00e7in ekstra alana sahiptir. Pratik tasar\u0131m\u0131 ve hafif yap\u0131s\u0131, onu hareket halindeki profesyoneller i\u00e7in m\u00fckemmel bir arkada\u015f haline getirir.<\/p>\n<ul>\n<li>Sa\u011flam Cordura'dan \u00fcretilmi\u015ftir<\/li>\n<li>Sadece 66 g - ultra hafif<\/li>\n<li>Omuz ask\u0131s\u0131 i\u00e7in ba\u011flant\u0131 noktalar\u0131<\/li>\n<li>Entegre kalem tutucu<\/li>\n<li>Kal\u00e7a kemeri i\u00e7erir<\/li>\n<li>5 y\u0131l garanti<\/li>\n<\/ul>","protected":false},"featured_media":37335,"comment_status":"closed","ping_status":"closed","template":"","meta":[],"product_cat":[730,2640],"product_tag":[2642,3985,702,2641,3984,2611,3983,3816],"acf":[],"_links":{"self":[{"href":"https:\/\/paymentdiscounter.com\/tr\/wp-json\/wp\/v2\/product\/37331"}],"collection":[{"href":"https:\/\/paymentdiscounter.com\/tr\/wp-json\/wp\/v2\/product"}],"about":[{"href":"https:\/\/paymentdiscounter.com\/tr\/wp-json\/wp\/v2\/types\/product"}],"replies":[{"embeddable":true,"href":"https:\/\/paymentdiscounter.com\/tr\/wp-json\/wp\/v2\/comments?post=37331"}],"version-history":[{"count":1,"href":"https:\/\/paymentdiscounter.com\/tr\/wp-json\/wp\/v2\/product\/37331\/revisions"}],"predecessor-version":[{"id":37340,"href":"https:\/\/paymentdiscounter.com\/tr\/wp-json\/wp\/v2\/product\/37331\/revisions\/37340"}],"wp:featuredmedia":[{"embeddable":true,"href":"https:\/\/paymentdiscounter.com\/tr\/wp-json\/wp\/v2\/media\/37335"}],"wp:attachment":[{"href":"https:\/\/paymentdiscounter.com\/tr\/wp-json\/wp\/v2\/media?parent=37331"}],"wp:term":[{"taxonomy":"product_cat","embeddable":true,"href":"https:\/\/paymentdiscounter.com\/tr\/wp-json\/wp\/v2\/product_cat?post=37331"},{"taxonomy":"product_tag","embeddable":true,"href":"https:\/\/paymentdiscounter.com\/tr\/wp-json\/wp\/v2\/product_tag?post=37331"}],"curies":[{"name":"wp","href":"https:\/\/api.w.org\/{rel}","templated":true}]}}