{"id":36209,"date":"2025-07-05T19:59:21","date_gmt":"2025-07-05T19:59:21","guid":{"rendered":"https:\/\/paymentdiscounter.com\/?post_type=product&#038;p=36209"},"modified":"2026-04-23T18:46:59","modified_gmt":"2026-04-23T18:46:59","slug":"sunmi-m3-kilif","status":"publish","type":"product","link":"https:\/\/paymentdiscounter.com\/tr\/product\/sunmi-m3-kilif\/","title":{"rendered":"Sunmi M3 K\u0131l\u0131f"},"content":{"rendered":"<p><strong>Geli\u015ftirilmi\u015f g\u00fcvenlik:<\/strong><br \/>\nArkas\u0131nda dayan\u0131kl\u0131 bir metal halka bulunan bu \u00f6deme terminali k\u0131l\u0131f\u0131, cihaz\u0131n\u0131z\u0131 g\u00fcvenli bir \u015fekilde kemere veya boyun ask\u0131s\u0131na takman\u0131z\u0131 sa\u011flar. Bu sa\u011flam tasar\u0131m, kazara d\u00fc\u015fme, kaybolma veya \u00e7al\u0131nma olas\u0131l\u0131\u011f\u0131n\u0131 en aza indirir. Sunmi M3 mobil \u00f6deme terminalinizi her zaman g\u00fcvende tutar.<\/p>\n<p><strong>Hareket halindeyken maksimum konfor:<\/strong><br \/>\nBir k\u0131l\u0131f, el tipi POS terminalinizi g\u00fcn boyunca ta\u015f\u0131may\u0131 kolayla\u015ft\u0131r\u0131r ve uzun vardiyalar s\u0131ras\u0131nda daha rahat hale getirir. Ellerinizi serbest b\u0131rakarak ve kol yorgunlu\u011funu azaltarak hareket kabiliyetini art\u0131rmaya yard\u0131mc\u0131 olur ve m\u00fc\u015fterilere hizmet verirken kazara kayma veya d\u00fc\u015fme riskini azalt\u0131r.<\/p>\n<p><strong>Artan \u00fcretkenlik:<\/strong><br \/>\nSunmi M3 k\u0131l\u0131f ile \u00f6deme cihaz\u0131n\u0131z her zaman eri\u015filebilir olur ve personelin i\u015flemleri daha h\u0131zl\u0131 tamamlamas\u0131n\u0131 sa\u011flar. Terminalin elinizin alt\u0131nda olmas\u0131 \u00f6deme s\u00fcre\u00e7lerini h\u0131zland\u0131r\u0131r ve genel m\u00fc\u015fteri deneyimini geli\u015ftirir. H\u0131zl\u0131 tempolu perakende ve konaklama ortamlar\u0131 i\u00e7in \u00e7ok \u00f6nemlidir.<\/p>\n<p><strong>G\u00fcvenilir cihaz korumas\u0131:<\/strong><br \/>\n\u00d6zel bir k\u0131l\u0131f, ekran \u00e7izilmelerine, darbelere ve di\u011fer g\u00fcnl\u00fck a\u015f\u0131nma ve y\u0131pranmalara kar\u015f\u0131 ekstra bir savunma katman\u0131 g\u00f6revi g\u00f6r\u00fcr. Sunmi \u00f6deme terminalinizi koruyarak beklenmedik onar\u0131m maliyetlerini azaltabilir ve cihaz\u0131n\u0131z\u0131n kullan\u0131m \u00f6mr\u00fcn\u00fc uzatabilirsiniz.<\/p>","protected":false},"excerpt":{"rendered":"<p>Sunmi M3 K\u0131l\u0131f, mobil \u00f6deme cihaz\u0131n\u0131z\u0131 i\u015finizin sizi g\u00f6t\u00fcrd\u00fc\u011f\u00fc her yere ta\u015f\u0131man\u0131z i\u00e7in g\u00fcvenli ve pratik bir yol sa\u011flar. Giri\u015fimciler ve hareket halindeki profesyoneller i\u00e7in \u00f6zel olarak \u00fcretilmi\u015ftir. G\u0131da kamyonlar\u0131ndan a\u00e7\u0131k hava kafelerine kadar, bu k\u0131l\u0131f \u00f6deme terminalinizin her zaman korunmas\u0131n\u0131 ve kolayca eri\u015filebilir olmas\u0131n\u0131 sa\u011flar.<\/p>\n<p>Eller serbest rahat kullan\u0131m i\u00e7in kemer dahildir<\/p>","protected":false},"featured_media":38287,"comment_status":"closed","ping_status":"closed","template":"","meta":[],"product_cat":[1555,3811],"product_tag":[702,3846,3855,3864,3816,2704,3522,3849,4407,3865],"acf":[],"_links":{"self":[{"href":"https:\/\/paymentdiscounter.com\/tr\/wp-json\/wp\/v2\/product\/36209"}],"collection":[{"href":"https:\/\/paymentdiscounter.com\/tr\/wp-json\/wp\/v2\/product"}],"about":[{"href":"https:\/\/paymentdiscounter.com\/tr\/wp-json\/wp\/v2\/types\/product"}],"replies":[{"embeddable":true,"href":"https:\/\/paymentdiscounter.com\/tr\/wp-json\/wp\/v2\/comments?post=36209"}],"version-history":[{"count":4,"href":"https:\/\/paymentdiscounter.com\/tr\/wp-json\/wp\/v2\/product\/36209\/revisions"}],"predecessor-version":[{"id":36248,"href":"https:\/\/paymentdiscounter.com\/tr\/wp-json\/wp\/v2\/product\/36209\/revisions\/36248"}],"wp:featuredmedia":[{"embeddable":true,"href":"https:\/\/paymentdiscounter.com\/tr\/wp-json\/wp\/v2\/media\/38287"}],"wp:attachment":[{"href":"https:\/\/paymentdiscounter.com\/tr\/wp-json\/wp\/v2\/media?parent=36209"}],"wp:term":[{"taxonomy":"product_cat","embeddable":true,"href":"https:\/\/paymentdiscounter.com\/tr\/wp-json\/wp\/v2\/product_cat?post=36209"},{"taxonomy":"product_tag","embeddable":true,"href":"https:\/\/paymentdiscounter.com\/tr\/wp-json\/wp\/v2\/product_tag?post=36209"}],"curies":[{"name":"wp","href":"https:\/\/api.w.org\/{rel}","templated":true}]}}