{"id":36190,"date":"2025-07-05T19:43:17","date_gmt":"2025-07-05T19:43:17","guid":{"rendered":"https:\/\/paymentdiscounter.com\/?post_type=product&#038;p=36190"},"modified":"2026-02-03T11:47:53","modified_gmt":"2026-02-03T11:47:53","slug":"sunmi-m3-el-kayisi","status":"publish","type":"product","link":"https:\/\/paymentdiscounter.com\/tr\/product\/sunmi-m3-el-kayisi\/","title":{"rendered":"Sunmi M3 El Kay\u0131\u015f\u0131"},"content":{"rendered":"<p data-start=\"150\" data-end=\"495\"><strong data-start=\"150\" data-end=\"173\">Sunmi M3 El Kay\u0131\u015f\u0131<\/strong><br data-start=\"173\" data-end=\"176\" \/>M3 mobil terminal i\u00e7in Sunmi el kay\u0131\u015f\u0131, \u00f6deme cihazlar\u0131n\u0131 g\u00fcvenli ve ergonomik bir \u015fekilde kullanmak isteyen i\u015fletmeler i\u00e7in olmazsa olmaz bir aksesuard\u0131r. \u00dcst\u00fcn tutu\u015f sa\u011flamak ve kazara d\u00fc\u015fmeleri \u00f6nlemek i\u00e7in tasarlanan bu el kay\u0131\u015f\u0131, yat\u0131r\u0131m\u0131n\u0131z\u0131 koruman\u0131za yard\u0131mc\u0131 olur ve sorunsuz ve kesintisiz mobil i\u015flemler sa\u011flar.<\/p>\n<p data-start=\"497\" data-end=\"824\">Sunmi M3 i\u00e7in \u00f6zel olarak tasarlanan bu kay\u0131\u015f, tam oturmay\u0131 garanti eder ve perakende, konaklama ve lojistik gibi h\u0131zl\u0131 tempolu ortamlar\u0131 destekler. Terminalin rahat\u00e7a elde tutulmas\u0131n\u0131 sa\u011flayarak \u00fcretkenli\u011fi art\u0131r\u0131r ve m\u00fc\u015fterilere \u015f\u0131k ve profesyonel bir g\u00f6r\u00fcnt\u00fc sunar.<\/p>\n<p data-start=\"826\" data-end=\"1104\">Birinci s\u0131n\u0131f uzun \u00f6m\u00fcrl\u00fc malzemelerden \u00fcretilen Sunmi M3 el kay\u0131\u015f\u0131, dayan\u0131kl\u0131l\u0131k, konfor ve i\u015flevsellik aras\u0131nda optimum bir denge sunar. Mobil \u00f6deme \u00e7\u00f6z\u00fcmleriyle g\u00fcvenli\u011fi art\u0131rmak ve operasyonel verimlili\u011fi geli\u015ftirmek isteyen giri\u015fimciler i\u00e7in ideal bir se\u00e7imdir.<\/p>","protected":false},"excerpt":{"rendered":"<p>Sunmi M3 Mobil El Kay\u0131\u015f\u0131, mobil POS cihazlar\u0131n\u0131 tutman\u0131n g\u00fcvenli ve ergonomik bir yolunu arayan i\u015fletme sahipleri i\u00e7in tasarlanm\u0131\u015f, sahip olunmas\u0131 gereken bir aksesuard\u0131r. Bu dayan\u0131kl\u0131 kay\u0131\u015f, kavrama ve dengeyi art\u0131r\u0131r ve kazara d\u00fc\u015fmeleri \u00f6nlemeye ve g\u00fcnl\u00fck i\u015flemler s\u0131ras\u0131nda \u00f6deme terminalinizi korumaya yard\u0131mc\u0131 olur.<\/p>","protected":false},"featured_media":36191,"comment_status":"closed","ping_status":"closed","template":"","meta":[],"product_cat":[1555,3811],"product_tag":[1419,3846,3855,3856,3857,2704,3833,3849,4407,3858],"acf":[],"_links":{"self":[{"href":"https:\/\/paymentdiscounter.com\/tr\/wp-json\/wp\/v2\/product\/36190"}],"collection":[{"href":"https:\/\/paymentdiscounter.com\/tr\/wp-json\/wp\/v2\/product"}],"about":[{"href":"https:\/\/paymentdiscounter.com\/tr\/wp-json\/wp\/v2\/types\/product"}],"replies":[{"embeddable":true,"href":"https:\/\/paymentdiscounter.com\/tr\/wp-json\/wp\/v2\/comments?post=36190"}],"version-history":[{"count":4,"href":"https:\/\/paymentdiscounter.com\/tr\/wp-json\/wp\/v2\/product\/36190\/revisions"}],"predecessor-version":[{"id":39060,"href":"https:\/\/paymentdiscounter.com\/tr\/wp-json\/wp\/v2\/product\/36190\/revisions\/39060"}],"wp:featuredmedia":[{"embeddable":true,"href":"https:\/\/paymentdiscounter.com\/tr\/wp-json\/wp\/v2\/media\/36191"}],"wp:attachment":[{"href":"https:\/\/paymentdiscounter.com\/tr\/wp-json\/wp\/v2\/media?parent=36190"}],"wp:term":[{"taxonomy":"product_cat","embeddable":true,"href":"https:\/\/paymentdiscounter.com\/tr\/wp-json\/wp\/v2\/product_cat?post=36190"},{"taxonomy":"product_tag","embeddable":true,"href":"https:\/\/paymentdiscounter.com\/tr\/wp-json\/wp\/v2\/product_tag?post=36190"}],"curies":[{"name":"wp","href":"https:\/\/api.w.org\/{rel}","templated":true}]}}