{"id":36181,"date":"2025-07-05T19:35:17","date_gmt":"2025-07-05T19:35:17","guid":{"rendered":"https:\/\/paymentdiscounter.com\/?post_type=product&#038;p=36181"},"modified":"2026-02-03T11:47:53","modified_gmt":"2026-02-03T11:47:53","slug":"sunmi-m3-dockingstation-multi","status":"publish","type":"product","link":"https:\/\/paymentdiscounter.com\/tr\/product\/sunmi-m3-dockingstation-multi\/","title":{"rendered":"Sunmi M3 Dockingstation \u00c7oklu"},"content":{"rendered":"<p><strong>\u00c7ok y\u00f6nl\u00fc \u015farj ve depolama merkezi<br \/>\n<\/strong>Sunmi M3 Yerle\u015ftirme \u0130stasyonu, ayn\u0131 anda birden fazla Sunmi mobil POS cihaz\u0131n\u0131 y\u00f6neten i\u015fletmeleri desteklemek i\u00e7in \u00f6zel olarak \u00fcretilmi\u015ftir. Restoranlar, perakende ma\u011fazalar\u0131 ve lojistik operasyonlar\u0131 i\u00e7in m\u00fckemmel \u015fekilde uygundur. Bu \u00e7ok i\u015flevli istasyon, verimlili\u011fi art\u0131rmaya ve g\u00fcnl\u00fck i\u015f ak\u0131\u015flar\u0131n\u0131 kolayla\u015ft\u0131rmaya yard\u0131mc\u0131 olur.<\/p>\n<p><strong>D\u00f6rt adede kadar cihaz i\u00e7in e\u015fzamanl\u0131 \u015farj<br \/>\n<\/strong>Hem modern hem de yerden tasarruf sa\u011flayacak \u015fekilde tasarlanan bu yerle\u015ftirme \u00e7\u00f6z\u00fcm\u00fc, ayn\u0131 anda d\u00f6rt adede kadar Sunmi \u00f6deme terminaline g\u00fc\u00e7 sa\u011flaman\u0131za olanak tan\u0131r. Kar\u0131\u015f\u0131k kablolar\u0131 ortadan kald\u0131rarak ve priz kullan\u0131m\u0131n\u0131 en aza indirerek tezgahlar\u0131n\u0131z\u0131 temiz ve profesyonel tutar.<\/p>\n<p><strong>G\u00fcvenli ve d\u00fczenli depolama<br \/>\n<\/strong>Terminaller aktif olarak kullan\u0131lmad\u0131\u011f\u0131nda, yerle\u015ftirme istasyonu onlar\u0131 saklamak i\u00e7in g\u00fcvenli ve \u00f6zel bir yer sunar. Bu sadece yat\u0131r\u0131m\u0131n\u0131z\u0131 kazara d\u00fc\u015fme veya yanl\u0131\u015f yerle\u015ftirmeye kar\u015f\u0131 korumakla kalmaz, ayn\u0131 zamanda mobil POS cihazlar\u0131n\u0131z\u0131n uzun \u00f6m\u00fcrl\u00fcl\u00fc\u011f\u00fcn\u00fc de art\u0131r\u0131r.<\/p>\n<p><strong>Sorunsuz i\u015flemler ve h\u0131zl\u0131 eri\u015fim<br \/>\n<\/strong>Sa\u011flam ve dengeli bir yap\u0131ya sahip olan M3 Yerle\u015ftirme \u0130stasyonu, hizmet gerektirdi\u011finde terminallerinizi h\u0131zl\u0131 bir \u015fekilde alman\u0131z\u0131 zahmetsiz hale getirir. Sorunsuz i\u015flemleri s\u00fcrd\u00fcr\u00fcn ve ekibinizin m\u00fc\u015fterilere her zaman gecikme olmadan hizmet verebilmesini sa\u011flay\u0131n.<\/p>","protected":false},"excerpt":{"rendered":"<p>Sunmi M3 \u015earj Yuvas\u0131, ayn\u0131 anda birden fazla mobil \u00f6deme cihaz\u0131 \u00e7al\u0131\u015ft\u0131ran i\u015fletmeler i\u00e7in haz\u0131rlanm\u0131\u015f yenilik\u00e7i bir \u00e7\u00f6z\u00fcmd\u00fcr. Modern ve yerden tasarruf sa\u011flayan bir tasar\u0131ma sahip olan bu dock, tek seferde d\u00f6rt adede kadar Sunmi el tipi \u00f6deme terminaline g\u00fc\u00e7 sa\u011flaman\u0131za olanak tan\u0131r.<\/p>\n<p>Konaklama, perakende ve lojistik gibi dinamik sekt\u00f6rler i\u00e7in idealdir.<\/p>","protected":false},"featured_media":36184,"comment_status":"closed","ping_status":"closed","template":"","meta":[],"product_cat":[1555,3811],"product_tag":[2707,690,694,3846,3855,3851,3852,2704,3605,4407,3854,3853],"acf":[],"_links":{"self":[{"href":"https:\/\/paymentdiscounter.com\/tr\/wp-json\/wp\/v2\/product\/36181"}],"collection":[{"href":"https:\/\/paymentdiscounter.com\/tr\/wp-json\/wp\/v2\/product"}],"about":[{"href":"https:\/\/paymentdiscounter.com\/tr\/wp-json\/wp\/v2\/types\/product"}],"replies":[{"embeddable":true,"href":"https:\/\/paymentdiscounter.com\/tr\/wp-json\/wp\/v2\/comments?post=36181"}],"version-history":[{"count":6,"href":"https:\/\/paymentdiscounter.com\/tr\/wp-json\/wp\/v2\/product\/36181\/revisions"}],"predecessor-version":[{"id":39058,"href":"https:\/\/paymentdiscounter.com\/tr\/wp-json\/wp\/v2\/product\/36181\/revisions\/39058"}],"wp:featuredmedia":[{"embeddable":true,"href":"https:\/\/paymentdiscounter.com\/tr\/wp-json\/wp\/v2\/media\/36184"}],"wp:attachment":[{"href":"https:\/\/paymentdiscounter.com\/tr\/wp-json\/wp\/v2\/media?parent=36181"}],"wp:term":[{"taxonomy":"product_cat","embeddable":true,"href":"https:\/\/paymentdiscounter.com\/tr\/wp-json\/wp\/v2\/product_cat?post=36181"},{"taxonomy":"product_tag","embeddable":true,"href":"https:\/\/paymentdiscounter.com\/tr\/wp-json\/wp\/v2\/product_tag?post=36181"}],"curies":[{"name":"wp","href":"https:\/\/api.w.org\/{rel}","templated":true}]}}