{"id":36177,"date":"2025-07-05T19:30:11","date_gmt":"2025-07-05T19:30:11","guid":{"rendered":"https:\/\/paymentdiscounter.com\/?post_type=product&#038;p=36177"},"modified":"2026-02-03T11:47:54","modified_gmt":"2026-02-03T11:47:54","slug":"sunmi-m3-dockingstation","status":"publish","type":"product","link":"https:\/\/paymentdiscounter.com\/tr\/product\/sunmi-m3-dockingstation\/","title":{"rendered":"Sunmi M3 Yerle\u015ftirme \u0130stasyonu"},"content":{"rendered":"<p><strong>Sunmi M3 \u015earj Yuvas\u0131<br \/>\n<\/strong>Sunmi M3 \u015earj Yuvas\u0131, i\u015fletmelerin Sunmi mobil \u00f6deme cihazlar\u0131na g\u00fc\u00e7 sa\u011flamalar\u0131 ve d\u00fczenlemeleri i\u00e7in sorunsuz ve profesyonel bir \u00e7\u00f6z\u00fcm sunar. Kar\u0131\u015f\u0131k kablolara ve g\u00fcvenilmez \u015farj cihazlar\u0131na elveda deyin, Sunmi POS terminalinizi sa\u011flam yuvaya kayd\u0131r\u0131n ve \u015farjl\u0131 ve g\u00fcvenli bir \u015fekilde tek bir yerde saklanmaya devam etsin. Ar\u0131za s\u00fcresini azalt\u0131r ve sorunsuz g\u00fcnl\u00fck operasyonlar sa\u011flar.<\/p>\n<p><strong>Mobil POS terminalleri i\u00e7in zahmetsiz, g\u00fcvenli \u015farj<br \/>\n<\/strong>Sorunsuz kurulum i\u00e7in tasarlanan Sunmi M3 Dock, orijinal Sunmi adapt\u00f6r\u00fc kullan\u0131larak ba\u011flan\u0131r ve kazara kaymalar\u0131 veya d\u00fc\u015fmeleri \u00f6nlemek i\u00e7in sabit bir taban sunar. Sa\u011flam yap\u0131s\u0131, temiz ve d\u00fczenli bir tezgah sa\u011flarken \u00f6deme cihaz\u0131n\u0131z\u0131 korur.<\/p>\n<p><strong>Terminalinizi koruyun ve onar\u0131m maliyetlerini en aza indirin<br \/>\n<\/strong>Orijinal bir Sunmi \u015farj yuvas\u0131 se\u00e7mek, konekt\u00f6r hasar\u0131n\u0131, pil a\u015f\u0131nmas\u0131n\u0131 ve maliyetli bak\u0131m\u0131 \u00f6nlemeye yard\u0131mc\u0131 olur. Bu g\u00fcvenilir \u015farj istasyonu, mobil POS cihaz\u0131n\u0131z\u0131 koruyarak daha uzun s\u00fcre en iyi durumda kalmas\u0131n\u0131 sa\u011flar ve beklenmedik servis masraflar\u0131n\u0131 azalt\u0131r.<\/p>\n<p><strong>Her zaman \u00f6deme kabul etmeye haz\u0131r<br \/>\n<\/strong>Sunmi M3 Yerle\u015ftirme \u0130stasyonu ile mobil \u00f6deme terminaliniz tam \u015farjl\u0131 kal\u0131r ve her an i\u015flem yapmaya haz\u0131rd\u0131r. Yerle\u015ftirme i\u015flemi basittir - cihaz yerle\u015ftirildikten sonra an\u0131nda \u015farj olmaya ba\u015flar ve yo\u011fun d\u00f6nemlerde bile pil ile ilgili kesintileri ortadan kald\u0131r\u0131r.<\/p>\n<p><strong>Profesyonel bir kurulumla marka imaj\u0131n\u0131z\u0131 g\u00fc\u00e7lendirin<br \/>\n<\/strong>Y\u00fcksek kaliteli bir yerle\u015ftirme istasyonu yaln\u0131zca g\u00fcnl\u00fck i\u015f ak\u0131\u015flar\u0131n\u0131 kolayla\u015ft\u0131rmakla kalmaz, ayn\u0131 zamanda markan\u0131z\u0131n profesyonelli\u011fini de peki\u015ftirir. Sunmi cihaz\u0131n\u0131z\u0131n kullan\u0131m \u00f6mr\u00fcn\u00fc uzat\u0131rken, m\u00fc\u015fterilerinize g\u00fcvenilirli\u011fi ve g\u00fcvenilirli\u011fi yans\u0131tan \u015f\u0131k ve da\u011f\u0131n\u0131k olmayan bir ortam\u0131 destekler.<\/p>","protected":false},"excerpt":{"rendered":"<p>Sunmi M3 Yerle\u015ftirme \u0130stasyonu, mobil \u00f6deme terminalinizi \u015farjl\u0131, korumal\u0131 ve her zaman harekete haz\u0131r tutmak i\u00e7in m\u00fckemmel bir \u00e7\u00f6z\u00fcmd\u00fcr. Maksimum rahatl\u0131k ve sa\u011flam g\u00fcvenilirlik sunmak i\u00e7in tasarlanan bu \u00fcr\u00fcn, cihaz performans\u0131n\u0131n korunmas\u0131na yard\u0131mc\u0131 olur ve hizmet \u00f6mr\u00fcn\u00fc uzat\u0131r.<\/p>","protected":false},"featured_media":36178,"comment_status":"closed","ping_status":"closed","template":"","meta":[],"product_cat":[1555,3811],"product_tag":[2707,690,694,3846,3855,3851,3852,2704,3605,4407,3853],"acf":[],"_links":{"self":[{"href":"https:\/\/paymentdiscounter.com\/tr\/wp-json\/wp\/v2\/product\/36177"}],"collection":[{"href":"https:\/\/paymentdiscounter.com\/tr\/wp-json\/wp\/v2\/product"}],"about":[{"href":"https:\/\/paymentdiscounter.com\/tr\/wp-json\/wp\/v2\/types\/product"}],"replies":[{"embeddable":true,"href":"https:\/\/paymentdiscounter.com\/tr\/wp-json\/wp\/v2\/comments?post=36177"}],"version-history":[{"count":5,"href":"https:\/\/paymentdiscounter.com\/tr\/wp-json\/wp\/v2\/product\/36177\/revisions"}],"predecessor-version":[{"id":39057,"href":"https:\/\/paymentdiscounter.com\/tr\/wp-json\/wp\/v2\/product\/36177\/revisions\/39057"}],"wp:featuredmedia":[{"embeddable":true,"href":"https:\/\/paymentdiscounter.com\/tr\/wp-json\/wp\/v2\/media\/36178"}],"wp:attachment":[{"href":"https:\/\/paymentdiscounter.com\/tr\/wp-json\/wp\/v2\/media?parent=36177"}],"wp:term":[{"taxonomy":"product_cat","embeddable":true,"href":"https:\/\/paymentdiscounter.com\/tr\/wp-json\/wp\/v2\/product_cat?post=36177"},{"taxonomy":"product_tag","embeddable":true,"href":"https:\/\/paymentdiscounter.com\/tr\/wp-json\/wp\/v2\/product_tag?post=36177"}],"curies":[{"name":"wp","href":"https:\/\/api.w.org\/{rel}","templated":true}]}}