{"id":36167,"date":"2025-07-05T19:01:10","date_gmt":"2025-07-05T19:01:10","guid":{"rendered":"https:\/\/paymentdiscounter.com\/?post_type=product&#038;p=36167"},"modified":"2026-02-03T11:47:54","modified_gmt":"2026-02-03T11:47:54","slug":"sunmi-m3-koruyucu-kilif","status":"publish","type":"product","link":"https:\/\/paymentdiscounter.com\/tr\/product\/sunmi-m3-koruyucu-kilif\/","title":{"rendered":"Sunmi M3 Koruyucu K\u0131l\u0131f"},"content":{"rendered":"<p>Sunmi M3 k\u0131l\u0131f, i\u015fletme sahiplerine stil veya profesyonellikten \u00f6d\u00fcn vermeden mobil POS terminallerini korumak i\u00e7in g\u00fcvenilir bir yol sunar. Restoranlar, perakende ma\u011fazalar\u0131, g\u0131da kamyonlar\u0131 ve saha sat\u0131\u015flar\u0131 gibi h\u0131zl\u0131 tempolu ortamlar i\u00e7in tasarlanm\u0131\u015ft\u0131r. Bu koruyucu k\u0131l\u0131f, Sunmi M3 cihaz\u0131n\u0131z\u0131n her zaman g\u00fcvende ve tamamen \u00e7al\u0131\u015f\u0131r durumda kalmas\u0131n\u0131 sa\u011flar.<\/p>\n<p>Sa\u011flam ve darbe emici silikondan \u00fcretilen k\u0131l\u0131f, Sunmi M3'\u00fcn\u00fcz\u00fc kazara d\u00fc\u015fmelere, \u00e7izilmelere, kire ve g\u00fcnl\u00fck a\u015f\u0131nmaya kar\u015f\u0131 korur<\/p>\n<p>\u2714 Ki\u015fiye \u00f6zel uyum - Sunmi M3 i\u00e7in \u00f6zel olarak tasarlanm\u0131\u015ft\u0131r<br \/>\n\u2714 Geli\u015ftirilmi\u015f kavrama - Yo\u011fun vardiyalarda daha g\u00fcvenli tutu\u015f i\u00e7in kaymaz y\u00fczey<br \/>\n\u2714 \u00dcst\u00fcn darbe direnci - Esnek silikon darbeleri emer ve hasar riskini azalt\u0131r<br \/>\n\u2714 Tam eri\u015fim - T\u00fcm tu\u015flara, \u015farj ba\u011flant\u0131 noktalar\u0131na ve entegre yaz\u0131c\u0131ya kolayca eri\u015filebilir<br \/>\nAr\u0131za s\u00fcresini azalt\u0131r - Ekran \u00e7atlaklar\u0131n\u0131 ve maliyetli onar\u0131mlar\u0131 \u00f6nler<br \/>\n\u2714 Basit bak\u0131m - Silinmesi kolayd\u0131r, g\u0131da hizmeti ve perakende hijyen standartlar\u0131 i\u00e7in idealdir<br \/>\n\u2714 Profesyonel g\u00f6r\u00fcn\u00fcm - M\u00fc\u015fteri g\u00fcveni olu\u015fturmak i\u00e7in temiz ve \u015f\u0131k bir sunum yap\u0131n<br \/>\n\u2714 An\u0131nda kurulum - H\u0131zl\u0131 uygulan\u0131r, zahmetsizce hemen kullan\u0131ma haz\u0131rd\u0131r<\/p>","protected":false},"excerpt":{"rendered":"<p>Sunmi M3 el terminalinizi bu sa\u011flam ve hassas tasar\u0131ml\u0131 koruyucu k\u0131l\u0131f ile koruyun. \u00c7izilmelere, darbelere, toza ve k\u00fc\u00e7\u00fck d\u00fc\u015fmelere kar\u015f\u0131 koruyan bu dayan\u0131kl\u0131 k\u0131l\u0131f, cihaz\u0131n\u0131z\u0131n \u00f6mr\u00fcn\u00fc uzat\u0131rken \u015f\u0131k ve profesyonel bir g\u00f6r\u00fcn\u00fcm\u00fcn korunmas\u0131na yard\u0131mc\u0131 olur.<\/p>","protected":false},"featured_media":36169,"comment_status":"closed","ping_status":"closed","template":"","meta":[],"product_cat":[1555,3811],"product_tag":[3840,901,3846,3855,3847,3848,891,3844,1874,2704,2722,3849,4407,3850],"acf":[],"_links":{"self":[{"href":"https:\/\/paymentdiscounter.com\/tr\/wp-json\/wp\/v2\/product\/36167"}],"collection":[{"href":"https:\/\/paymentdiscounter.com\/tr\/wp-json\/wp\/v2\/product"}],"about":[{"href":"https:\/\/paymentdiscounter.com\/tr\/wp-json\/wp\/v2\/types\/product"}],"replies":[{"embeddable":true,"href":"https:\/\/paymentdiscounter.com\/tr\/wp-json\/wp\/v2\/comments?post=36167"}],"version-history":[{"count":4,"href":"https:\/\/paymentdiscounter.com\/tr\/wp-json\/wp\/v2\/product\/36167\/revisions"}],"predecessor-version":[{"id":39056,"href":"https:\/\/paymentdiscounter.com\/tr\/wp-json\/wp\/v2\/product\/36167\/revisions\/39056"}],"wp:featuredmedia":[{"embeddable":true,"href":"https:\/\/paymentdiscounter.com\/tr\/wp-json\/wp\/v2\/media\/36169"}],"wp:attachment":[{"href":"https:\/\/paymentdiscounter.com\/tr\/wp-json\/wp\/v2\/media?parent=36167"}],"wp:term":[{"taxonomy":"product_cat","embeddable":true,"href":"https:\/\/paymentdiscounter.com\/tr\/wp-json\/wp\/v2\/product_cat?post=36167"},{"taxonomy":"product_tag","embeddable":true,"href":"https:\/\/paymentdiscounter.com\/tr\/wp-json\/wp\/v2\/product_tag?post=36167"}],"curies":[{"name":"wp","href":"https:\/\/api.w.org\/{rel}","templated":true}]}}