{"id":36124,"date":"2025-07-05T12:21:24","date_gmt":"2025-07-05T12:21:24","guid":{"rendered":"https:\/\/paymentdiscounter.com\/?post_type=product&#038;p=36124"},"modified":"2025-12-05T14:18:00","modified_gmt":"2025-12-05T14:18:00","slug":"sunmi-l3-dockingstation-multi","status":"publish","type":"product","link":"https:\/\/paymentdiscounter.com\/tr\/product\/sunmi-l3-dockingstation-multi\/","title":{"rendered":"Sunmi L3 Dockingstation \u00c7oklu"},"content":{"rendered":"<p><strong>Geli\u015fmi\u015f ve \u00e7ok i\u015flevli yerle\u015ftirme istasyonu<\/strong><br \/>\nSunmi L3 Yerle\u015ftirme \u0130stasyonu, ayn\u0131 anda birden fazla mobil \u00f6deme terminali kullanan i\u015fletmeler i\u00e7in \u00f6zel olarak tasarlanm\u0131\u015ft\u0131r. H\u0131z ve verimlili\u011fin \u00e7ok \u00f6nemli oldu\u011fu konaklama, perakende ve lojistik ortamlar\u0131 i\u00e7in idealdir.<\/p>\n<p><strong>Ayn\u0131 anda d\u00f6rt adede kadar \u00f6deme terminalini \u015farj edin<\/strong><br \/>\n\u015e\u0131k ve kompakt tasar\u0131m\u0131 sayesinde d\u00f6rt adede kadar Sunmi \u00f6deme terminalini ayn\u0131 anda \u015farj edebilirsiniz. Bu sayede ayr\u0131 \u015farj kablolar\u0131na ve birden fazla elektrik prizine gerek kalmaz, \u00e7al\u0131\u015fma alan\u0131n\u0131z d\u00fczenli ve tertipli kal\u0131r.<\/p>\n<p><strong>G\u00fcvenli depolama ve organizasyon<\/strong><br \/>\nYerle\u015ftirme istasyonu, terminallerinizi kullanmad\u0131\u011f\u0131n\u0131z zamanlarda saklamak i\u00e7in g\u00fcvenli bir yer sa\u011flar. Bu, cihazlar\u0131n\u0131z\u0131n \u00f6mr\u00fcn\u00fc uzat\u0131rken hasar ve kay\u0131plar\u0131 \u00f6nler.<\/p>\n<p><strong>Verimli ve kullan\u0131c\u0131 dostu<\/strong><br \/>\nSa\u011flam tasar\u0131m\u0131 ve sabit yerle\u015fimi sayesinde gerekti\u011finde terminalleri kolayca alabilirsiniz. Bu sayede g\u00fcnl\u00fck operasyonlar\u0131n\u0131z sorunsuz bir \u015fekilde devam eder ve m\u00fc\u015fterilerinize kasada her zaman yard\u0131mc\u0131 olmaya haz\u0131r olursunuz.<\/p>","protected":false},"excerpt":{"rendered":"<p>Sunmi L3 Yerle\u015ftirme \u0130stasyonu, ayn\u0131 anda birden fazla mobil \u00f6deme terminali kullanan i\u015fletmeler i\u00e7in \u00f6zel olarak tasarlanm\u0131\u015ft\u0131r. \u015e\u0131k ve kompakt tasar\u0131m\u0131 ile d\u00f6rt adede kadar Sunmi \u00f6deme terminalini ayn\u0131 anda \u015farj edebilirsiniz.<\/p>\n<p>H\u0131z ve verimlili\u011fin \u00f6nemli oldu\u011fu konaklama, perakende ve lojistik ortamlar\u0131 i\u00e7in m\u00fckemmeldir.<br \/>\n<\/p>\n<p><h1 style=\"color: #ed0000; font-size: 13px;\">* Teslimat s\u00fcresi 7 g\u00fcn<\/h1>","protected":false},"featured_media":36126,"comment_status":"closed","ping_status":"closed","template":"","meta":[],"product_cat":[1555,3706],"product_tag":[2707,690,694,3708,3838,3835,2704,3605,3839,3836],"acf":[],"_links":{"self":[{"href":"https:\/\/paymentdiscounter.com\/tr\/wp-json\/wp\/v2\/product\/36124"}],"collection":[{"href":"https:\/\/paymentdiscounter.com\/tr\/wp-json\/wp\/v2\/product"}],"about":[{"href":"https:\/\/paymentdiscounter.com\/tr\/wp-json\/wp\/v2\/types\/product"}],"replies":[{"embeddable":true,"href":"https:\/\/paymentdiscounter.com\/tr\/wp-json\/wp\/v2\/comments?post=36124"}],"version-history":[{"count":5,"href":"https:\/\/paymentdiscounter.com\/tr\/wp-json\/wp\/v2\/product\/36124\/revisions"}],"predecessor-version":[{"id":38157,"href":"https:\/\/paymentdiscounter.com\/tr\/wp-json\/wp\/v2\/product\/36124\/revisions\/38157"}],"wp:featuredmedia":[{"embeddable":true,"href":"https:\/\/paymentdiscounter.com\/tr\/wp-json\/wp\/v2\/media\/36126"}],"wp:attachment":[{"href":"https:\/\/paymentdiscounter.com\/tr\/wp-json\/wp\/v2\/media?parent=36124"}],"wp:term":[{"taxonomy":"product_cat","embeddable":true,"href":"https:\/\/paymentdiscounter.com\/tr\/wp-json\/wp\/v2\/product_cat?post=36124"},{"taxonomy":"product_tag","embeddable":true,"href":"https:\/\/paymentdiscounter.com\/tr\/wp-json\/wp\/v2\/product_tag?post=36124"}],"curies":[{"name":"wp","href":"https:\/\/api.w.org\/{rel}","templated":true}]}}