{"id":36101,"date":"2025-07-05T11:35:29","date_gmt":"2025-07-05T11:35:29","guid":{"rendered":"https:\/\/paymentdiscounter.com\/?post_type=product&#038;p=36101"},"modified":"2025-10-06T19:19:28","modified_gmt":"2025-10-06T19:19:28","slug":"sunmi-l3-ekran-koruyucu","status":"publish","type":"product","link":"https:\/\/paymentdiscounter.com\/tr\/product\/sunmi-l3-ekran-koruyucu\/","title":{"rendered":"Sunmi L3 Ekran Koruyucu"},"content":{"rendered":"<p>Sunmi L3 Ekran Koruyucu, mobil terminalinizi \u00e7izilmelere, darbelere ve kire kar\u015f\u0131 korumak i\u00e7in \u00f6zel olarak tasarlanm\u0131\u015ft\u0131r.<\/p>\n<p>\u00d6deme terminaliniz i\u015fletmeniz i\u00e7in hayati bir ara\u00e7t\u0131r ve hasarl\u0131 bir ekran yaln\u0131zca i\u015flevselli\u011fini azaltmakla kalmaz, ayn\u0131 zamanda m\u00fc\u015fterileriniz \u00fczerinde profesyonel olmayan bir izlenim b\u0131rakabilir. Bu y\u00fcksek kaliteli ekran koruyucu ile cihaz\u0131n\u0131z\u0131n \u00f6mr\u00fcn\u00fc uzat\u0131r ve ekran\u0131n net ve kolay okunur olmas\u0131n\u0131 sa\u011flars\u0131n\u0131z.<\/p>\n<p><strong>Avantajlar:<\/strong><\/p>\n<p>\u2714 Dokunmatik i\u015flevsellikten \u00f6d\u00fcn vermeyen kristal netli\u011finde ekran<br \/>\n\u2714 Uzun s\u00fcreli koruma i\u00e7in \u00e7izilmeye ve kire dayan\u0131kl\u0131 kaplama<br \/>\n\u2714 Yap\u0131\u015fkan kal\u0131nt\u0131s\u0131 b\u0131rakmadan kolay uygulan\u0131r ve \u00e7\u0131kar\u0131l\u0131r<br \/>\n\u2714 \u00d6deme terminallerini yo\u011fun olarak kullanan i\u015fletmeler i\u00e7in m\u00fckemmel<\/p>","protected":false},"excerpt":{"rendered":"<p>\u00c7izilmeleri \u00f6nlemek ve ekran\u0131n\u0131z\u0131 en iyi durumda tutmak i\u00e7in Sunmi L3 Terminalinizi bu dayan\u0131kl\u0131 ekran koruyucu ile koruyun. Perakende ve konaklama ortamlar\u0131nda yo\u011fun kullan\u0131m i\u00e7in m\u00fckemmel \u015fekilde tasarlanm\u0131\u015f \u00f6deme terminalinizin \u00f6mr\u00fcn\u00fc uzat\u0131n.<\/p>","protected":false},"featured_media":36102,"comment_status":"closed","ping_status":"closed","template":"","meta":[],"product_cat":[1555,3706],"product_tag":[3708,3814,3818,2704,3707,3819,3748],"acf":[],"_links":{"self":[{"href":"https:\/\/paymentdiscounter.com\/tr\/wp-json\/wp\/v2\/product\/36101"}],"collection":[{"href":"https:\/\/paymentdiscounter.com\/tr\/wp-json\/wp\/v2\/product"}],"about":[{"href":"https:\/\/paymentdiscounter.com\/tr\/wp-json\/wp\/v2\/types\/product"}],"replies":[{"embeddable":true,"href":"https:\/\/paymentdiscounter.com\/tr\/wp-json\/wp\/v2\/comments?post=36101"}],"version-history":[{"count":3,"href":"https:\/\/paymentdiscounter.com\/tr\/wp-json\/wp\/v2\/product\/36101\/revisions"}],"predecessor-version":[{"id":38079,"href":"https:\/\/paymentdiscounter.com\/tr\/wp-json\/wp\/v2\/product\/36101\/revisions\/38079"}],"wp:featuredmedia":[{"embeddable":true,"href":"https:\/\/paymentdiscounter.com\/tr\/wp-json\/wp\/v2\/media\/36102"}],"wp:attachment":[{"href":"https:\/\/paymentdiscounter.com\/tr\/wp-json\/wp\/v2\/media?parent=36101"}],"wp:term":[{"taxonomy":"product_cat","embeddable":true,"href":"https:\/\/paymentdiscounter.com\/tr\/wp-json\/wp\/v2\/product_cat?post=36101"},{"taxonomy":"product_tag","embeddable":true,"href":"https:\/\/paymentdiscounter.com\/tr\/wp-json\/wp\/v2\/product_tag?post=36101"}],"curies":[{"name":"wp","href":"https:\/\/api.w.org\/{rel}","templated":true}]}}