{"id":36090,"date":"2025-07-05T11:08:39","date_gmt":"2025-07-05T11:08:39","guid":{"rendered":"https:\/\/paymentdiscounter.com\/?post_type=product&#038;p=36090"},"modified":"2025-12-05T14:18:47","modified_gmt":"2025-12-05T14:18:47","slug":"sunmi-l3-kilif","status":"publish","type":"product","link":"https:\/\/paymentdiscounter.com\/tr\/product\/sunmi-l3-kilif\/","title":{"rendered":"Sunmi L3 K\u0131l\u0131f Kompakt"},"content":{"rendered":"<p><strong>Sunmi L3 K\u0131l\u0131f Kompakt<\/strong><\/p>\n<p>Sunmi L3 Holster Compact, mobil \u00f6deme terminallerine her g\u00fcn ihtiya\u00e7 duyan perakende, lojistik ve teslimat sekt\u00f6rlerindeki profesyoneller i\u00e7in tasarlanm\u0131\u015ft\u0131r. Sadece 66 gram a\u011f\u0131rl\u0131\u011f\u0131yla son derece hafiftir ve buna ra\u011fmen g\u00fcvenilir koruma sa\u011flar.<\/p>\n<p>Otantik Cordura\u00ae'dan (y\u0131rt\u0131lmaya kar\u015f\u0131 dayan\u0131kl\u0131l\u0131\u011f\u0131 ve uzun \u00f6mr\u00fc ile \u00fcnl\u00fcd\u00fcr) \u00fcretilen k\u0131l\u0131f, zorlu ortamlarda yo\u011fun kullan\u0131ma dayan\u0131r. Maksimum pratiklik i\u00e7in k\u0131l\u0131f, g\u00fc\u00e7l\u00fc bir Velcro kapama, entegre bir kalem tutucu ve notlar veya aksesuarlar i\u00e7in ek bir cep i\u00e7erir.<\/p>\n<p>30 mm kal\u00e7a kemeri ile birlikte verilen ve iste\u011fe ba\u011fl\u0131 omuz ask\u0131s\u0131 i\u00e7in ba\u011flant\u0131 noktalar\u0131 sunan bu \u00fcr\u00fcn, \u00e7ok y\u00f6nl\u00fc ta\u015f\u0131ma se\u00e7enekleri sa\u011flar. 5 y\u0131ll\u0131k garanti ile desteklenmektedir.<\/p>\n<p><strong>Teknik \u00d6zellikler<\/strong><\/p>\n<ul>\n<li>T\u00fcy kadar hafif yap\u0131: Sadece 66 g<\/li>\n<li>Orijinal Cordura\u00ae'dan \u00fcretilmi\u015ftir<\/li>\n<li>G\u00fcvenilirlik i\u00e7in g\u00fcvenli Velcro kapatma<\/li>\n<li>Aksesuarlar veya notlar i\u00e7in ekstra cep<\/li>\n<li>Yerle\u015fik kalem tutucu<\/li>\n<li>30 mm kal\u00e7a kemeri i\u00e7erir<\/li>\n<li>Opsiyonel omuz ask\u0131s\u0131 uyumlu<\/li>\n<li>Ak\u0131ll\u0131 telefon boyutundaki \u00f6deme cihazlar\u0131 i\u00e7in m\u00fckemmel uyum<\/li>\n<li>Y\u0131rt\u0131lmaya kar\u015f\u0131 dayan\u0131kl\u0131l\u0131k garantisi ile 5 y\u0131l garanti<\/li>\n<\/ul>","protected":false},"excerpt":{"rendered":"<p>Sunmi L3 Holster Compact, ak\u0131ll\u0131 telefon format\u0131ndaki Android \u00f6deme terminalleri i\u00e7in hafif ve g\u00fcvenilir bir ta\u015f\u0131ma \u00e7antas\u0131d\u0131r. \u00dcst\u00fcn a\u015f\u0131nma direnci ve uzun s\u00fcreli koruma sunarak perakende, lojistik ve mobil sat\u0131\u015f profesyonelleri i\u00e7in ideal bir se\u00e7imdir.<\/p>\n<ul>\n<li>Ultra hafif yap\u0131: Sadece 66 g<\/li>\n<li>Sa\u011flam Cordura\u00ae yap\u0131<\/li>\n<li>G\u00fcnl\u00fck i\u015fler i\u00e7in entegre kalemlik<\/li>\n<li>Kal\u00e7a kemeri ile birlikte verilir<\/li>\n<li>Opsiyonel omuz ask\u0131s\u0131 uyumlu<\/li>\n<li>5 y\u0131l garanti dahildir<\/li>\n<\/ul>","protected":false},"featured_media":37711,"comment_status":"closed","ping_status":"closed","template":"","meta":[],"product_cat":[1555,3706],"product_tag":[702,3708,3814,3815,3816,2704,3522,3707,3817],"acf":[],"_links":{"self":[{"href":"https:\/\/paymentdiscounter.com\/tr\/wp-json\/wp\/v2\/product\/36090"}],"collection":[{"href":"https:\/\/paymentdiscounter.com\/tr\/wp-json\/wp\/v2\/product"}],"about":[{"href":"https:\/\/paymentdiscounter.com\/tr\/wp-json\/wp\/v2\/types\/product"}],"replies":[{"embeddable":true,"href":"https:\/\/paymentdiscounter.com\/tr\/wp-json\/wp\/v2\/comments?post=36090"}],"version-history":[{"count":7,"href":"https:\/\/paymentdiscounter.com\/tr\/wp-json\/wp\/v2\/product\/36090\/revisions"}],"predecessor-version":[{"id":37713,"href":"https:\/\/paymentdiscounter.com\/tr\/wp-json\/wp\/v2\/product\/36090\/revisions\/37713"}],"wp:featuredmedia":[{"embeddable":true,"href":"https:\/\/paymentdiscounter.com\/tr\/wp-json\/wp\/v2\/media\/37711"}],"wp:attachment":[{"href":"https:\/\/paymentdiscounter.com\/tr\/wp-json\/wp\/v2\/media?parent=36090"}],"wp:term":[{"taxonomy":"product_cat","embeddable":true,"href":"https:\/\/paymentdiscounter.com\/tr\/wp-json\/wp\/v2\/product_cat?post=36090"},{"taxonomy":"product_tag","embeddable":true,"href":"https:\/\/paymentdiscounter.com\/tr\/wp-json\/wp\/v2\/product_tag?post=36090"}],"curies":[{"name":"wp","href":"https:\/\/api.w.org\/{rel}","templated":true}]}}