{"id":35635,"date":"2025-03-25T21:32:11","date_gmt":"2025-03-25T21:32:11","guid":{"rendered":"https:\/\/paymentdiscounter.com\/?post_type=product&#038;p=35635"},"modified":"2025-04-14T11:15:14","modified_gmt":"2025-04-14T11:15:14","slug":"sunmi-l2s-pro-ekran-koruyucu","status":"publish","type":"product","link":"https:\/\/paymentdiscounter.com\/tr\/product\/sunmi-l2s-pro-ekran-koruyucu\/","title":{"rendered":"Sunmi L2s Pro Ekran Koruyucu"},"content":{"rendered":"<p><strong>Sunmi L2s Pro Ekran Koruyucu<\/strong><br \/>\nSunmi L2s Pro Ekran Koruyucu \u00e7izilmeye kar\u015f\u0131 m\u00fckemmel diren\u00e7 sunar ve uygulamas\u0131 kolayd\u0131r. Parmak izi b\u0131rakmayan kaplamas\u0131, tam dokunmatik ekran i\u015flevselli\u011fini korurken ekran\u0131n temiz ve lekesiz kalmas\u0131na yard\u0131mc\u0131 olur.<\/p>\n<p><strong>Neden bu ekran koruyucuyu se\u00e7melisiniz?<\/strong><br \/>\nGeli\u015fmi\u015f yap\u0131\u015ft\u0131r\u0131c\u0131, net ve p\u00fcr\u00fczs\u00fcz bir y\u00fczey i\u00e7in basit, kabarc\u0131ks\u0131z uygulama sa\u011flar.<\/p>","protected":false},"excerpt":{"rendered":"<p>Bir mobil \u00f6deme terminali kullan\u0131yorsan\u0131z, onu kazalara ve hasara kar\u015f\u0131 g\u00fcvende tutmak isteyeceksiniz. Sunmi L2s Pro Ekran Koruyucu, tam i\u015flevselli\u011fi korurken ekstra koruma sa\u011flar. \u00c7izilmeleri \u00f6nlemek ve terminalinizin \u00f6mr\u00fcn\u00fc uzatmak i\u00e7in koruyucu bir katman ekler.<\/p>\n<ul>\n<li>Net g\u00f6r\u00fcn\u00fcrl\u00fck<\/li>\n<li>\u00c7izilmeye kar\u015f\u0131 dayan\u0131kl\u0131<\/li>\n<li>Kir tutmaz<\/li>\n<li>Uygulamas\u0131 ve \u00e7\u0131karmas\u0131 kolay<\/li>\n<\/ul>","protected":false},"featured_media":35677,"comment_status":"closed","ping_status":"closed","template":"","meta":[],"product_cat":[1555,3195],"product_tag":[762,1874,2704,3196],"acf":[],"_links":{"self":[{"href":"https:\/\/paymentdiscounter.com\/tr\/wp-json\/wp\/v2\/product\/35635"}],"collection":[{"href":"https:\/\/paymentdiscounter.com\/tr\/wp-json\/wp\/v2\/product"}],"about":[{"href":"https:\/\/paymentdiscounter.com\/tr\/wp-json\/wp\/v2\/types\/product"}],"replies":[{"embeddable":true,"href":"https:\/\/paymentdiscounter.com\/tr\/wp-json\/wp\/v2\/comments?post=35635"}],"version-history":[{"count":2,"href":"https:\/\/paymentdiscounter.com\/tr\/wp-json\/wp\/v2\/product\/35635\/revisions"}],"predecessor-version":[{"id":35785,"href":"https:\/\/paymentdiscounter.com\/tr\/wp-json\/wp\/v2\/product\/35635\/revisions\/35785"}],"wp:featuredmedia":[{"embeddable":true,"href":"https:\/\/paymentdiscounter.com\/tr\/wp-json\/wp\/v2\/media\/35677"}],"wp:attachment":[{"href":"https:\/\/paymentdiscounter.com\/tr\/wp-json\/wp\/v2\/media?parent=35635"}],"wp:term":[{"taxonomy":"product_cat","embeddable":true,"href":"https:\/\/paymentdiscounter.com\/tr\/wp-json\/wp\/v2\/product_cat?post=35635"},{"taxonomy":"product_tag","embeddable":true,"href":"https:\/\/paymentdiscounter.com\/tr\/wp-json\/wp\/v2\/product_tag?post=35635"}],"curies":[{"name":"wp","href":"https:\/\/api.w.org\/{rel}","templated":true}]}}