{"id":35628,"date":"2025-03-24T22:28:40","date_gmt":"2025-03-24T22:28:40","guid":{"rendered":"https:\/\/paymentdiscounter.com\/?post_type=product&#038;p=35628"},"modified":"2025-03-24T22:31:36","modified_gmt":"2025-03-24T22:31:36","slug":"pax-a35-ekran-koruyucu-kopyalama","status":"publish","type":"product","link":"https:\/\/paymentdiscounter.com\/tr\/product\/pax-a35-ekran-koruyucu-kopyalama\/","title":{"rendered":"Pax A6650 Ekran Koruyucu"},"content":{"rendered":"<p><strong>Pax A6650 Ekran Koruyucu<\/strong><br \/>\nPax A6650 Ekran Koruyucu \u00e7izilmeye kar\u015f\u0131 son derece dayan\u0131kl\u0131d\u0131r ve uygulamas\u0131 kolayd\u0131r. Lekeleri ve kirleri silmeyi kolayla\u015ft\u0131ran parmak izi \u00f6nleyici kaplamaya sahiptir. Ayr\u0131ca dokunmatik ekran\u0131n\u0131zla sorunsuz bir \u015fekilde \u00e7al\u0131\u015f\u0131r.<\/p>\n<p><strong>Ekran koruyucunun faydalar\u0131<\/strong><br \/>\nYenilik\u00e7i yap\u0131\u015fkan katman, kolay uygulama sa\u011flayarak kabarc\u0131ks\u0131z bir ekran koruyucu elde edilmesini sa\u011flar.<\/p>","protected":false},"excerpt":{"rendered":"<p>Bir mobil \u00f6deme terminali kullan\u0131yorsan\u0131z, do\u011fal olarak onu kazalardan ve hasarlardan korumak isteyeceksiniz. Pax A6650 Ekran Koruyucu, i\u015flevsellikten \u00f6d\u00fcn vermeden ekstra koruma sa\u011flar. De\u011ferli terminaliniz i\u00e7in ek bir savunma katman\u0131 ekleyerek ekran\u0131 \u00e7izilmelere kar\u015f\u0131 korur ve \u00f6deme terminalinizin \u00f6mr\u00fcn\u00fc uzat\u0131r.<\/p>\n<ul>\n<li>Kristal berrakl\u0131\u011f\u0131nda<\/li>\n<li>Sert kaplamal\u0131<\/li>\n<li>Kir tutmaz<\/li>\n<li>Kurulumu ve \u00e7\u0131karmas\u0131 kolay<\/li>\n<\/ul>","protected":false},"featured_media":35629,"comment_status":"closed","ping_status":"closed","template":"","meta":[],"product_cat":[730,2655],"product_tag":[2658,3596,3775,728,2657,3774,2611,3760,762],"acf":[],"_links":{"self":[{"href":"https:\/\/paymentdiscounter.com\/tr\/wp-json\/wp\/v2\/product\/35628"}],"collection":[{"href":"https:\/\/paymentdiscounter.com\/tr\/wp-json\/wp\/v2\/product"}],"about":[{"href":"https:\/\/paymentdiscounter.com\/tr\/wp-json\/wp\/v2\/types\/product"}],"replies":[{"embeddable":true,"href":"https:\/\/paymentdiscounter.com\/tr\/wp-json\/wp\/v2\/comments?post=35628"}],"version-history":[{"count":1,"href":"https:\/\/paymentdiscounter.com\/tr\/wp-json\/wp\/v2\/product\/35628\/revisions"}],"predecessor-version":[{"id":35630,"href":"https:\/\/paymentdiscounter.com\/tr\/wp-json\/wp\/v2\/product\/35628\/revisions\/35630"}],"wp:featuredmedia":[{"embeddable":true,"href":"https:\/\/paymentdiscounter.com\/tr\/wp-json\/wp\/v2\/media\/35629"}],"wp:attachment":[{"href":"https:\/\/paymentdiscounter.com\/tr\/wp-json\/wp\/v2\/media?parent=35628"}],"wp:term":[{"taxonomy":"product_cat","embeddable":true,"href":"https:\/\/paymentdiscounter.com\/tr\/wp-json\/wp\/v2\/product_cat?post=35628"},{"taxonomy":"product_tag","embeddable":true,"href":"https:\/\/paymentdiscounter.com\/tr\/wp-json\/wp\/v2\/product_tag?post=35628"}],"curies":[{"name":"wp","href":"https:\/\/api.w.org\/{rel}","templated":true}]}}