{"id":35551,"date":"2025-03-16T20:31:19","date_gmt":"2025-03-16T20:31:19","guid":{"rendered":"https:\/\/paymentdiscounter.com\/?post_type=product&#038;p=35551"},"modified":"2025-07-21T10:21:07","modified_gmt":"2025-07-21T10:21:07","slug":"pax-a920-pro-koruyucu-kapak-si%cc%87yah","status":"publish","type":"product","link":"https:\/\/paymentdiscounter.com\/tr\/product\/pax-a920-pro-koruyucu-kapak-si%cc%87yah\/","title":{"rendered":"Pax A920 PRO Koruyucu Kapak Siyah"},"content":{"rendered":"<p>Mobil \u00f6deme terminalleri i\u00e7in koruyucu k\u0131l\u0131f\u0131m\u0131z\u0131 kullanarak hasar\u0131 ve pahal\u0131 onar\u0131m maliyetlerini \u00f6nleyin. Ayr\u0131ca, koruyucu k\u0131l\u0131f hafiftir ve tak\u0131lmas\u0131 kolayd\u0131r, bu da onu mobil \u00f6deme i\u015flemlerine g\u00fcvenen t\u00fcm i\u015fletmeler i\u00e7in uygun bir aksesuar haline getirir.<\/p>","protected":false},"excerpt":{"rendered":"<p>\u00d6deme terminaliniz i\u00e7in Pax A920 PRO Koruyucu Kapak kullanmak, mobil \u00f6deme terminalinizin hasar g\u00f6rmesini \u00f6nlemenin basit bir yoludur. Terminalinizin daha uzun s\u00fcre iyi durumda kalmas\u0131n\u0131 sa\u011flar ve pahal\u0131 onar\u0131m maliyetlerini \u00f6nlemeye yard\u0131mc\u0131 olur. Pax A920 PRO koruyucu kapak ile mobil \u00f6deme terminalinizin su, darbe ve d\u00fc\u015fme hasarlar\u0131na kar\u015f\u0131 daha iyi korunmas\u0131n\u0131 sa\u011flayabilirsiniz.<\/p>","protected":false},"featured_media":35568,"comment_status":"closed","ping_status":"closed","template":"","meta":[],"product_cat":[730,1489],"product_tag":[3768,3840,901,728,1492,3769,2611,1536,891,735,3844,996],"acf":[],"_links":{"self":[{"href":"https:\/\/paymentdiscounter.com\/tr\/wp-json\/wp\/v2\/product\/35551"}],"collection":[{"href":"https:\/\/paymentdiscounter.com\/tr\/wp-json\/wp\/v2\/product"}],"about":[{"href":"https:\/\/paymentdiscounter.com\/tr\/wp-json\/wp\/v2\/types\/product"}],"replies":[{"embeddable":true,"href":"https:\/\/paymentdiscounter.com\/tr\/wp-json\/wp\/v2\/comments?post=35551"}],"version-history":[{"count":3,"href":"https:\/\/paymentdiscounter.com\/tr\/wp-json\/wp\/v2\/product\/35551\/revisions"}],"predecessor-version":[{"id":36646,"href":"https:\/\/paymentdiscounter.com\/tr\/wp-json\/wp\/v2\/product\/35551\/revisions\/36646"}],"wp:featuredmedia":[{"embeddable":true,"href":"https:\/\/paymentdiscounter.com\/tr\/wp-json\/wp\/v2\/media\/35568"}],"wp:attachment":[{"href":"https:\/\/paymentdiscounter.com\/tr\/wp-json\/wp\/v2\/media?parent=35551"}],"wp:term":[{"taxonomy":"product_cat","embeddable":true,"href":"https:\/\/paymentdiscounter.com\/tr\/wp-json\/wp\/v2\/product_cat?post=35551"},{"taxonomy":"product_tag","embeddable":true,"href":"https:\/\/paymentdiscounter.com\/tr\/wp-json\/wp\/v2\/product_tag?post=35551"}],"curies":[{"name":"wp","href":"https:\/\/api.w.org\/{rel}","templated":true}]}}