{"id":35543,"date":"2025-03-16T20:26:48","date_gmt":"2025-03-16T20:26:48","guid":{"rendered":"https:\/\/paymentdiscounter.com\/?post_type=product&#038;p=35543"},"modified":"2025-07-31T15:09:12","modified_gmt":"2025-07-31T15:09:12","slug":"pax-a920-pro-stand-kontur","status":"publish","type":"product","link":"https:\/\/paymentdiscounter.com\/tr\/product\/pax-a920-pro-stand-kontur\/","title":{"rendered":"Pax A920 PRO Stand Konturu"},"content":{"rendered":"<p><strong>Pax A920 PRO Stand Konturu<\/strong><br \/>\nPax A920 PRO kontur, \u00f6deme terminalinizi duvar\u0131n\u0131za monte etmek i\u00e7in g\u00fcvenli ve dayan\u0131kl\u0131 bir y\u00f6ntemdir. D\u00f6ner taban, Pax terminaliniz i\u00e7in sabit bir konum sa\u011flar ve tezgah\u0131n\u0131zda ihtiya\u00e7 duyulan alan\u0131 azalt\u0131r. Kaza riskini azalt\u0131r ve makinenizin sudan veya d\u00fc\u015fmeden zarar g\u00f6rmesini \u00f6nlemeye yard\u0131mc\u0131 olur.<\/p>\n<p>Stand\u0131n modelleri mevcuttur: Al\u00e7ak | Y\u00fcksek | Duvara montaj.<br \/>\nTerminal stand\u0131 yap\u0131\u015fkan \u015ferit veya vida seti kullan\u0131larak tak\u0131labilir.<\/p>\n<p><strong>Faydalar\u0131:<\/strong><\/p>\n<ul>\n<li>Art\u0131r\u0131lm\u0131\u015f ve g\u00fc\u00e7lendirilmi\u015f montaj \u00e7\u00f6z\u00fcm\u00fc.<\/li>\n<li>140 dereceye kadar e\u011filebilir.<\/li>\n<li>330 dereceye kadar d\u00f6nd\u00fcr\u00fclebilir.<\/li>\n<li>Montaj plakas\u0131 dahil olarak teslim edilir.<\/li>\n<li>Vida veya yap\u0131\u015fkan \u015feritlerle tutturulabilir.<\/li>\n<li>Kablolar\u0131n kopmas\u0131n\u0131 \u00f6nler.<\/li>\n<\/ul>\n<p>&nbsp;<\/p>","protected":false},"excerpt":{"rendered":"<p>Pax A920 PRO kontur, \u00f6deme terminalinizi duvar\u0131n\u0131za monte etmek i\u00e7in g\u00fcvenli ve dayan\u0131kl\u0131 bir y\u00f6ntemdir. Catering giri\u015fimcileri, kafe sahipleri veya genel bir bak\u0131\u015f sa\u011flamak isteyen ve \u00f6deme s\u0131ras\u0131nda kazalar\u0131 \u00f6nlemek isteyen i\u015fletmeler i\u00e7in idealdir.<\/p>\n<p>140 dereceye kadar e\u011filebilir ve 330 dereceye kadar d\u00f6nd\u00fcr\u00fclebilir.<\/p>","protected":false},"featured_media":35583,"comment_status":"open","ping_status":"closed","template":"","meta":[],"product_cat":[730,1489],"product_tag":[3768,1917,3349,2615,2618,728,1492,3769,2611,908,909,1326],"acf":[],"_links":{"self":[{"href":"https:\/\/paymentdiscounter.com\/tr\/wp-json\/wp\/v2\/product\/35543"}],"collection":[{"href":"https:\/\/paymentdiscounter.com\/tr\/wp-json\/wp\/v2\/product"}],"about":[{"href":"https:\/\/paymentdiscounter.com\/tr\/wp-json\/wp\/v2\/types\/product"}],"replies":[{"embeddable":true,"href":"https:\/\/paymentdiscounter.com\/tr\/wp-json\/wp\/v2\/comments?post=35543"}],"version-history":[{"count":2,"href":"https:\/\/paymentdiscounter.com\/tr\/wp-json\/wp\/v2\/product\/35543\/revisions"}],"predecessor-version":[{"id":35586,"href":"https:\/\/paymentdiscounter.com\/tr\/wp-json\/wp\/v2\/product\/35543\/revisions\/35586"}],"wp:featuredmedia":[{"embeddable":true,"href":"https:\/\/paymentdiscounter.com\/tr\/wp-json\/wp\/v2\/media\/35583"}],"wp:attachment":[{"href":"https:\/\/paymentdiscounter.com\/tr\/wp-json\/wp\/v2\/media?parent=35543"}],"wp:term":[{"taxonomy":"product_cat","embeddable":true,"href":"https:\/\/paymentdiscounter.com\/tr\/wp-json\/wp\/v2\/product_cat?post=35543"},{"taxonomy":"product_tag","embeddable":true,"href":"https:\/\/paymentdiscounter.com\/tr\/wp-json\/wp\/v2\/product_tag?post=35543"}],"curies":[{"name":"wp","href":"https:\/\/api.w.org\/{rel}","templated":true}]}}