{"id":35536,"date":"2025-03-16T15:23:39","date_gmt":"2025-03-16T15:23:39","guid":{"rendered":"https:\/\/paymentdiscounter.com\/?post_type=product&#038;p=35536"},"modified":"2026-04-04T04:36:47","modified_gmt":"2026-04-04T04:36:47","slug":"pax-a920-pro-dockingstation","status":"publish","type":"product","link":"https:\/\/paymentdiscounter.com\/tr\/product\/pax-a920-pro-dockingstation\/","title":{"rendered":"Pax A920 PRO Dockingstation"},"content":{"rendered":"","protected":false},"excerpt":{"rendered":"<p>Pax A920 PRO Yerle\u015ftirme \u0130stasyonu ile mobil \u00f6deme terminalinizi s\u00fcrekli g\u00fc\u00e7 kablosuna takmadan kolayca \u015farj edebilirsiniz. Kendi g\u00fc\u00e7 kayna\u011f\u0131n\u0131z\u0131 kullan\u0131n ve baz istasyonunun arkas\u0131na ba\u011flay\u0131n. Ba\u011fland\u0131ktan sonra art\u0131k endi\u015felenmenize gerek yok.<\/p>\n<p>Her i\u015flemden sonra terminali tutucuya yerle\u015ftirin ve \u00f6deme terminaliniz otomatik olarak \u015farj olsun. Kablo kopmas\u0131n\u0131 ve pahal\u0131 onar\u0131m maliyetlerini \u00f6nleyin ve orijinal bir Pax yerle\u015ftirme istasyonu kullanmaya ba\u015flay\u0131n.<\/p>","protected":false},"featured_media":35539,"comment_status":"open","ping_status":"closed","template":"","meta":[],"product_cat":[730,1489],"product_tag":[2610,3333,690,694,728,1488,1492,3767,2611,1314,2609],"acf":[],"_links":{"self":[{"href":"https:\/\/paymentdiscounter.com\/tr\/wp-json\/wp\/v2\/product\/35536"}],"collection":[{"href":"https:\/\/paymentdiscounter.com\/tr\/wp-json\/wp\/v2\/product"}],"about":[{"href":"https:\/\/paymentdiscounter.com\/tr\/wp-json\/wp\/v2\/types\/product"}],"replies":[{"embeddable":true,"href":"https:\/\/paymentdiscounter.com\/tr\/wp-json\/wp\/v2\/comments?post=35536"}],"version-history":[{"count":3,"href":"https:\/\/paymentdiscounter.com\/tr\/wp-json\/wp\/v2\/product\/35536\/revisions"}],"predecessor-version":[{"id":38182,"href":"https:\/\/paymentdiscounter.com\/tr\/wp-json\/wp\/v2\/product\/35536\/revisions\/38182"}],"wp:featuredmedia":[{"embeddable":true,"href":"https:\/\/paymentdiscounter.com\/tr\/wp-json\/wp\/v2\/media\/35539"}],"wp:attachment":[{"href":"https:\/\/paymentdiscounter.com\/tr\/wp-json\/wp\/v2\/media?parent=35536"}],"wp:term":[{"taxonomy":"product_cat","embeddable":true,"href":"https:\/\/paymentdiscounter.com\/tr\/wp-json\/wp\/v2\/product_cat?post=35536"},{"taxonomy":"product_tag","embeddable":true,"href":"https:\/\/paymentdiscounter.com\/tr\/wp-json\/wp\/v2\/product_tag?post=35536"}],"curies":[{"name":"wp","href":"https:\/\/api.w.org\/{rel}","templated":true}]}}