{"id":35488,"date":"2025-02-25T15:25:15","date_gmt":"2025-02-25T15:25:15","guid":{"rendered":"https:\/\/paymentdiscounter.com\/?post_type=product&#038;p=35488"},"modified":"2026-04-18T14:53:08","modified_gmt":"2026-04-18T14:53:08","slug":"pax-a960-dockingstation","status":"publish","type":"product","link":"https:\/\/paymentdiscounter.com\/tr\/product\/pax-a960-dockingstation\/","title":{"rendered":"Pax A960 Yerle\u015ftirme \u0130stasyonu"},"content":{"rendered":"<p><strong>Pax A960 Yerle\u015ftirme \u0130stasyonu<\/strong><br \/>\nPax A960 Dockingstation kolayl\u0131k ve basitlik sunar. Kablolara gerek yok; \u00f6deme terminalini yuvaya yerle\u015ftirmeniz yeterli. Sabit bir yerde \u015farj etmek, terminalinizin her zaman \u015farjl\u0131 olmas\u0131n\u0131 ve kolay bulunmas\u0131n\u0131 sa\u011flar.<\/p>\n<p>Bu yerle\u015ftirme istasyonunun kurulumu kolayd\u0131r ve ayr\u0131 bir g\u00fc\u00e7 kablosuyla \u015farj edilebilir. Terminalinizi korumak ve masrafl\u0131 onar\u0131mlardan ka\u00e7\u0131nmak i\u00e7in orijinal bir baz istasyonu kullanman\u0131z\u0131 \u00f6neririz.<\/p>","protected":false},"excerpt":{"rendered":"<p>Pax A960 Dockingstation, terminalinizin her zaman tam \u015farjl\u0131 olmas\u0131n\u0131 sa\u011flar. \u00d6deme terminalini tutucuya yerle\u015ftirin, bir g\u00fc\u00e7 kayna\u011f\u0131na ba\u011flay\u0131n ve \u015farj i\u015flemini yerle\u015ftirme istasyonuna b\u0131rak\u0131n.<\/p>\n<p>Bu baz istasyonu, bitmi\u015f piller veya y\u0131pranm\u0131\u015f kablolardan kaynaklanan hasar gibi sorunlar\u0131 \u00f6nlemeye yard\u0131mc\u0131 olur.<\/p>","protected":false},"featured_media":39342,"comment_status":"open","ping_status":"closed","template":"","meta":[],"product_cat":[730,2652],"product_tag":[2654,3757,3756,2707,694,728,2653,3755,2611],"acf":[],"_links":{"self":[{"href":"https:\/\/paymentdiscounter.com\/tr\/wp-json\/wp\/v2\/product\/35488"}],"collection":[{"href":"https:\/\/paymentdiscounter.com\/tr\/wp-json\/wp\/v2\/product"}],"about":[{"href":"https:\/\/paymentdiscounter.com\/tr\/wp-json\/wp\/v2\/types\/product"}],"replies":[{"embeddable":true,"href":"https:\/\/paymentdiscounter.com\/tr\/wp-json\/wp\/v2\/comments?post=35488"}],"version-history":[{"count":2,"href":"https:\/\/paymentdiscounter.com\/tr\/wp-json\/wp\/v2\/product\/35488\/revisions"}],"predecessor-version":[{"id":39346,"href":"https:\/\/paymentdiscounter.com\/tr\/wp-json\/wp\/v2\/product\/35488\/revisions\/39346"}],"wp:featuredmedia":[{"embeddable":true,"href":"https:\/\/paymentdiscounter.com\/tr\/wp-json\/wp\/v2\/media\/39342"}],"wp:attachment":[{"href":"https:\/\/paymentdiscounter.com\/tr\/wp-json\/wp\/v2\/media?parent=35488"}],"wp:term":[{"taxonomy":"product_cat","embeddable":true,"href":"https:\/\/paymentdiscounter.com\/tr\/wp-json\/wp\/v2\/product_cat?post=35488"},{"taxonomy":"product_tag","embeddable":true,"href":"https:\/\/paymentdiscounter.com\/tr\/wp-json\/wp\/v2\/product_tag?post=35488"}],"curies":[{"name":"wp","href":"https:\/\/api.w.org\/{rel}","templated":true}]}}