{"id":35414,"date":"2025-01-19T20:42:39","date_gmt":"2025-01-19T20:42:39","guid":{"rendered":"https:\/\/paymentdiscounter.com\/?post_type=product&#038;p=35414"},"modified":"2026-04-17T20:45:07","modified_gmt":"2026-04-17T20:45:07","slug":"sunmi-p3-air-koruyucu-kilif","status":"publish","type":"product","link":"https:\/\/paymentdiscounter.com\/tr\/product\/sunmi-p3-air-koruyucu-kilif\/","title":{"rendered":"Sunmi P3 Air Koruyucu K\u0131l\u0131f"},"content":{"rendered":"<p><strong>Sunmi P3 Air Koruyucu K\u0131l\u0131f<\/strong><br \/>\nBu Sunmi P3 Air Koruyucu K\u0131l\u0131f\u0131n uygulamas\u0131 kolayd\u0131r ve i\u015finiz s\u0131ras\u0131nda ekstra koruma sa\u011flar. Koruyucu k\u0131l\u0131f \u00e7evre dostu silikondan yap\u0131lm\u0131\u015ft\u0131r ve \u00f6deme makinesini teslim ederken size ekstra kontrol sa\u011flar. Bu \u015fekilde kazalar ve onar\u0131m maliyetleri \u00f6nlenebilir.<\/p>\n<p>Malzeme, \u0131slak ellerle bile sabit bir tutu\u015f sa\u011flar. Bir \u00f6deme terminali k\u0131l\u0131f\u0131 kullan\u0131n ve mobil cihaz\u0131n\u0131z\u0131 en iyi \u015fekilde koruyun. Her \u015firket farkl\u0131 oldu\u011fu i\u00e7in k\u0131l\u0131f, \u015firketinizin g\u00f6r\u00fcn\u00fcm\u00fcne uygun farkl\u0131 renklerde \u00fcretilebilir.<\/p>\n<ul>\n<li>K\u0131l\u0131f\u0131 \u00e7\u0131karmadan pilinizi \u015farj edin<\/li>\n<li>Terminali teslim ederken daha fazla kavrama<\/li>\n<li>Optimum koruma i\u00e7in ekstra kal\u0131n malzeme<\/li>\n<li>Olduk\u00e7a g\u00f6r\u00fcn\u00fcr<\/li>\n<\/ul>\n<p><strong>\u0130\u00e7in son derece uygundur:<br \/>\n<\/strong><\/p>\n<ul>\n<li>Pazar t\u00fcccarlar\u0131<\/li>\n<li>Teslimat\u00e7\u0131lar ve kuryeler<\/li>\n<li>Serbest meslek sahibi<\/li>\n<li>Taksi \u015fof\u00f6rleri<\/li>\n<li>Ticaret fuarlar\u0131 ve kongreler<\/li>\n<li>Etkinlikler veya festivaller<\/li>\n<\/ul>","protected":false},"excerpt":{"rendered":"<p>Mobil \u00f6deme terminalinizin hasar g\u00f6rmesini \u00f6nlemek i\u00e7in Sunmi P3 Air Koruyucu K\u0131l\u0131f kullan\u0131n. Sunmi P3 Air i\u00e7in \u00f6zel olarak \u00fcretilmi\u015ftir.<\/p>\n<p>Sunmi koruyucu k\u0131l\u0131f dayan\u0131kl\u0131 ve \u00e7evre dostu silikondan yap\u0131lm\u0131\u015ft\u0131r. Silikon kullanarak daha fazla tutu\u015fa sahip olursunuz ve kazalardan ve pahal\u0131 onar\u0131m maliyetlerinden ka\u00e7\u0131nabilirsiniz.<br \/>\n<\/p>\n<p><h1 style=\"color: #cc1e1e; font-size: 12px;\">*Teslim s\u00fcresi: 14 g\u00fcn<\/h1>","protected":false},"featured_media":38255,"comment_status":"open","ping_status":"closed","template":"","meta":[],"product_cat":[1555,3710],"product_tag":[3840,3741,3750,3844,1874,2704,2723,2722,3711,3749],"acf":[],"_links":{"self":[{"href":"https:\/\/paymentdiscounter.com\/tr\/wp-json\/wp\/v2\/product\/35414"}],"collection":[{"href":"https:\/\/paymentdiscounter.com\/tr\/wp-json\/wp\/v2\/product"}],"about":[{"href":"https:\/\/paymentdiscounter.com\/tr\/wp-json\/wp\/v2\/types\/product"}],"replies":[{"embeddable":true,"href":"https:\/\/paymentdiscounter.com\/tr\/wp-json\/wp\/v2\/comments?post=35414"}],"version-history":[{"count":4,"href":"https:\/\/paymentdiscounter.com\/tr\/wp-json\/wp\/v2\/product\/35414\/revisions"}],"predecessor-version":[{"id":39331,"href":"https:\/\/paymentdiscounter.com\/tr\/wp-json\/wp\/v2\/product\/35414\/revisions\/39331"}],"wp:featuredmedia":[{"embeddable":true,"href":"https:\/\/paymentdiscounter.com\/tr\/wp-json\/wp\/v2\/media\/38255"}],"wp:attachment":[{"href":"https:\/\/paymentdiscounter.com\/tr\/wp-json\/wp\/v2\/media?parent=35414"}],"wp:term":[{"taxonomy":"product_cat","embeddable":true,"href":"https:\/\/paymentdiscounter.com\/tr\/wp-json\/wp\/v2\/product_cat?post=35414"},{"taxonomy":"product_tag","embeddable":true,"href":"https:\/\/paymentdiscounter.com\/tr\/wp-json\/wp\/v2\/product_tag?post=35414"}],"curies":[{"name":"wp","href":"https:\/\/api.w.org\/{rel}","templated":true}]}}