{"id":35413,"date":"2025-01-19T20:42:33","date_gmt":"2025-01-19T20:42:33","guid":{"rendered":"https:\/\/paymentdiscounter.com\/?post_type=product&#038;p=35413"},"modified":"2026-04-17T20:47:09","modified_gmt":"2026-04-17T20:47:09","slug":"sunmi-p3-air-ekran-koruyucu","status":"publish","type":"product","link":"https:\/\/paymentdiscounter.com\/tr\/product\/sunmi-p3-air-ekran-koruyucu\/","title":{"rendered":"Sunmi P3 Hava Ekran Koruyucu"},"content":{"rendered":"<p>Sunmi P3 Air cihaz\u0131n\u0131z\u0131 \u00e7izilmelere, darbelere ve g\u00fcnl\u00fck kirlere kar\u015f\u0131 dayan\u0131kl\u0131 olacak \u015fekilde tasarlanm\u0131\u015f y\u00fcksek kaliteli bir ekran koruyucu ile koruyun.<\/p>\n<p>Mobil \u00f6deme terminaliniz, sorunsuz i\u015flemler ve profesyonel bir m\u00fc\u015fteri deneyimi i\u00e7in hayati bir rol oynar. Hasarl\u0131 veya kirli bir ekran performans\u0131 yava\u015flatabilir ve markan\u0131z\u0131 olumsuz etkileyebilir. Bu dayan\u0131kl\u0131 ekran koruyucu, cihaz\u0131n\u0131z\u0131n her zaman en iyi \u015fekilde g\u00f6r\u00fcnmesi ve performans g\u00f6stermesi i\u00e7in ekran\u0131n\u0131z\u0131 temiz, duyarl\u0131 ve kristal netli\u011finde tutar.<\/p>\n<p><strong>\u00d6nemli avantajlar:<\/strong><br \/>\n- Keskin g\u00f6rseller ve hassas dokunma tepkisi i\u00e7in ultra net \u015feffafl\u0131k<br \/>\n- Uzun s\u00fcreli koruma i\u00e7in \u00e7izilmeye ve lekelenmeye kar\u015f\u0131 dayan\u0131kl\u0131 kaplama<br \/>\n- Kabarc\u0131klar veya yap\u0131\u015fkan kal\u0131nt\u0131lar olmadan kolay uygulan\u0131r ve \u00e7\u0131kar\u0131l\u0131r<br \/>\n- Zorlu ortamlarda \u00f6deme cihazlar\u0131na g\u00fcvenen t\u00fcccarlar ve giri\u015fimciler i\u00e7in m\u00fckemmel<\/p>","protected":false},"excerpt":{"rendered":"<p>Bir mobil \u00f6deme terminali kullan\u0131yorsan\u0131z, onu kazalara ve hasara kar\u015f\u0131 g\u00fcvende tutmak isteyeceksiniz. Sunmi P3 Air Screenprotector, tam i\u015flevselli\u011fi korurken ekstra koruma sa\u011flar. \u00c7izilmeleri \u00f6nlemek ve terminalinizin \u00f6mr\u00fcn\u00fc uzatmak i\u00e7in koruyucu bir katman ekler.<\/p>\n<ul>\n<li>Net g\u00f6r\u00fcn\u00fcrl\u00fck<\/li>\n<li>\u00c7izilmeye kar\u015f\u0131 dayan\u0131kl\u0131<\/li>\n<li>Kir tutmaz<\/li>\n<li>Uygulamas\u0131 ve \u00e7\u0131karmas\u0131 kolay<\/li>\n<\/ul>","protected":false},"featured_media":38242,"comment_status":"closed","ping_status":"closed","template":"","meta":[],"product_cat":[1555,3710],"product_tag":[3741,3747,762,1874,2704,3711,3746,3748],"acf":[],"_links":{"self":[{"href":"https:\/\/paymentdiscounter.com\/tr\/wp-json\/wp\/v2\/product\/35413"}],"collection":[{"href":"https:\/\/paymentdiscounter.com\/tr\/wp-json\/wp\/v2\/product"}],"about":[{"href":"https:\/\/paymentdiscounter.com\/tr\/wp-json\/wp\/v2\/types\/product"}],"replies":[{"embeddable":true,"href":"https:\/\/paymentdiscounter.com\/tr\/wp-json\/wp\/v2\/comments?post=35413"}],"version-history":[{"count":6,"href":"https:\/\/paymentdiscounter.com\/tr\/wp-json\/wp\/v2\/product\/35413\/revisions"}],"predecessor-version":[{"id":39334,"href":"https:\/\/paymentdiscounter.com\/tr\/wp-json\/wp\/v2\/product\/35413\/revisions\/39334"}],"wp:featuredmedia":[{"embeddable":true,"href":"https:\/\/paymentdiscounter.com\/tr\/wp-json\/wp\/v2\/media\/38242"}],"wp:attachment":[{"href":"https:\/\/paymentdiscounter.com\/tr\/wp-json\/wp\/v2\/media?parent=35413"}],"wp:term":[{"taxonomy":"product_cat","embeddable":true,"href":"https:\/\/paymentdiscounter.com\/tr\/wp-json\/wp\/v2\/product_cat?post=35413"},{"taxonomy":"product_tag","embeddable":true,"href":"https:\/\/paymentdiscounter.com\/tr\/wp-json\/wp\/v2\/product_tag?post=35413"}],"curies":[{"name":"wp","href":"https:\/\/api.w.org\/{rel}","templated":true}]}}