{"id":35324,"date":"2025-01-15T09:29:52","date_gmt":"2025-01-15T09:29:52","guid":{"rendered":"https:\/\/paymentdiscounter.com\/?post_type=product&#038;p=35324"},"modified":"2025-09-05T10:45:32","modified_gmt":"2025-09-05T10:45:32","slug":"sunmi-v3h","status":"publish","type":"product","link":"https:\/\/paymentdiscounter.com\/tr\/product\/sunmi-v3h\/","title":{"rendered":"Sunmi V3H"},"content":{"rendered":"<p><strong>Temel \u00d6zellikler<\/strong><br \/>\nAndroid GMS EDLA:<br \/>\nGoogle hizmetlerine ve geli\u015fmi\u015f kurumsal \u00f6zelliklere eri\u015fim sa\u011flayan Google Mobil Hizmetleri ve Kurumsal Cihaz Lisanslama S\u00f6zle\u015fmesi ile \u00e7al\u0131\u015f\u0131r.<\/p>\n<p><strong>Y\u00fcksek Performansl\u0131 El Tipi:<\/strong><br \/>\nG\u00fc\u00e7l\u00fc sekiz \u00e7ekirdekli i\u015flemci, 4GB RAM ve 64GB dahili depolama alan\u0131 ile zorlu ortamlar i\u00e7in tasarlanm\u0131\u015ft\u0131r.<\/p>\n<p><strong>Entegre Termal Yaz\u0131c\u0131:<\/strong><br \/>\nFi\u015f ve etiketlerin verimli bir \u015fekilde yazd\u0131r\u0131lmas\u0131 i\u00e7in dahili 58 mm yaz\u0131c\u0131, \u00e7e\u015fitli perakende ve hizmet uygulamalar\u0131 i\u00e7in kullan\u0131\u015fl\u0131d\u0131r.<\/p>\n<p><strong>Geli\u015fmi\u015f Veri Yakalama:<\/strong><br \/>\nBarkod tarama i\u00e7in bir 2D g\u00f6r\u00fcnt\u00fcleyici ve 2MP \u00f6n ve 8MP arka kamera i\u00e7erir.<\/p>\n<p><strong>Biyometrik G\u00fcvenlik:<\/strong><br \/>\nG\u00fcvenli cihaz kilidi a\u00e7ma ve kullan\u0131c\u0131 giri\u015fi i\u00e7in bir parmak izi okuyucusuna sahiptir.<\/p>\n<p><strong>Tam Ba\u011flanabilirlik:<\/strong><br \/>\nUSB-C, Wi-Fi (802.11ac), 4G LTE, Bluetooth 5.0, NFC, eSIM ve GPS ile donat\u0131lm\u0131\u015ft\u0131r.<\/p>\n<p><strong>Mobil \u00d6deme Deste\u011fi:<\/strong><br \/>\nSoftPOS ve QR kod \u00f6demelerini i\u015fleme kabiliyeti, i\u015flem h\u0131z\u0131n\u0131 ve m\u00fc\u015fteri deneyimini art\u0131r\u0131r.<\/p>\n<p><strong>Dayan\u0131kl\u0131 Tasar\u0131m:<\/strong><br \/>\nKoruyucu silikon kapak ve el kay\u0131\u015f\u0131 gibi aksesuarlarla mobil \u00e7al\u0131\u015fma ortamlar\u0131nda g\u00fcvenilirlik i\u00e7in \u00fcretilmi\u015ftir.<\/p>\n<p><strong>\u0130deal Uygulamalar<\/strong><br \/>\nPerakende: Envanter y\u00f6netimi, mobil \u00f6deme, \u00fcr\u00fcn etiketleme ve kuyruk y\u00f6netimi.<br \/>\nLojistik: Saha hizmeti, teslimat operasyonlar\u0131 ve rota y\u00f6netimi.<br \/>\nA\u011f\u0131rlama: Sipari\u015f alma, \u00f6deme i\u015flemleri ve masa y\u00f6netimi.<br \/>\nSaha Operasyonlar\u0131: Hareket halindeyken g\u00fc\u00e7l\u00fc veri yakalama ve i\u015flem yeteneklerine ihtiya\u00e7 duyan t\u00fcm i\u015fletmeler.<\/p>","protected":false},"excerpt":{"rendered":"<p>SUNMI V3H, perakende ve lojistik gibi \u00e7e\u015fitli sekt\u00f6rlerde mobilite ve \u00e7ok y\u00f6nl\u00fcl\u00fck i\u00e7in tasarlanm\u0131\u015f Android tabanl\u0131 bir el tipi sat\u0131\u015f noktas\u0131 (POS) ve veri toplama terminalidir. Geni\u015f 6,7 in\u00e7 kapasitif dokunmatik ekrana, makbuzlar ve etiketler i\u00e7in entegre 58 mm termal yaz\u0131c\u0131ya, 2D taray\u0131c\u0131ya, temass\u0131z \u00f6demeler i\u00e7in NFC'ye ve 4G, Wi-Fi ve GPS gibi kapsaml\u0131 ba\u011flant\u0131 se\u00e7eneklerine sahiptir. Cihaz ayr\u0131ca g\u00fcvenli eri\u015fim i\u00e7in bir parmak izi okuyucu i\u00e7eriyor ve mobil \u00f6demeler ve envanter y\u00f6netimi gibi \u00f6zellikleri destekliyor.<\/p>","protected":false},"featured_media":37294,"comment_status":"closed","ping_status":"closed","template":"","meta":[],"product_cat":[1555,3646],"product_tag":[1791,944,734,1874,3644,3503,3652,3643,3642,3649],"acf":[],"_links":{"self":[{"href":"https:\/\/paymentdiscounter.com\/tr\/wp-json\/wp\/v2\/product\/35324"}],"collection":[{"href":"https:\/\/paymentdiscounter.com\/tr\/wp-json\/wp\/v2\/product"}],"about":[{"href":"https:\/\/paymentdiscounter.com\/tr\/wp-json\/wp\/v2\/types\/product"}],"replies":[{"embeddable":true,"href":"https:\/\/paymentdiscounter.com\/tr\/wp-json\/wp\/v2\/comments?post=35324"}],"version-history":[{"count":4,"href":"https:\/\/paymentdiscounter.com\/tr\/wp-json\/wp\/v2\/product\/35324\/revisions"}],"predecessor-version":[{"id":37302,"href":"https:\/\/paymentdiscounter.com\/tr\/wp-json\/wp\/v2\/product\/35324\/revisions\/37302"}],"wp:featuredmedia":[{"embeddable":true,"href":"https:\/\/paymentdiscounter.com\/tr\/wp-json\/wp\/v2\/media\/37294"}],"wp:attachment":[{"href":"https:\/\/paymentdiscounter.com\/tr\/wp-json\/wp\/v2\/media?parent=35324"}],"wp:term":[{"taxonomy":"product_cat","embeddable":true,"href":"https:\/\/paymentdiscounter.com\/tr\/wp-json\/wp\/v2\/product_cat?post=35324"},{"taxonomy":"product_tag","embeddable":true,"href":"https:\/\/paymentdiscounter.com\/tr\/wp-json\/wp\/v2\/product_tag?post=35324"}],"curies":[{"name":"wp","href":"https:\/\/api.w.org\/{rel}","templated":true}]}}