{"id":35210,"date":"2025-01-08T08:13:33","date_gmt":"2025-01-08T08:13:33","guid":{"rendered":"https:\/\/paymentdiscounter.com\/?post_type=product&#038;p=35210"},"modified":"2025-01-08T08:19:05","modified_gmt":"2025-01-08T08:19:05","slug":"verifone-v400c-stand-metal-12cm","status":"publish","type":"product","link":"https:\/\/paymentdiscounter.com\/tr\/product\/verifone-v400c-stand-metal-12cm\/","title":{"rendered":"Verifone V400c Stand Metal 12cm"},"content":{"rendered":"<p>Verifone V400c DuraTilt standard\u0131, Ergonomic solutions'nin mod\u00fcler ve ergonomik tasar\u0131ma sahip metal bir \u00f6deme terminali tutucusudur. Bu \u00fcr\u00fcn iki par\u00e7adan olu\u015fmaktad\u0131r: 12 cm y\u00fcksekli\u011finde metal bir direk ve \u00f6zel yap\u0131m bir montaj plakas\u0131. Bunun en b\u00fcy\u00fck avantaj\u0131, \u00f6deme terminalinizi y\u00fckseltirken yaln\u0131zca gev\u015fek plakan\u0131n de\u011fi\u015ftirilmesi gerekti\u011fidir. Standard\u0131n kendisi evrenseldir ve bu nedenle yeniden kullan\u0131labilir.<\/p>\n<p>- Sabit y\u00fckseklik 12 santimetre<br \/>\n- 70\u00b0'ye kadar e\u011filebilir ve 210\u00b0'ye kadar d\u00f6nd\u00fcr\u00fclebilir<br \/>\n- Etkin kablo y\u00f6netimi ve korumas\u0131 i\u00e7in 38 mm \u00e7ap<br \/>\n- Daha b\u00fcy\u00fck terminaller i\u00e7in geli\u015ftirilmi\u015f stabilite<br \/>\n- \u00c7ift tarafl\u0131 bant ve\/veya vida kullanarak kolay montaj<\/p>\n<p><strong>G\u00fcvenlik<\/strong><br \/>\n\u0130stenirse standart, h\u0131rs\u0131zl\u0131\u011f\u0131 ve hasar\u0131 \u00f6nlemek i\u00e7in ClickSafe\u00ae g\u00fcvenlik se\u00e7ene\u011fi ile geni\u015fletilebilir.<\/p>\n<p><strong>Y\u00fckseltme<\/strong><br \/>\nBa\u015fka bir Castles \u00f6deme terminaline mi ge\u00e7iyorsunuz?<br \/>\nO zaman sadece montaj plakas\u0131n\u0131 de\u011fi\u015ftirmeniz gerekir. Taban her zaman ayn\u0131 kal\u0131r.<\/p>","protected":false},"excerpt":{"rendered":"<p>Verifone V400c DuraTilt Stand, 12 santimetre y\u00fcksekli\u011finde metal bir \u00d6deme Terminali tutucusudur. Kablolar\u0131n\u0131z\u0131 gizlemek i\u00e7in dahili bir kablo kanal\u0131 ile donat\u0131lm\u0131\u015ft\u0131r ve standart olarak 5 y\u0131ll\u0131k fabrika garantisine sahiptir. Bu model 70\u00b0'ye kadar e\u011filebilir ve 210\u00b0'ye kadar d\u00f6nd\u00fcr\u00fclebilir.<\/p>\n<p>\u00c7ift tarafl\u0131 bant veya vida seti ile kolayca tak\u0131labilir.<\/p>","protected":false},"featured_media":35213,"comment_status":"closed","ping_status":"closed","template":"","meta":[],"product_cat":[791,1597,1549],"product_tag":[3587,3589,908,3588,1789,3616,3615,3338,1347,1788],"acf":[],"_links":{"self":[{"href":"https:\/\/paymentdiscounter.com\/tr\/wp-json\/wp\/v2\/product\/35210"}],"collection":[{"href":"https:\/\/paymentdiscounter.com\/tr\/wp-json\/wp\/v2\/product"}],"about":[{"href":"https:\/\/paymentdiscounter.com\/tr\/wp-json\/wp\/v2\/types\/product"}],"replies":[{"embeddable":true,"href":"https:\/\/paymentdiscounter.com\/tr\/wp-json\/wp\/v2\/comments?post=35210"}],"version-history":[{"count":1,"href":"https:\/\/paymentdiscounter.com\/tr\/wp-json\/wp\/v2\/product\/35210\/revisions"}],"predecessor-version":[{"id":35214,"href":"https:\/\/paymentdiscounter.com\/tr\/wp-json\/wp\/v2\/product\/35210\/revisions\/35214"}],"wp:featuredmedia":[{"embeddable":true,"href":"https:\/\/paymentdiscounter.com\/tr\/wp-json\/wp\/v2\/media\/35213"}],"wp:attachment":[{"href":"https:\/\/paymentdiscounter.com\/tr\/wp-json\/wp\/v2\/media?parent=35210"}],"wp:term":[{"taxonomy":"product_cat","embeddable":true,"href":"https:\/\/paymentdiscounter.com\/tr\/wp-json\/wp\/v2\/product_cat?post=35210"},{"taxonomy":"product_tag","embeddable":true,"href":"https:\/\/paymentdiscounter.com\/tr\/wp-json\/wp\/v2\/product_tag?post=35210"}],"curies":[{"name":"wp","href":"https:\/\/api.w.org\/{rel}","templated":true}]}}