{"id":3379,"date":"2018-10-02T22:05:43","date_gmt":"2018-10-02T22:05:43","guid":{"rendered":"https:\/\/paymentdiscounter.com\/product\/vx680-verloopstekker\/"},"modified":"2025-06-14T12:57:24","modified_gmt":"2025-06-14T12:57:24","slug":"verifone-vx680-kablo-adaptoru-fisi","status":"publish","type":"product","link":"https:\/\/paymentdiscounter.com\/tr\/product\/verifone-vx680-kablo-adaptoru-fisi\/","title":{"rendered":"Vx680 adapt\u00f6r fi\u015f kablosu"},"content":{"rendered":"<p>Vx680 adapt\u00f6r fi\u015f kablosu<br \/>\nYeni verifone Vx680 kablosu CBL 268-004-01-C model numaras\u0131yla da bilinmektedir. Bu model, \u00f6nceki modele k\u0131yasla birka\u00e7 noktada geli\u015ftirilmi\u015ftir. Bu sayede adapt\u00f6r kablosu daha g\u00fcvenli kal\u0131r ve daha az ar\u0131za meydana gelir. Verifone Vx680 kablosu \u00f6deme terminalinin \u00f6n\u00fcne tak\u0131l\u0131r ve ard\u0131ndan pil \u015farj cihaz\u0131na ba\u011flan\u0131r.<\/p>\n<p>\u00c7ok fazla i\u015flem yazd\u0131r\u0131rsan\u0131z, pilin daha fazla enerji kullanaca\u011f\u0131n\u0131 fark edeceksiniz. Genellikle 1 pille yakla\u015f\u0131k 200-300 i\u015flem yazd\u0131rabilirsiniz. Bu nedenle pilinizi zaman zaman bir g\u00fc\u00e7 kayna\u011f\u0131 ile \u015farj etmek ak\u0131ll\u0131ca olacakt\u0131r.<\/p>\n<p>Bir adapt\u00f6r kablosu kullan\u0131yorsan\u0131z, bunu her zaman g\u00fc\u00e7 kablosuna ba\u011fl\u0131 b\u0131rakabilirsiniz. Bu \u015fekilde her zaman dolu bir piliniz olur. Daha sonra bir i\u015flem ba\u015flatmak isterseniz, \u00f6deme terminalini kablodan \u00e7\u0131karman\u0131z ve i\u015flemi ba\u015flatman\u0131z yeterlidir. vx680 geli\u015fmi\u015f adapt\u00f6r fi\u015fini kendiniz kolayca de\u011fi\u015ftirebilirsiniz ve internetten sipari\u015f edebilirsiniz. Kabloyu d\u00fczenli olarak kontrol etmek \u00f6nemlidir. Adapt\u00f6r \u0131sland\u0131\u011f\u0131 i\u00e7in bir k\u0131sa devre meydana gelebilir. Konekt\u00f6rlerdeki adapt\u00f6r fi\u015fi ye\u015file d\u00f6nd\u00fc\u011f\u00fcnde bu a\u00e7\u0131k\u00e7a g\u00f6r\u00fclebilir.<\/p>\n<p>Yerle\u015ftirme \u0130stasyonu<br \/>\nKullanmay\u0131 da se\u00e7ebilirsiniz <a href=\"https:\/\/paymentdiscounter.com\/tr\/product\/verifone-yerlestirme-istasyonu-sarj-tabani-vx680\/\">Yerle\u015ftirme \u0130stasyonu<\/a>. \u00d6deme makinesi her zaman \u015farjl\u0131 kald\u0131\u011f\u0131 i\u00e7in bu da daha kullan\u0131\u015fl\u0131d\u0131r. Bir baz istasyonu kullan\u0131yorsan\u0131z, adapt\u00f6r fi\u015fine ihtiyac\u0131n\u0131z yoktur. Pil \u015farj cihaz\u0131n\u0131 Yerle\u015ftirme \u0130stasyonunun alt\u0131na takars\u0131n\u0131z ve \u00f6demeleri kabul etmeye haz\u0131r olursunuz.<\/p>","protected":false},"excerpt":{"rendered":"<p>Pil \u015farj cihaz\u0131 ile verifone terminaliniz aras\u0131nda konekt\u00f6r olarak bir adapt\u00f6r fi\u015fi kullan\u0131l\u0131r. Giri\u015f, \u00f6deme terminalinin \u00f6n taraf\u0131nda kart okuyucunun hemen alt\u0131nda bulunur. Bir Yerle\u015ftirme \u0130stasyonu kullanmay\u0131 da se\u00e7ebilirsiniz. Bu durumda Verifone kablosuna art\u0131k gerek yoktur.<\/p>\n<p>&nbsp;<\/p>","protected":false},"featured_media":9811,"comment_status":"closed","ping_status":"closed","template":"","meta":[],"product_cat":[791,784],"product_tag":[684,694,715,748,776,3338,779],"acf":[],"_links":{"self":[{"href":"https:\/\/paymentdiscounter.com\/tr\/wp-json\/wp\/v2\/product\/3379"}],"collection":[{"href":"https:\/\/paymentdiscounter.com\/tr\/wp-json\/wp\/v2\/product"}],"about":[{"href":"https:\/\/paymentdiscounter.com\/tr\/wp-json\/wp\/v2\/types\/product"}],"replies":[{"embeddable":true,"href":"https:\/\/paymentdiscounter.com\/tr\/wp-json\/wp\/v2\/comments?post=3379"}],"version-history":[{"count":7,"href":"https:\/\/paymentdiscounter.com\/tr\/wp-json\/wp\/v2\/product\/3379\/revisions"}],"predecessor-version":[{"id":26353,"href":"https:\/\/paymentdiscounter.com\/tr\/wp-json\/wp\/v2\/product\/3379\/revisions\/26353"}],"wp:featuredmedia":[{"embeddable":true,"href":"https:\/\/paymentdiscounter.com\/tr\/wp-json\/wp\/v2\/media\/9811"}],"wp:attachment":[{"href":"https:\/\/paymentdiscounter.com\/tr\/wp-json\/wp\/v2\/media?parent=3379"}],"wp:term":[{"taxonomy":"product_cat","embeddable":true,"href":"https:\/\/paymentdiscounter.com\/tr\/wp-json\/wp\/v2\/product_cat?post=3379"},{"taxonomy":"product_tag","embeddable":true,"href":"https:\/\/paymentdiscounter.com\/tr\/wp-json\/wp\/v2\/product_tag?post=3379"}],"curies":[{"name":"wp","href":"https:\/\/api.w.org\/{rel}","templated":true}]}}