{"id":33654,"date":"2024-09-23T20:06:23","date_gmt":"2024-09-23T20:06:23","guid":{"rendered":"https:\/\/paymentdiscounter.com\/?post_type=product&#038;p=33654"},"modified":"2026-02-24T22:10:47","modified_gmt":"2026-02-24T22:10:47","slug":"sunmi-p2-lite-se-kasa-tarama-surumu","status":"publish","type":"product","link":"https:\/\/paymentdiscounter.com\/tr\/product\/sunmi-p2-lite-se-kasa-tarama-surumu\/","title":{"rendered":"Sunmi P2 Lite SE K\u0131l\u0131f (Tarama versiyonu)"},"content":{"rendered":"<p>Sunmi terminalinizi m\u00fcmk\u00fcn oldu\u011funca uzun s\u00fcre iyi durumda tutmak i\u00e7in bu Sunmi P2 Lite SE K\u0131l\u0131f koruyucu kapa\u011f\u0131 kullanabilirsiniz.<br \/>\nTampon, \u00e7al\u0131\u015fman\u0131z s\u0131ras\u0131nda ekstra kavrama sa\u011flar ve makinenizin hasar g\u00f6rmesini \u00f6nlemeye yard\u0131mc\u0131 olur.<\/p>\n<p>Sunmi P2 Lite SE Koruyucu K\u0131l\u0131f yumu\u015fak silikondan ve arka k\u0131sm\u0131 sert plastikten yap\u0131lm\u0131\u015ft\u0131r. Ek olarak, arka k\u0131s\u0131mda kolayca kablo takabilmeniz i\u00e7in \u00f6zel yap\u0131m bir \u00e7entik vard\u0131r. Terminali s\u0131k s\u0131k yan\u0131n\u0131za al\u0131yorsan\u0131z ve biraz ekstra korumaya ihtiyac\u0131n\u0131z varsa idealdir.<\/p>\n<p>Sunmi tampon, Sunmi P2 Lite SE i\u00e7in \u00f6zel olarak geli\u015ftirilmi\u015ftir ve terminalinize sorunsuz bir \u015fekilde ba\u011flan\u0131r.<\/p>\n<p><strong>Sunmi P2 Lite SE Kasan\u0131n avantajlar\u0131:<\/strong><br \/>\n- Terminalinize sorunsuz bir \u015fekilde ba\u011flan\u0131n<br \/>\n- Makineyi toza, kire, \u00e7iziklere ve di\u011fer hasarlara kar\u015f\u0131 korur<br \/>\n- Terminalinizin daha uzun \u00f6m\u00fcrl\u00fc olmas\u0131<br \/>\n- Art\u0131r\u0131lm\u0131\u015f g\u00fcvenlik<br \/>\n- Kurulumu ve \u00e7\u0131karmas\u0131 kolay<\/p>","protected":false},"excerpt":{"rendered":"<p>Sunmi terminalinizi m\u00fcmk\u00fcn oldu\u011funca uzun s\u00fcre iyi durumda tutmak i\u00e7in bu Sunmi P2 Lite SE koruyucu kapa\u011f\u0131 kullanabilirsiniz.<br \/>\nTampon, \u00e7al\u0131\u015fman\u0131z s\u0131ras\u0131nda ekstra kavrama sa\u011flar ve makinenizin hasar g\u00f6rmesini \u00f6nlemeye yard\u0131mc\u0131 olur.<\/p>\n<p>- Terminalinize sorunsuz bir \u015fekilde ba\u011flan\u0131n<br \/>\n- Makineyi toza, kire, \u00e7iziklere ve di\u011fer hasarlara kar\u015f\u0131 korur<br \/>\n- Terminalinizin daha uzun \u00f6m\u00fcrl\u00fc olmas\u0131n\u0131 sa\u011flar<\/p>","protected":false},"featured_media":33659,"comment_status":"open","ping_status":"closed","template":"","meta":[],"product_cat":[1555,3031],"product_tag":[3840,901,3033,3603,3601,891,3844,996,1874,2704,2723,2722,2724,3032,3602],"acf":[],"_links":{"self":[{"href":"https:\/\/paymentdiscounter.com\/tr\/wp-json\/wp\/v2\/product\/33654"}],"collection":[{"href":"https:\/\/paymentdiscounter.com\/tr\/wp-json\/wp\/v2\/product"}],"about":[{"href":"https:\/\/paymentdiscounter.com\/tr\/wp-json\/wp\/v2\/types\/product"}],"replies":[{"embeddable":true,"href":"https:\/\/paymentdiscounter.com\/tr\/wp-json\/wp\/v2\/comments?post=33654"}],"version-history":[{"count":7,"href":"https:\/\/paymentdiscounter.com\/tr\/wp-json\/wp\/v2\/product\/33654\/revisions"}],"predecessor-version":[{"id":38171,"href":"https:\/\/paymentdiscounter.com\/tr\/wp-json\/wp\/v2\/product\/33654\/revisions\/38171"}],"wp:featuredmedia":[{"embeddable":true,"href":"https:\/\/paymentdiscounter.com\/tr\/wp-json\/wp\/v2\/media\/33659"}],"wp:attachment":[{"href":"https:\/\/paymentdiscounter.com\/tr\/wp-json\/wp\/v2\/media?parent=33654"}],"wp:term":[{"taxonomy":"product_cat","embeddable":true,"href":"https:\/\/paymentdiscounter.com\/tr\/wp-json\/wp\/v2\/product_cat?post=33654"},{"taxonomy":"product_tag","embeddable":true,"href":"https:\/\/paymentdiscounter.com\/tr\/wp-json\/wp\/v2\/product_tag?post=33654"}],"curies":[{"name":"wp","href":"https:\/\/api.w.org\/{rel}","templated":true}]}}