{"id":33400,"date":"2024-09-20T20:01:02","date_gmt":"2024-09-20T20:01:02","guid":{"rendered":"https:\/\/paymentdiscounter.com\/?post_type=product&#038;p=33400"},"modified":"2026-03-20T22:41:09","modified_gmt":"2026-03-20T22:41:09","slug":"castles-s1f4-pro-kilif","status":"publish","type":"product","link":"https:\/\/paymentdiscounter.com\/tr\/product\/castles-s1f4-pro-kilif\/","title":{"rendered":"Castles S1F4 PRO K\u0131l\u0131f"},"content":{"rendered":"<p>Castles S1F4 PRO \u00f6deme terminalinizi bu hafif k\u0131l\u0131fla g\u00fcvende ve eri\u015filebilir tutun. Birinci s\u0131n\u0131f Cordura\u00ae kuma\u015ftan \u00fcretilen bu k\u0131l\u0131f sadece 75 g a\u011f\u0131rl\u0131\u011f\u0131ndad\u0131r ve yo\u011fun g\u00fcnl\u00fck kullan\u0131m i\u00e7in m\u00fckemmel y\u0131rt\u0131lma direnci ve dayan\u0131kl\u0131l\u0131k sunar. Perakende, konaklama ve lojistik i\u00e7in m\u00fckemmeldir. Bu k\u0131l\u0131f g\u00fc\u00e7, konfor ve i\u015flevselli\u011fi bir araya getirir.<\/p>\n<p>Standart \u00f6deme terminali modelleri i\u00e7in \u00f6zel olarak tasarlanan bu \u00fcr\u00fcn, gizli bir Velcro sabitleme sistemi, kullan\u0131\u015fl\u0131 bir entegre kalem tutucu ve esnek ta\u015f\u0131ma i\u00e7in iste\u011fe ba\u011fl\u0131 bir omuz ask\u0131s\u0131 uyumlulu\u011fu i\u00e7erir. 5 y\u0131ll\u0131k garanti ile desteklenmektedir.<\/p>\n<ul>\n<li>Premium Cordura\u00ae: 5 y\u0131l garanti<\/li>\n<li>Ultra hafif yap\u0131: Sadece 75 g<\/li>\n<li>Pratik entegre kalemlik<\/li>\n<li>Gizli Velcro sabitleme sistemi<\/li>\n<li>Opsiyonel omuz ask\u0131s\u0131 haz\u0131r<\/li>\n<li>Geleneksel terminal modellerine uyacak \u015fekilde tasarlanm\u0131\u015ft\u0131r<\/li>\n<\/ul>","protected":false},"excerpt":{"rendered":"<p>Castles S1F4 PRO K\u0131l\u0131f, kafe ve restoranlarda \u00f6deme terminalinizi ta\u015f\u0131mak i\u00e7in g\u00fcvenli ve eller serbest bir yol sunar. Birinci s\u0131n\u0131f Cordura\u00ae kuma\u015ftan \u00fcretilmi\u015ftir ve sadece 75 gram a\u011f\u0131rl\u0131\u011f\u0131ndad\u0131r.<\/p>\n<p>K\u0131l\u0131f, sa\u011flam bir kemer kay\u0131\u015f\u0131, iste\u011fe ba\u011fl\u0131 omuz kay\u0131\u015f\u0131 uyumlulu\u011fu i\u00e7erir ve 5 y\u0131ll\u0131k g\u00fcvenilir bir garantiyle desteklenir.<\/p>\n<ul>\n<li>Premium Cordura\u00ae malzeme<\/li>\n<li>Sa\u011flam kemer kay\u0131\u015f\u0131 dahildir<\/li>\n<li>Ultra hafif: Sadece 75 g<\/li>\n<li>Opsiyonel omuz ask\u0131s\u0131 uyumlu<\/li>\n<li>5 y\u0131l garanti dahildir<\/li>\n<\/ul>","protected":false},"featured_media":37849,"comment_status":"closed","ping_status":"closed","template":"","meta":[],"product_cat":[1550,3558],"product_tag":[3335,3584,3559,702,3562,3585,3560,3582],"acf":[],"_links":{"self":[{"href":"https:\/\/paymentdiscounter.com\/tr\/wp-json\/wp\/v2\/product\/33400"}],"collection":[{"href":"https:\/\/paymentdiscounter.com\/tr\/wp-json\/wp\/v2\/product"}],"about":[{"href":"https:\/\/paymentdiscounter.com\/tr\/wp-json\/wp\/v2\/types\/product"}],"replies":[{"embeddable":true,"href":"https:\/\/paymentdiscounter.com\/tr\/wp-json\/wp\/v2\/comments?post=33400"}],"version-history":[{"count":8,"href":"https:\/\/paymentdiscounter.com\/tr\/wp-json\/wp\/v2\/product\/33400\/revisions"}],"predecessor-version":[{"id":37852,"href":"https:\/\/paymentdiscounter.com\/tr\/wp-json\/wp\/v2\/product\/33400\/revisions\/37852"}],"wp:featuredmedia":[{"embeddable":true,"href":"https:\/\/paymentdiscounter.com\/tr\/wp-json\/wp\/v2\/media\/37849"}],"wp:attachment":[{"href":"https:\/\/paymentdiscounter.com\/tr\/wp-json\/wp\/v2\/media?parent=33400"}],"wp:term":[{"taxonomy":"product_cat","embeddable":true,"href":"https:\/\/paymentdiscounter.com\/tr\/wp-json\/wp\/v2\/product_cat?post=33400"},{"taxonomy":"product_tag","embeddable":true,"href":"https:\/\/paymentdiscounter.com\/tr\/wp-json\/wp\/v2\/product_tag?post=33400"}],"curies":[{"name":"wp","href":"https:\/\/api.w.org\/{rel}","templated":true}]}}