{"id":33398,"date":"2024-09-20T19:58:14","date_gmt":"2024-09-20T19:58:14","guid":{"rendered":"https:\/\/paymentdiscounter.com\/?post_type=product&#038;p=33398"},"modified":"2025-04-08T22:27:03","modified_gmt":"2025-04-08T22:27:03","slug":"castles-s1f4-pro-ekran-koruyucu","status":"publish","type":"product","link":"https:\/\/paymentdiscounter.com\/tr\/product\/castles-s1f4-pro-ekran-koruyucu\/","title":{"rendered":"Castles S1F4 PRO Ekran Koruyucu"},"content":{"rendered":"<p><strong>Bir mobil \u00f6deme terminali kullan\u0131yorsan\u0131z, do\u011fal olarak onu kazalardan ve hasarlardan korumak isteyeceksiniz. Castles S1F4 PRO Ekran Koruyucu, i\u015flevsellikten \u00f6d\u00fcn vermeden ekstra koruma sa\u011flar.<\/strong><\/p>\n<p>Castles S1F4 PRO Ekran Koruyucu<br \/>\nCastles S1F4 PRO Ekran Koruyucu \u00e7izilmeye kar\u015f\u0131 son derece dayan\u0131kl\u0131d\u0131r ve uygulamas\u0131 kolayd\u0131r. Lekeleri ve kirleri silmeyi kolayla\u015ft\u0131ran parmak izi b\u0131rakmayan bir kaplamaya sahiptir. Ayr\u0131ca dokunmatik ekran\u0131n\u0131zla sorunsuz bir \u015fekilde \u00e7al\u0131\u015f\u0131r.<\/p>\n<p><strong>Ekran koruyucunun faydalar\u0131<\/strong><br \/>\nYenilik\u00e7i yap\u0131\u015fkan katman, kolay uygulama sa\u011flayarak kabarc\u0131ks\u0131z bir ekran koruyucu elde edilmesini sa\u011flar.<\/p>\n<p>Ekran koruyucu, de\u011ferli terminaliniz i\u00e7in ek bir savunma katman\u0131 ekleyerek ekran\u0131 \u00e7izilmelere kar\u015f\u0131 korur ve \u00f6deme terminalinizin \u00f6mr\u00fcn\u00fc uzat\u0131r.<\/p>\n<ul>\n<li>Kristal berrakl\u0131\u011f\u0131nda<\/li>\n<li>Sert kaplamal\u0131<\/li>\n<li>Kir tutmaz<\/li>\n<li>Kurulumu ve \u00e7\u0131karmas\u0131 kolay<\/li>\n<\/ul>","protected":false},"excerpt":{"rendered":"<p>S1F4 Pro'nun iki ekran\u0131 vard\u0131r. Ana ekran\u0131n yan\u0131 s\u0131ra \u00f6n tarafta bir NFC ekran\u0131. 2 tip ekran koruyucu mevcuttur.<\/p>\n<ul>\n<li><strong>Versiyon 1<\/strong> standart modeldir<\/li>\n<li><strong>S\u00fcr\u00fcm 2<\/strong> \u015funlar\u0131 i\u00e7erir <strong>NFC Ekran koruyucu<\/strong> optimum koruma i\u00e7in.<\/li>\n<\/ul>\n<p>&nbsp;<\/p>","protected":false},"featured_media":33424,"comment_status":"closed","ping_status":"closed","template":"","meta":[],"product_cat":[1550,3558],"product_tag":[3335,3559,3583,3562,3560,3582,762],"acf":[],"_links":{"self":[{"href":"https:\/\/paymentdiscounter.com\/tr\/wp-json\/wp\/v2\/product\/33398"}],"collection":[{"href":"https:\/\/paymentdiscounter.com\/tr\/wp-json\/wp\/v2\/product"}],"about":[{"href":"https:\/\/paymentdiscounter.com\/tr\/wp-json\/wp\/v2\/types\/product"}],"replies":[{"embeddable":true,"href":"https:\/\/paymentdiscounter.com\/tr\/wp-json\/wp\/v2\/comments?post=33398"}],"version-history":[{"count":17,"href":"https:\/\/paymentdiscounter.com\/tr\/wp-json\/wp\/v2\/product\/33398\/revisions"}],"predecessor-version":[{"id":35777,"href":"https:\/\/paymentdiscounter.com\/tr\/wp-json\/wp\/v2\/product\/33398\/revisions\/35777"}],"wp:featuredmedia":[{"embeddable":true,"href":"https:\/\/paymentdiscounter.com\/tr\/wp-json\/wp\/v2\/media\/33424"}],"wp:attachment":[{"href":"https:\/\/paymentdiscounter.com\/tr\/wp-json\/wp\/v2\/media?parent=33398"}],"wp:term":[{"taxonomy":"product_cat","embeddable":true,"href":"https:\/\/paymentdiscounter.com\/tr\/wp-json\/wp\/v2\/product_cat?post=33398"},{"taxonomy":"product_tag","embeddable":true,"href":"https:\/\/paymentdiscounter.com\/tr\/wp-json\/wp\/v2\/product_tag?post=33398"}],"curies":[{"name":"wp","href":"https:\/\/api.w.org\/{rel}","templated":true}]}}