{"id":33204,"date":"2024-09-03T15:11:49","date_gmt":"2024-09-03T15:11:49","guid":{"rendered":"https:\/\/paymentdiscounter.com\/?post_type=product&#038;p=33204"},"modified":"2026-05-13T11:12:26","modified_gmt":"2026-05-13T11:12:26","slug":"sunmi-p3-ekran-koruyucu","status":"publish","type":"product","link":"https:\/\/paymentdiscounter.com\/tr\/product\/sunmi-p3-ekran-koruyucu\/","title":{"rendered":"Sunmi P3 Ekran Koruyucu"},"content":{"rendered":"<p><strong>Sunmi P3 Ekran Koruyucu<\/strong><br \/>\nSunmi P3 Ekran Koruyucu ile ekran koruman\u0131z\u0131 y\u00fckseltin. \u00c7izilmeye kar\u015f\u0131 son derece dayan\u0131kl\u0131 olacak ve zahmetsizce uygulanacak \u015fekilde tasarlanm\u0131\u015ft\u0131r. Parmak izi b\u0131rakmayan kaplamas\u0131 ekran\u0131n\u0131z\u0131 temiz ve net tutarken tam dokunmatik ekran i\u015flevselli\u011fini korur.<\/p>\n<p><strong>Bu Ekran Koruyucuyu Se\u00e7menin Faydalar\u0131<\/strong><br \/>\nGeli\u015fmi\u015f yap\u0131\u015fkan katman\u0131 sayesinde Sunmi P3 Ekran Koruyucuyu uygulamak \u00e7ocuk oyunca\u011f\u0131d\u0131r ve her seferinde p\u00fcr\u00fczs\u00fcz, kabarc\u0131ks\u0131z bir y\u00fczey sa\u011flar.<\/p>","protected":false},"excerpt":{"rendered":"<p>Mobil \u00f6deme terminalinizi kazalardan ve hasarlardan korumak i\u00e7in Sunmi P3 Ekran Koruyucu kullanmak ak\u0131ll\u0131ca bir se\u00e7imdir. Bu ekran koruyucu, tam i\u015flevselli\u011fi korurken sa\u011flam bir koruma sunar. Ekran\u0131n\u0131z\u0131 \u00e7izilmelere kar\u015f\u0131 korur ve terminalin kullan\u0131m \u00f6mr\u00fcn\u00fc uzat\u0131r.<\/p>\n<p><strong>\u00d6zellikler:<\/strong><\/p>\n<ul>\n<li>Kristal netli\u011finde g\u00f6r\u00fcn\u00fcrl\u00fck<\/li>\n<li>Dayan\u0131kl\u0131l\u0131k i\u00e7in sert kaplamal\u0131<\/li>\n<li>Kir tutmaz<\/li>\n<li>Takmas\u0131 ve \u00e7\u0131karmas\u0131 kolay<\/li>\n<\/ul>","protected":false},"featured_media":33205,"comment_status":"closed","ping_status":"closed","template":"","meta":[],"product_cat":[1555,3500],"product_tag":[3502,3543,3537,3536,762,1874,2704,3538,3539],"acf":[],"_links":{"self":[{"href":"https:\/\/paymentdiscounter.com\/tr\/wp-json\/wp\/v2\/product\/33204"}],"collection":[{"href":"https:\/\/paymentdiscounter.com\/tr\/wp-json\/wp\/v2\/product"}],"about":[{"href":"https:\/\/paymentdiscounter.com\/tr\/wp-json\/wp\/v2\/types\/product"}],"replies":[{"embeddable":true,"href":"https:\/\/paymentdiscounter.com\/tr\/wp-json\/wp\/v2\/comments?post=33204"}],"version-history":[{"count":6,"href":"https:\/\/paymentdiscounter.com\/tr\/wp-json\/wp\/v2\/product\/33204\/revisions"}],"predecessor-version":[{"id":39415,"href":"https:\/\/paymentdiscounter.com\/tr\/wp-json\/wp\/v2\/product\/33204\/revisions\/39415"}],"wp:featuredmedia":[{"embeddable":true,"href":"https:\/\/paymentdiscounter.com\/tr\/wp-json\/wp\/v2\/media\/33205"}],"wp:attachment":[{"href":"https:\/\/paymentdiscounter.com\/tr\/wp-json\/wp\/v2\/media?parent=33204"}],"wp:term":[{"taxonomy":"product_cat","embeddable":true,"href":"https:\/\/paymentdiscounter.com\/tr\/wp-json\/wp\/v2\/product_cat?post=33204"},{"taxonomy":"product_tag","embeddable":true,"href":"https:\/\/paymentdiscounter.com\/tr\/wp-json\/wp\/v2\/product_tag?post=33204"}],"curies":[{"name":"wp","href":"https:\/\/api.w.org\/{rel}","templated":true}]}}