{"id":23424,"date":"2023-11-30T23:16:43","date_gmt":"2023-11-30T23:16:43","guid":{"rendered":"https:\/\/paymentdiscounter.com\/?post_type=product&#038;p=23424"},"modified":"2023-11-30T23:35:28","modified_gmt":"2023-11-30T23:35:28","slug":"newland-n7-cachalot-pro-ii","status":"publish","type":"product","link":"https:\/\/paymentdiscounter.com\/tr\/product\/newland-n7-cachalot-pro-ii\/","title":{"rendered":"Newland N7 Cachalot Pro II"},"content":{"rendered":"<div class=\"col-12 col-3@desktop\">\n<ul>\n<li><strong>Lojistik M\u00fckemmellik:<\/strong>\n<ul>\n<li>Lojistik ve depolama end\u00fcstrilerinde sa\u011flam muhafazas\u0131 ile geli\u015fir.<\/li>\n<li>Zorlu ortamlarda uzun \u00f6m\u00fcr i\u00e7in y\u00fcksek IP65 derecesi ve 1,8 m'ye kadar d\u00fc\u015fme testi.<\/li>\n<\/ul>\n<\/li>\n<li><strong>\u00c7ok Y\u00f6nl\u00fc Klavye Se\u00e7enekleri:<\/strong>\n<ul>\n<li>\u00d6zel uygulamalar i\u00e7in \u00fc\u00e7 klavye d\u00fczeninden (29, 38 ve 47 tu\u015f) birini se\u00e7in.<\/li>\n<li>Karanl\u0131k \u00e7al\u0131\u015fma ortamlar\u0131nda y\u00fcksek g\u00f6r\u00fcn\u00fcrl\u00fck i\u00e7in arkadan ayd\u0131nlatmal\u0131 konfig\u00fcrasyonlar.<\/li>\n<\/ul>\n<\/li>\n<li><strong>Duo Yak\u0131n ve Uzak Teknolojisi:<\/strong>\n<ul>\n<li>Hem yak\u0131n hem de uzun mesafelerde verimli tarama sa\u011flar.<\/li>\n<li>Envanter y\u00f6netimi ve paket takibinde h\u0131z\u0131 art\u0131ran iki ayr\u0131 cihaz ihtiyac\u0131n\u0131 ortadan kald\u0131r\u0131r.<\/li>\n<\/ul>\n<\/li>\n<\/ul>\n<p><strong>\u00d6nerilen Sekt\u00f6rler:<\/strong><\/p>\n<ul>\n<li>Depolama<\/li>\n<li>Lojistik<\/li>\n<li>\u00dcretim<\/li>\n<li>End\u00fcstriyel<\/li>\n<li>Ula\u015f\u0131m<\/li>\n<\/ul>\n<p><strong>Geli\u015fmi\u015f \u00d6zellikler:<\/strong><\/p>\n<ul>\n<li><strong>Business Class Dayan\u0131kl\u0131l\u0131k:<\/strong>\n<ul>\n<li>Tozlu ortamlara ve darbelere dayanacak \u015fekilde \u00fcretilmi\u015ftir.<\/li>\n<li>IP65 derecesi ve dayan\u0131kl\u0131l\u0131k i\u00e7in 1,8 m'ye kadar d\u00fc\u015fme testi.<\/li>\n<\/ul>\n<\/li>\n<li><strong>Megapiksel Barkod Tarama:<\/strong>\n<ul>\n<li>Yak\u0131n ve uzak mesafeler aras\u0131nda sorunsuz ge\u00e7i\u015f i\u00e7in Duo Near &amp; Far teknolojisi.<\/li>\n<li>Daha h\u0131zl\u0131 tarama ve geli\u015fmi\u015f \u00fcretkenlik.<\/li>\n<\/ul>\n<\/li>\n<li><strong>Sa\u011flam Dokunmatik Ekran:<\/strong>\n<ul>\n<li>Y\u00fcksek \u015feffafl\u0131k ve d\u00fc\u015f\u00fck yans\u0131tma \u00f6zelli\u011fine sahip 4\u201d HD ekran.<\/li>\n<li>Sa\u011flaml\u0131k ve hasara kar\u015f\u0131 dayan\u0131kl\u0131l\u0131k i\u00e7in Gorilla Glass 3.<\/li>\n<\/ul>\n<\/li>\n<li><strong>\u00c7al\u0131\u015f\u0131rken De\u011fi\u015ftirilebilir Pil ile T\u00fcm G\u00fcn Kullan\u0131m:<\/strong>\n<ul>\n<li>T\u00fcm g\u00fcn g\u00fcvenilir kullan\u0131m i\u00e7in 5100mAh \u00e7al\u0131\u015f\u0131rken de\u011fi\u015ftirilebilir pil.<\/li>\n<li>Tek k\u0131zak, verimli \u015farj i\u00e7in 3 adede kadar ek k\u0131za\u011fa ba\u011flan\u0131r.<\/li>\n<\/ul>\n<\/li>\n<li><strong>Android Enterprise Tavsiye Edilir:<\/strong>\n<ul>\n<li>Performans ve g\u00fcvenlik y\u00fckseltmeleri i\u00e7in Google'\u0131n AER onay m\u00fchr\u00fc.<\/li>\n<li>G\u00fcvenli g\u00f6r\u00fcn\u00fcrl\u00fck ve kontrol i\u00e7in Newland'nin \u00fccretsiz MDM Ndevor'u.<\/li>\n<\/ul>\n<\/li>\n<\/ul>\n<p>&nbsp;<\/p>\n<\/div>","protected":false},"excerpt":{"rendered":"<p>N7 Cachalot Pro II ile tan\u0131\u015f\u0131n. Newland Pro Serisinde dayan\u0131kl\u0131l\u0131k ve i\u015flevselli\u011fin zirvesi. Yo\u011fun depo ve lojistik uygulamalar\u0131 i\u00e7in \u00f6zel olarak tasarlanan bu mobil bilgisayar, i\u015flem h\u0131z\u0131, h\u0131zl\u0131 dola\u015f\u0131ml\u0131 kablosuz ba\u011flant\u0131lar\u0131, daha y\u00fcksek d\u00fc\u015fme ve IP dereceleri ve \u00fc\u00e7 \u00e7ok y\u00f6nl\u00fc klavye d\u00fczeni ile \u00f6ne \u00e7\u0131k\u0131yor.<\/p>","protected":false},"featured_media":23425,"comment_status":"open","ping_status":"closed","template":"","meta":[],"product_cat":[3221],"product_tag":[1875,715,3223,1693,3222,1436],"acf":[],"_links":{"self":[{"href":"https:\/\/paymentdiscounter.com\/tr\/wp-json\/wp\/v2\/product\/23424"}],"collection":[{"href":"https:\/\/paymentdiscounter.com\/tr\/wp-json\/wp\/v2\/product"}],"about":[{"href":"https:\/\/paymentdiscounter.com\/tr\/wp-json\/wp\/v2\/types\/product"}],"replies":[{"embeddable":true,"href":"https:\/\/paymentdiscounter.com\/tr\/wp-json\/wp\/v2\/comments?post=23424"}],"version-history":[{"count":1,"href":"https:\/\/paymentdiscounter.com\/tr\/wp-json\/wp\/v2\/product\/23424\/revisions"}],"predecessor-version":[{"id":23430,"href":"https:\/\/paymentdiscounter.com\/tr\/wp-json\/wp\/v2\/product\/23424\/revisions\/23430"}],"wp:featuredmedia":[{"embeddable":true,"href":"https:\/\/paymentdiscounter.com\/tr\/wp-json\/wp\/v2\/media\/23425"}],"wp:attachment":[{"href":"https:\/\/paymentdiscounter.com\/tr\/wp-json\/wp\/v2\/media?parent=23424"}],"wp:term":[{"taxonomy":"product_cat","embeddable":true,"href":"https:\/\/paymentdiscounter.com\/tr\/wp-json\/wp\/v2\/product_cat?post=23424"},{"taxonomy":"product_tag","embeddable":true,"href":"https:\/\/paymentdiscounter.com\/tr\/wp-json\/wp\/v2\/product_tag?post=23424"}],"curies":[{"name":"wp","href":"https:\/\/api.w.org\/{rel}","templated":true}]}}