{"id":23417,"date":"2023-11-30T22:42:58","date_gmt":"2023-11-30T22:42:58","guid":{"rendered":"https:\/\/paymentdiscounter.com\/?post_type=product&#038;p=23417"},"modified":"2023-11-30T23:14:50","modified_gmt":"2023-11-30T23:14:50","slug":"newland-nft10-pi%cc%87lot-pro","status":"publish","type":"product","link":"https:\/\/paymentdiscounter.com\/tr\/product\/newland-nft10-pi%cc%87lot-pro\/","title":{"rendered":"Newland NFT10 Pilot Pro"},"content":{"rendered":"<p><strong><em>Ak\u0131ll\u0131 \u0130\u015fletme, Ak\u0131ll\u0131 Cihaz<\/em><\/strong><br \/>\nNFT10 Pilot Pro, zahmetsiz veri yakalama i\u00e7in sol ve sa\u011f tarama se\u00e7enekleri sunan ultra ince bir megapiksel barkod taray\u0131c\u0131 sunar. Tasar\u0131m\u0131, \u00fcst d\u00fczey t\u00fcketici telefonlar\u0131n\u0131 yans\u0131tarak onu i\u015fletmeler i\u00e7in \u00e7ok y\u00f6nl\u00fc bir ara\u00e7 haline getiriyor. Ndevor MDM \u00e7\u00f6z\u00fcmleri ile birlikte Newland'nin standart ve uzat\u0131lm\u0131\u015f garanti se\u00e7enekleri ile desteklenen bu \u00fcr\u00fcn, her \u00f6l\u00e7ekteki i\u015fletme i\u00e7in stil, i\u015flevsellik ve sa\u011flam deste\u011fi garanti eder.<\/p>\n<p><strong><em>Ba\u015far\u0131 i\u00e7in Uyarlanm\u0131\u015f Sekt\u00f6rler<\/em><\/strong><br \/>\nBu ak\u0131ll\u0131 mobil bilgisayar, a\u015fa\u011f\u0131dakiler de dahil olmak \u00fczere \u00e7e\u015fitli end\u00fcstriler i\u00e7in \u00f6zel olarak \u00fcretilmi\u015ftir:<\/p>\n<ul>\n<li>Perakende<\/li>\n<li>Lojistik<\/li>\n<li>Misafirperverlik<\/li>\n<li>Etkinlikler<\/li>\n<li>Sa\u011fl\u0131k Hizmetleri<\/li>\n<\/ul>\n<p><strong><em>Olas\u0131l\u0131klar\u0131 Yakalamak<\/em><\/strong><br \/>\nBir dizi veri yakalama se\u00e7ene\u011fiyle donat\u0131lan NFT10 Pilot Pro, \u00e7ok y\u00f6nl\u00fcl\u00fc\u011f\u00fc ile \u00f6ne \u00e7\u0131kmaktad\u0131r:<\/p>\n<ul>\n<li>Mega Piksel 1D\/2D barkod tarama<\/li>\n<li>NFC RFID okuma<\/li>\n<li>Parmak izi tan\u0131ma<\/li>\n<li>GPS\/Beidou\/GLONASS<\/li>\n<\/ul>\n<p><strong><em>\u015e\u0131k Bir \u015eekilde Ba\u011flant\u0131da Kalmak<\/em><\/strong><br \/>\nBa\u011flanabilirli\u011fi sa\u011flamak asla bir engel de\u011fildir. NFT10 Pilot Pro \u00f6zellikleri:<\/p>\n<ul>\n<li>\u00c7ift bant 802.11 a\/b\/g\/n\/ac WiFi<\/li>\n<li>4G\/3G\/2G deste\u011fi<\/li>\n<li>Esnek sa\u011flay\u0131c\u0131 se\u00e7enekleri i\u00e7in \u00e7ift SIM se\u00e7ene\u011fi<\/li>\n<\/ul>\n<p><strong><em>G\u00fc\u00e7 ve Performans<\/em><\/strong><br \/>\nSezgisel, h\u0131zl\u0131 ve \u00f6zel mobil bilgisayar deneyimi sa\u011flayan 2.0GHz sekiz \u00e7ekirdekli i\u015flemci ile birle\u015ftirilmi\u015f Android 11 i\u015fletim sisteminin g\u00fcc\u00fcn\u00fc deneyimleyin.<\/p>\n<p><strong><em>Dayan\u0131kl\u0131l\u0131k Yeniden Tan\u0131mland\u0131<\/em><\/strong><br \/>\n4800mAh batarya ve d\u00fc\u015f\u00fck g\u00fc\u00e7l\u00fc tasar\u0131m, kullan\u0131m s\u00fcresini \u00f6nemli \u00f6l\u00e7\u00fcde uzat\u0131yor. Cihaz\u0131n verimlili\u011fi, vardiya ortas\u0131nda pil de\u011fi\u015ftirme ihtiyac\u0131n\u0131 ortadan kald\u0131r\u0131yor ve Type-C ba\u011flant\u0131 noktas\u0131 h\u0131zl\u0131 \u015farj\u0131 destekliyor.<\/p>\n<p><strong><em>Android Kurumsal M\u00fckemmellik<\/em><\/strong><br \/>\nAndroid Enterprise taraf\u0131ndan onaylanan ilk Newland \u00fcnitesi olan NFT10 Pilot Pro, y\u00fcksek bir kullan\u0131c\u0131 deneyimi sunan GMS hizmetleriyle uyumluluk sa\u011flar.<\/p>\n<p><strong><em>Sa\u011flam G\u00fcvenilirlik<\/em><\/strong><br \/>\nEn zorlu ko\u015fullara dayanacak \u015fekilde tasarlanan NFT10 Pilot Pro'nun sa\u011flam muhafazas\u0131 IP67 standartlar\u0131na uygun olup toz ve suya kar\u015f\u0131 koruma sa\u011flar. Beton \u00fczerine 1,5 m'ye kadar d\u00fc\u015fmelere dayanacak \u015fekilde tasarlanm\u0131\u015ft\u0131r.<\/p>\n<p><strong><em>Biyometrik Parlakl\u0131k<\/em><\/strong><br \/>\nGeli\u015fmi\u015f g\u00fcvenlik \u00f6nlemlerini entegre eden pda terminali, h\u0131zl\u0131 ve g\u00fcvenli giri\u015fler i\u00e7in parmak izi biyometrisine sahiptir. Arka tarafa rahat\u00e7a yerle\u015ftirilen kilit a\u00e7ma i\u015flemi, \u00f6n ekrana dokunma ihtiyac\u0131n\u0131 ortadan kald\u0131rarak tek elle kolayca yap\u0131labilir.<\/p>\n<p>NFT10 Pilot Pro Mobil Bilgisayar 5,7\u2033 Dokunmatik Ekran (Siyah), Lazer Aimer, BT, WiFi (\u00e7ift bant), 4G, GPS ve kamera ile 2D CMOS G\u00f6r\u00fcnt\u00fcleyici. Bilek kay\u0131\u015f\u0131, USB kablosu ve \u00e7oklu fi\u015f adapt\u00f6r\u00fc dahildir. \u0130\u015eLETIM SISTEMI: Android 11 GMS.<\/p>","protected":false},"excerpt":{"rendered":"<p>Newland NFT10 Pilot Pro ile yeni bir mobil bilgisayar \u00e7a\u011f\u0131na ad\u0131m at\u0131n. Android destekli bu cihaz, bir PDA'n\u0131n sa\u011flam i\u015flevselli\u011fini \u00e7a\u011fda\u015f bir ak\u0131ll\u0131 telefonun zarafetiyle kusursuz bir \u015fekilde harmanlamak i\u00e7in stratejik olarak tasarlanm\u0131\u015ft\u0131r. Geni\u015f 5,7\u201d dokunmatik ekrana sahip bu el terminali, mevcut en b\u00fcy\u00fck ve en dayan\u0131kl\u0131 ekranlardan biri olarak \u00f6ne \u00e7\u0131kmaktad\u0131r. \u00d6zel ihtiya\u00e7lar i\u00e7in beyaz bir sa\u011fl\u0131k hizmeti versiyonu da sunulmaktad\u0131r.<\/p>","protected":false},"featured_media":23418,"comment_status":"open","ping_status":"closed","template":"","meta":[],"product_cat":[3216],"product_tag":[1875,715,1693,3219,3217,3218,1436,1832],"acf":[],"_links":{"self":[{"href":"https:\/\/paymentdiscounter.com\/tr\/wp-json\/wp\/v2\/product\/23417"}],"collection":[{"href":"https:\/\/paymentdiscounter.com\/tr\/wp-json\/wp\/v2\/product"}],"about":[{"href":"https:\/\/paymentdiscounter.com\/tr\/wp-json\/wp\/v2\/types\/product"}],"replies":[{"embeddable":true,"href":"https:\/\/paymentdiscounter.com\/tr\/wp-json\/wp\/v2\/comments?post=23417"}],"version-history":[{"count":2,"href":"https:\/\/paymentdiscounter.com\/tr\/wp-json\/wp\/v2\/product\/23417\/revisions"}],"predecessor-version":[{"id":23423,"href":"https:\/\/paymentdiscounter.com\/tr\/wp-json\/wp\/v2\/product\/23417\/revisions\/23423"}],"wp:featuredmedia":[{"embeddable":true,"href":"https:\/\/paymentdiscounter.com\/tr\/wp-json\/wp\/v2\/media\/23418"}],"wp:attachment":[{"href":"https:\/\/paymentdiscounter.com\/tr\/wp-json\/wp\/v2\/media?parent=23417"}],"wp:term":[{"taxonomy":"product_cat","embeddable":true,"href":"https:\/\/paymentdiscounter.com\/tr\/wp-json\/wp\/v2\/product_cat?post=23417"},{"taxonomy":"product_tag","embeddable":true,"href":"https:\/\/paymentdiscounter.com\/tr\/wp-json\/wp\/v2\/product_tag?post=23417"}],"curies":[{"name":"wp","href":"https:\/\/api.w.org\/{rel}","templated":true}]}}