{"id":23411,"date":"2023-11-30T22:05:30","date_gmt":"2023-11-30T22:05:30","guid":{"rendered":"https:\/\/paymentdiscounter.com\/?post_type=product&#038;p=23411"},"modified":"2023-11-30T22:34:58","modified_gmt":"2023-11-30T22:34:58","slug":"newland-mt9055-orca-iii","status":"publish","type":"product","link":"https:\/\/paymentdiscounter.com\/tr\/product\/newland-mt9055-orca-iii\/","title":{"rendered":"Newland MT9055 Orca III"},"content":{"rendered":"<p><strong>Kullan\u0131m Kolayl\u0131\u011f\u0131 ve Dayan\u0131kl\u0131l\u0131k:<\/strong> MT90 Orca III kutudan \u00e7\u0131kar \u00e7\u0131kmaz zahmetsiz kullan\u0131m i\u00e7in tasarlanm\u0131\u015ft\u0131r. G\u00fcnl\u00fck d\u00fc\u015fmelere ve darbelere dayanabilen sa\u011flam yap\u0131s\u0131yla ergonomiden \u00f6d\u00fcn vermeden dayan\u0131kl\u0131l\u0131\u011fa \u00f6ncelik verir. Standart bir kau\u00e7uk bagaj\u0131n dahil edilmesi, 1,5 m'ye kadar d\u00fc\u015fme testlerini ge\u00e7mesini sa\u011flar. Yaln\u0131zca 270 g a\u011f\u0131rl\u0131\u011f\u0131ndaki bu el terminali, g\u00fcn boyu ta\u015f\u0131nabilirlik i\u00e7in hafifli\u011fini korur. El kay\u0131\u015f\u0131, bilek kordonu veya iste\u011fe ba\u011fl\u0131 k\u0131l\u0131f gibi ek \u00f6zellikler, \u00e7e\u015fitli etkinlikler s\u0131ras\u0131nda rahatl\u0131\u011f\u0131n\u0131 art\u0131r\u0131r.<\/p>\n<p><strong>\u00d6zellikler:<\/strong><\/p>\n<ul>\n<li>5\u201d kapasitif dokunmatik ekrana sahip tam dokunmatik mobil bilgisayar.<\/li>\n<li>Tan\u0131d\u0131k bir kullan\u0131c\u0131 aray\u00fcz\u00fc ve kolay kurulum i\u00e7in Android i\u015fletim sistemi.<\/li>\n<li>H\u0131zl\u0131 ve verimli i\u015flemler i\u00e7in megapiksel barkod tarama.<\/li>\n<li>Yedek pil kullan\u0131m se\u00e7ene\u011fi ile t\u00fcm g\u00fcn kullan\u0131m i\u00e7in de\u011fi\u015ftirilebilir 3,8V 4500 mAh pil.<\/li>\n<li>IP65 derecesi ve 1,5 m'ye kadar d\u00fc\u015fme testleriyle (lastik bagajla 1,8 m) birinci s\u0131n\u0131f dayan\u0131kl\u0131l\u0131k.<\/li>\n<li>Gmail, Google Maps ve Google Play Store gibi uygulamalara eri\u015fim i\u00e7in Google Mobile Services (GMS) entegrasyonu.<\/li>\n<\/ul>\n<p><strong>Verimli Barkod Tarama:<\/strong> MT90 Orca III'\u00fcn megapiksel tarama motoru stratejik olarak cihaz\u0131n \u00fcst k\u0131sm\u0131na yerle\u015ftirilmi\u015ftir ve h\u0131zl\u0131 ve hassas barkod taramas\u0131n\u0131 kolayla\u015ft\u0131r\u0131r. Kullan\u0131c\u0131lar, ekrandaki sanal bir d\u00fc\u011fmeyi veya cihaz\u0131n yan taraf\u0131ndaki fiziksel bir d\u00fc\u011fmeyi kullanarak taray\u0131c\u0131y\u0131 tetikleyebilir.<\/p>\n<p><strong>T\u00fcm G\u00fcn G\u00fcvenilirlik:<\/strong> G\u00fc\u00e7l\u00fc 3.8V 4500 mAh pil ile MT90 Orca III g\u00fcn boyunca g\u00fcvenilir performans sa\u011flar. De\u011fi\u015ftirilebilir pilin sa\u011flad\u0131\u011f\u0131 ek avantaj, kullan\u0131c\u0131lar\u0131n gerekti\u011finde sorunsuz bir \u015fekilde yedek bir pile ge\u00e7mesine olanak tan\u0131r.<\/p>\n<p><strong>Zorlu Ortamlar i\u00e7in \u00dcretilmi\u015ftir:<\/strong> Cihaz, toza kar\u015f\u0131 dayan\u0131kl\u0131 olmas\u0131 ve ka\u00e7\u0131n\u0131lmaz darbelere ve d\u00fc\u015fmelere dayanmas\u0131 i\u00e7in IP65 derecesine sahip zorlu ko\u015fullara dayanacak \u015fekilde tasarlanm\u0131\u015ft\u0131r. Sa\u011flam tasar\u0131m\u0131 ve 1,5 m'ye (veya lastik k\u0131l\u0131fla 1,8 m'ye) kadar d\u00fc\u015fme testleri, uzun s\u00fcreli ve g\u00fcvenilir kullan\u0131m\u0131 garanti eder.<\/p>\n<p><strong>Kapsaml\u0131 Aksesuar Paketi:<\/strong> MT90 Orca III paketinde, tek yuval\u0131 \u015farj ve ileti\u015fim (USB) yuvas\u0131, lastik \u00e7izme, el kay\u0131\u015f\u0131 ve bilek kordonu gibi operasyonel ihtiya\u00e7lara g\u00f6re uyarlanm\u0131\u015f \u00e7e\u015fitli aksesuarlar bulunmaktad\u0131r. Tabanca kabzas\u0131, UHF tabanca kabzas\u0131, uzun menzilli tabanca kabzas\u0131 ve k\u0131l\u0131flar gibi iste\u011fe ba\u011fl\u0131 aksesuarlar, \u00f6zel operasyonel gereksinimlere uyacak \u00e7ok y\u00f6nl\u00fcl\u00fck sunar.<\/p>\n<p>MT9055 Orca IlI Mobil Bilgisayar 4GB\/64GB, 5\u201d Dokunmatik Ekran, Lazer Aimer (CM6x) ile 2D CMOS Mega Piksel g\u00f6r\u00fcnt\u00fcleyici, BT, WiFi, 4G, GPS, NFC, Kamera. \u0130\u015eLETIM SISTEMI Android 11 GMS<br \/>\nUSB kablosu, pil, lastik \u00e7izme ve \u00e7oklu fi\u015f adapt\u00f6r\u00fc dahildir<\/p>","protected":false},"excerpt":{"rendered":"<p>MT90 Orca III Mobil Bilgisayar, tam dokunmatik ekran ve barkod taray\u0131c\u0131y\u0131 sorunsuz bir \u015fekilde entegre eden ideal bir form fakt\u00f6r\u00fc ile titizlikle \u00fcretilmi\u015ftir. T\u00fcketici tarz\u0131 bir tasar\u0131ma sahip olan ve Android i\u015fletim sistemi taraf\u0131ndan desteklenen bu cihaz, ki\u015fisel bir cep telefonunu kullanmaya benzer bir kullan\u0131c\u0131 deneyimi sunar.<\/p>","protected":false},"featured_media":23412,"comment_status":"open","ping_status":"closed","template":"","meta":[],"product_cat":[3202,3211],"product_tag":[3214,3213,1693,3212],"acf":[],"_links":{"self":[{"href":"https:\/\/paymentdiscounter.com\/tr\/wp-json\/wp\/v2\/product\/23411"}],"collection":[{"href":"https:\/\/paymentdiscounter.com\/tr\/wp-json\/wp\/v2\/product"}],"about":[{"href":"https:\/\/paymentdiscounter.com\/tr\/wp-json\/wp\/v2\/types\/product"}],"replies":[{"embeddable":true,"href":"https:\/\/paymentdiscounter.com\/tr\/wp-json\/wp\/v2\/comments?post=23411"}],"version-history":[{"count":1,"href":"https:\/\/paymentdiscounter.com\/tr\/wp-json\/wp\/v2\/product\/23411\/revisions"}],"predecessor-version":[{"id":23416,"href":"https:\/\/paymentdiscounter.com\/tr\/wp-json\/wp\/v2\/product\/23411\/revisions\/23416"}],"wp:featuredmedia":[{"embeddable":true,"href":"https:\/\/paymentdiscounter.com\/tr\/wp-json\/wp\/v2\/media\/23412"}],"wp:attachment":[{"href":"https:\/\/paymentdiscounter.com\/tr\/wp-json\/wp\/v2\/media?parent=23411"}],"wp:term":[{"taxonomy":"product_cat","embeddable":true,"href":"https:\/\/paymentdiscounter.com\/tr\/wp-json\/wp\/v2\/product_cat?post=23411"},{"taxonomy":"product_tag","embeddable":true,"href":"https:\/\/paymentdiscounter.com\/tr\/wp-json\/wp\/v2\/product_tag?post=23411"}],"curies":[{"name":"wp","href":"https:\/\/api.w.org\/{rel}","templated":true}]}}